{"id":291271,"date":"2025-07-24T10:16:55","date_gmt":"2025-07-24T07:16:55","guid":{"rendered":"https:\/\/vbd.dev.sumena.ee\/?post_type=product&#038;p=291271"},"modified":"2026-02-03T15:29:31","modified_gmt":"2026-02-03T12:29:31","slug":"klorella-pulber-200g","status":"publish","type":"product","link":"https:\/\/vbd.dev.sumena.ee\/en\/product-2\/klorella-pulber-200g\/","title":{"rendered":"Klorella pulber 200g"},"content":{"rendered":"<p>Klorella on ainurakne magevee vetikas. mis on tuntud oma rikkaliku klorof\u00fclli sisalduse poolest. Arvatakse, et ta sisaldab rohkem klorof\u00fclli kui \u00fckski teine taim. Tema klorof\u00fcllirikkus, mineraalainete, vitamiinide, rasvahapete ja aminohapete sisaldus soodustab organismi puhastumist ja kaalulangetamist, toetab immuuns\u00fcsteemi ning klorof\u00fcll ja rasvhapped on tuntud ka p\u00f5letikuvastase toime poolest.<\/p>","protected":false},"excerpt":{"rendered":"<p>Parim enne: 13.08.2025<\/p>","protected":false},"featured_media":291273,"comment_status":"open","ping_status":"closed","template":"","meta":{"_acf_changed":false},"product_brand":[],"product_cat":[160,104],"product_tag":[],"class_list":{"0":"post-291271","1":"product","2":"type-product","3":"status-publish","4":"has-post-thumbnail","6":"product_cat-tervisekaubad","7":"product_cat-enesehooldus","9":"first","10":"instock","11":"sale","12":"taxable","13":"shipping-taxable","14":"purchasable","15":"product-type-simple"},"supplier_id":null,"supplier_sku":"","barcode":null,"atum_controlled":true,"out_stock_date":null,"out_stock_threshold":null,"inheritable":false,"inbound_stock":0,"stock_on_hold":0,"sold_today":0,"sales_last_days":7,"reserved_stock":0,"customer_returns":0,"warehouse_damage":0,"lost_in_post":0,"other_logs":0,"out_stock_days":0,"lost_sales":0,"has_location":false,"update_date":"2026-02-04T10:10:50","atum_locations":[],"atum_stock_status":"instock","restock_status":false,"low_stock_amount":"","sales_update_date":"2026-02-04T10:10:42","calc_backorders":null,"acf":[],"_links":{"self":[{"href":"https:\/\/vbd.dev.sumena.ee\/en\/wp-json\/wp\/v2\/product\/291271","targetHints":{"allow":["GET"]}}],"collection":[{"href":"https:\/\/vbd.dev.sumena.ee\/en\/wp-json\/wp\/v2\/product"}],"about":[{"href":"https:\/\/vbd.dev.sumena.ee\/en\/wp-json\/wp\/v2\/types\/product"}],"replies":[{"embeddable":true,"href":"https:\/\/vbd.dev.sumena.ee\/en\/wp-json\/wp\/v2\/comments?post=291271"}],"wp:featuredmedia":[{"embeddable":true,"href":"https:\/\/vbd.dev.sumena.ee\/en\/wp-json\/wp\/v2\/media\/291273"}],"wp:attachment":[{"href":"https:\/\/vbd.dev.sumena.ee\/en\/wp-json\/wp\/v2\/media?parent=291271"}],"wp:term":[{"taxonomy":"product_brand","embeddable":true,"href":"https:\/\/vbd.dev.sumena.ee\/en\/wp-json\/wp\/v2\/product_brand?post=291271"},{"taxonomy":"product_cat","embeddable":true,"href":"https:\/\/vbd.dev.sumena.ee\/en\/wp-json\/wp\/v2\/product_cat?post=291271"},{"taxonomy":"product_tag","embeddable":true,"href":"https:\/\/vbd.dev.sumena.ee\/en\/wp-json\/wp\/v2\/product_tag?post=291271"}],"curies":[{"name":"wp","href":"https:\/\/api.w.org\/{rel}","templated":true}]}}