{"id":290064,"date":"2025-07-21T11:06:38","date_gmt":"2025-07-21T08:06:38","guid":{"rendered":"https:\/\/vbd.dev.sumena.ee\/?post_type=product&#038;p=290064"},"modified":"2026-01-31T16:47:22","modified_gmt":"2026-01-31T13:47:22","slug":"lusikad-kasepuidust-smile-20-tk","status":"publish","type":"product","link":"https:\/\/vbd.dev.sumena.ee\/en\/product-2\/lusikad-kasepuidust-smile-20-tk\/","title":{"rendered":"Lusikad kasepuidust, SMILE, 20 tk"},"content":{"rendered":"<p>Puidust lusikad on valmistatud 100% katmata kasepuidust, toode on looduss\u00f5bralik \u2013 see on biolagunev ja kompostiv. Tugevad lusikad on naturaalselt siledad ja vastupidavad vedelikele ning ei sisalda v\u00e4rvained ega kemikaale. Toodete valmistamisel on kasutatud hoolikalt valitud puitu ja kahvlid, noad ning lusikad on pakitud Kraft pakenditesse, mida on mugav piknikule kaasa v\u00f5tta. P\u00e4rast toodete kasutamist v\u00f5id need l\u00f5kkes p\u00f5letada v\u00f5i kompostida.<\/p>","protected":false},"excerpt":{"rendered":"<p>Parim enne: 01.01.2026 Hulgipakend: 30<\/p>","protected":false},"featured_media":290065,"comment_status":"open","ping_status":"closed","template":"","meta":{"_acf_changed":false},"product_brand":[],"product_cat":[186,88],"product_tag":[],"class_list":{"0":"post-290064","1":"product","2":"type-product","3":"status-publish","4":"has-post-thumbnail","6":"product_cat-kodukaubad","7":"product_cat-tarbekaubad-tooted","9":"first","10":"instock","11":"sale","12":"taxable","13":"shipping-taxable","14":"purchasable","15":"product-type-simple"},"supplier_id":null,"supplier_sku":"","barcode":null,"atum_controlled":true,"out_stock_date":null,"out_stock_threshold":null,"inheritable":false,"inbound_stock":0,"stock_on_hold":0,"sold_today":0,"sales_last_days":13,"reserved_stock":0,"customer_returns":0,"warehouse_damage":0,"lost_in_post":0,"other_logs":0,"out_stock_days":0,"lost_sales":0,"has_location":false,"update_date":"2026-02-02T07:05:58","atum_locations":[],"atum_stock_status":"instock","restock_status":false,"low_stock_amount":"","sales_update_date":"2026-02-02T07:05:45","calc_backorders":null,"acf":[],"_links":{"self":[{"href":"https:\/\/vbd.dev.sumena.ee\/en\/wp-json\/wp\/v2\/product\/290064","targetHints":{"allow":["GET"]}}],"collection":[{"href":"https:\/\/vbd.dev.sumena.ee\/en\/wp-json\/wp\/v2\/product"}],"about":[{"href":"https:\/\/vbd.dev.sumena.ee\/en\/wp-json\/wp\/v2\/types\/product"}],"replies":[{"embeddable":true,"href":"https:\/\/vbd.dev.sumena.ee\/en\/wp-json\/wp\/v2\/comments?post=290064"}],"wp:featuredmedia":[{"embeddable":true,"href":"https:\/\/vbd.dev.sumena.ee\/en\/wp-json\/wp\/v2\/media\/290065"}],"wp:attachment":[{"href":"https:\/\/vbd.dev.sumena.ee\/en\/wp-json\/wp\/v2\/media?parent=290064"}],"wp:term":[{"taxonomy":"product_brand","embeddable":true,"href":"https:\/\/vbd.dev.sumena.ee\/en\/wp-json\/wp\/v2\/product_brand?post=290064"},{"taxonomy":"product_cat","embeddable":true,"href":"https:\/\/vbd.dev.sumena.ee\/en\/wp-json\/wp\/v2\/product_cat?post=290064"},{"taxonomy":"product_tag","embeddable":true,"href":"https:\/\/vbd.dev.sumena.ee\/en\/wp-json\/wp\/v2\/product_tag?post=290064"}],"curies":[{"name":"wp","href":"https:\/\/api.w.org\/{rel}","templated":true}]}}