{"id":287075,"date":"2025-07-13T14:28:44","date_gmt":"2025-07-13T11:28:44","guid":{"rendered":"https:\/\/vbd.dev.sumena.ee\/?post_type=product&#038;p=287075"},"modified":"2026-02-10T20:43:08","modified_gmt":"2026-02-10T17:43:08","slug":"pesupulber-color-40pk-areil-24-kg","status":"publish","type":"product","link":"https:\/\/vbd.dev.sumena.ee\/en\/product-2\/pesupulber-color-40pk-areil-24-kg\/","title":{"rendered":"Pesupulber Color+ 40pk, ARIEL, 2,4 kg"},"content":{"rendered":"<div class=\"text\">Whirlpooli, Electroluxi, Candy ja Beko soovitatav kaubam\u00e4rk Ariel esitleb Ariel Colori kiirelt lahustuvat pesupulbrit-pesupesemisvahendit. Arieli pesupulber tagab suurema v\u00e4rskuse ja t\u00f5husa plekieemalduse isegi k\u00fclmas vees ja l\u00fchikese pesuts\u00fckli korral. T\u00e4nu ainulaadsele kiire lahustumise tehnoloogiale lahustub see veega kokkupuutel kiiresti, aktiveerub kohe ja tungib s\u00fcgavale kiududesse isegi k\u00fclma veega pesuts\u00fcklite korral. K\u00fclma veega pesuts\u00fcklid aitavad kaitsta teie kangaid kauem kui sooja veega pesuts\u00fcklid.<\/div>","protected":false},"excerpt":{"rendered":"<p>Parim enne: 20.02.2026 Hulgipakend: 4<\/p>","protected":false},"featured_media":287076,"comment_status":"open","ping_status":"closed","template":"","meta":{"_acf_changed":false},"product_brand":[],"product_cat":[185,88],"product_tag":[],"class_list":{"0":"post-287075","1":"product","2":"type-product","3":"status-publish","4":"has-post-thumbnail","6":"product_cat-puhastus-ja-koristusvahendid","7":"product_cat-tarbekaubad-tooted","9":"first","10":"instock","11":"sale","12":"taxable","13":"shipping-taxable","14":"purchasable","15":"product-type-simple"},"supplier_id":null,"supplier_sku":"","barcode":null,"atum_controlled":true,"out_stock_date":null,"out_stock_threshold":null,"inheritable":false,"inbound_stock":0,"stock_on_hold":1,"sold_today":0,"sales_last_days":6,"reserved_stock":0,"customer_returns":0,"warehouse_damage":0,"lost_in_post":0,"other_logs":0,"out_stock_days":0,"lost_sales":0,"has_location":false,"update_date":"2026-02-12T11:01:22","atum_locations":[],"atum_stock_status":"instock","restock_status":true,"low_stock_amount":"","sales_update_date":"2026-02-12T11:01:14","calc_backorders":null,"acf":[],"_links":{"self":[{"href":"https:\/\/vbd.dev.sumena.ee\/en\/wp-json\/wp\/v2\/product\/287075","targetHints":{"allow":["GET"]}}],"collection":[{"href":"https:\/\/vbd.dev.sumena.ee\/en\/wp-json\/wp\/v2\/product"}],"about":[{"href":"https:\/\/vbd.dev.sumena.ee\/en\/wp-json\/wp\/v2\/types\/product"}],"replies":[{"embeddable":true,"href":"https:\/\/vbd.dev.sumena.ee\/en\/wp-json\/wp\/v2\/comments?post=287075"}],"wp:featuredmedia":[{"embeddable":true,"href":"https:\/\/vbd.dev.sumena.ee\/en\/wp-json\/wp\/v2\/media\/287076"}],"wp:attachment":[{"href":"https:\/\/vbd.dev.sumena.ee\/en\/wp-json\/wp\/v2\/media?parent=287075"}],"wp:term":[{"taxonomy":"product_brand","embeddable":true,"href":"https:\/\/vbd.dev.sumena.ee\/en\/wp-json\/wp\/v2\/product_brand?post=287075"},{"taxonomy":"product_cat","embeddable":true,"href":"https:\/\/vbd.dev.sumena.ee\/en\/wp-json\/wp\/v2\/product_cat?post=287075"},{"taxonomy":"product_tag","embeddable":true,"href":"https:\/\/vbd.dev.sumena.ee\/en\/wp-json\/wp\/v2\/product_tag?post=287075"}],"curies":[{"name":"wp","href":"https:\/\/api.w.org\/{rel}","templated":true}]}}