{"id":287059,"date":"2025-11-20T08:23:21","date_gmt":"2025-11-20T05:23:21","guid":{"rendered":"https:\/\/vbd.dev.sumena.ee\/?post_type=product&#038;p=287059"},"modified":"2026-02-12T10:42:02","modified_gmt":"2026-02-12T07:42:02","slug":"kreem-universaalne-nivea-150-ml","status":"publish","type":"product","link":"https:\/\/vbd.dev.sumena.ee\/en\/product-2\/kreem-universaalne-nivea-150-ml\/","title":{"rendered":"Kreem universaalne, NIVEA, 150 ml"},"content":{"rendered":"<p>NIVEA Kreem<br \/>\n\u2022 Vaieldamatult parim niisutav kreem igale nahat\u00fc\u00fcbile, kasutamiseks nii lastele kui t\u00e4iskasvanutele.<br \/>\n\u2022 Olenemata aastaajast NIVEA Kreem kannab hoolt, et sinu nahk oleks alati puhas, v\u00e4rske ja sile.<br \/>\n\u2022 NIVEA Kreem sisaldab nahaga seonduvat, unikaalset niisutavat koostisosa.<br \/>\n\u2022 Sobivus nahaga dermatoloogiliselt testitud.<\/p>","protected":false},"excerpt":{"rendered":"<p>NIVEA Kreem \u2022 Vaieldamatult parim niisutav kreem igale nahat\u00fc\u00fcbile, kasutamiseks nii lastele kui t\u00e4iskasvanutele. \u2022 Olenemata aastaajast NIVEA Kreem kannab hoolt, et sinu nahk oleks alati puhas, v\u00e4rske ja sile. \u2022 NIVEA Kreem sisaldab nahaga seonduvat, unikaalset niisutavat koostisosa. \u2022 Sobivus nahaga dermatoloogiliselt testitud.<\/p>","protected":false},"featured_media":287061,"comment_status":"open","ping_status":"closed","template":"","meta":{"_acf_changed":false},"product_brand":[],"product_cat":[158,104],"product_tag":[],"class_list":{"0":"post-287059","1":"product","2":"type-product","3":"status-publish","4":"has-post-thumbnail","6":"product_cat-kehahooldus","7":"product_cat-enesehooldus","9":"first","10":"instock","11":"sale","12":"taxable","13":"shipping-taxable","14":"purchasable","15":"product-type-simple"},"supplier_id":null,"supplier_sku":"","barcode":null,"atum_controlled":true,"out_stock_date":null,"out_stock_threshold":null,"inheritable":false,"inbound_stock":0,"stock_on_hold":3,"sold_today":1,"sales_last_days":40,"reserved_stock":0,"customer_returns":0,"warehouse_damage":0,"lost_in_post":0,"other_logs":0,"out_stock_days":0,"lost_sales":0,"has_location":false,"update_date":"2026-02-12T15:04:04","atum_locations":[],"atum_stock_status":"instock","restock_status":false,"low_stock_amount":"","sales_update_date":"2026-02-12T15:03:54","calc_backorders":null,"acf":[],"_links":{"self":[{"href":"https:\/\/vbd.dev.sumena.ee\/en\/wp-json\/wp\/v2\/product\/287059","targetHints":{"allow":["GET"]}}],"collection":[{"href":"https:\/\/vbd.dev.sumena.ee\/en\/wp-json\/wp\/v2\/product"}],"about":[{"href":"https:\/\/vbd.dev.sumena.ee\/en\/wp-json\/wp\/v2\/types\/product"}],"replies":[{"embeddable":true,"href":"https:\/\/vbd.dev.sumena.ee\/en\/wp-json\/wp\/v2\/comments?post=287059"}],"wp:featuredmedia":[{"embeddable":true,"href":"https:\/\/vbd.dev.sumena.ee\/en\/wp-json\/wp\/v2\/media\/287061"}],"wp:attachment":[{"href":"https:\/\/vbd.dev.sumena.ee\/en\/wp-json\/wp\/v2\/media?parent=287059"}],"wp:term":[{"taxonomy":"product_brand","embeddable":true,"href":"https:\/\/vbd.dev.sumena.ee\/en\/wp-json\/wp\/v2\/product_brand?post=287059"},{"taxonomy":"product_cat","embeddable":true,"href":"https:\/\/vbd.dev.sumena.ee\/en\/wp-json\/wp\/v2\/product_cat?post=287059"},{"taxonomy":"product_tag","embeddable":true,"href":"https:\/\/vbd.dev.sumena.ee\/en\/wp-json\/wp\/v2\/product_tag?post=287059"}],"curies":[{"name":"wp","href":"https:\/\/api.w.org\/{rel}","templated":true}]}}