{"id":285845,"date":"2025-07-09T22:15:38","date_gmt":"2025-07-09T19:15:38","guid":{"rendered":"https:\/\/vbd.dev.sumena.ee\/?post_type=product&#038;p=285845"},"modified":"2026-02-11T23:48:43","modified_gmt":"2026-02-11T20:48:43","slug":"mehhiko-salat-atlandi-lohega-kaija-220g","status":"publish","type":"product","link":"https:\/\/vbd.dev.sumena.ee\/en\/product-2\/mehhiko-salat-atlandi-lohega-kaija-220g\/","title":{"rendered":"Mehhiko salat Atlandi l\u00f5hega, KAIJA, 220g"},"content":{"rendered":"<p><strong>Koostisosad<\/strong>: Atlandi l\u00f5he(salmo salar)t\u00fckid mitte alla 20%,k\u00f6\u00f6giviljade segu erinevates proportsioonides 41%-oad,porgand,roheline hernes,mais,kuivatatud sibul,SELLER kuivatatud,kaste: joogivesi,suhkur,tomatipasta,s\u00f6\u00f6gisool,rapsi\u00f5li,paksendaja (maisit\u00e4rklis ,E1422),stabilisaatorid jaanileivapuujahu E410,tsellulooskummi E466,maitseained,happesuse regulaator-\u00e4\u00e4dikhape.<\/p>\n<p>Toitev\u00e4\u00e4rtus 100g kohta:<\/p>\n<p>Energia<span class=\"Apple-converted-space\">\u00a0<\/span>485.3kJ \/ 116kcal<span class=\"Apple-converted-space\">\u00a0<\/span><\/p>\n<p>Rasvad<span class=\"Apple-converted-space\">\u00a0<\/span>3.5g<span class=\"Apple-converted-space\">\u00a0<\/span>sh<\/p>\n<p>k\u00fcllastunud rasvhapped<span class=\"Apple-converted-space\">\u00a0<\/span>0.7g<span class=\"Apple-converted-space\">\u00a0<\/span><\/p>\n<p>S\u00fcsivesikud<span class=\"Apple-converted-space\">\u00a0<\/span>14g<span class=\"Apple-converted-space\">\u00a0<\/span><\/p>\n<p>sh suhkrud<span class=\"Apple-converted-space\">\u00a0<\/span>4.2g<span class=\"Apple-converted-space\">\u00a0<\/span><\/p>\n<p>Valgud<span class=\"Apple-converted-space\">\u00a0<\/span>7g<span class=\"Apple-converted-space\">\u00a0<\/span><\/p>\n<p>Sool<span class=\"Apple-converted-space\">\u00a0<\/span>1.2g<span class=\"Apple-converted-space\">\u00a0<\/span><\/p>","protected":false},"excerpt":{"rendered":"<p>Parim enne: 17.08.2026 Hulgipakend: 12<\/p>","protected":false},"featured_media":285846,"comment_status":"open","ping_status":"closed","template":"","meta":{"_acf_changed":false},"product_brand":[],"product_cat":[184],"product_tag":[],"class_list":{"0":"post-285845","1":"product","2":"type-product","3":"status-publish","4":"has-post-thumbnail","6":"product_cat-konservid-moosid","8":"first","9":"instock","10":"sale","11":"taxable","12":"shipping-taxable","13":"purchasable","14":"product-type-simple"},"supplier_id":null,"supplier_sku":"","barcode":null,"atum_controlled":true,"out_stock_date":null,"out_stock_threshold":null,"inheritable":false,"inbound_stock":0,"stock_on_hold":0,"sold_today":0,"sales_last_days":40,"reserved_stock":0,"customer_returns":0,"warehouse_damage":0,"lost_in_post":0,"other_logs":0,"out_stock_days":0,"lost_sales":0,"has_location":false,"update_date":"2026-02-12T13:41:16","atum_locations":[],"atum_stock_status":"instock","restock_status":true,"low_stock_amount":"","sales_update_date":"2026-02-12T13:41:07","calc_backorders":null,"acf":[],"_links":{"self":[{"href":"https:\/\/vbd.dev.sumena.ee\/en\/wp-json\/wp\/v2\/product\/285845","targetHints":{"allow":["GET"]}}],"collection":[{"href":"https:\/\/vbd.dev.sumena.ee\/en\/wp-json\/wp\/v2\/product"}],"about":[{"href":"https:\/\/vbd.dev.sumena.ee\/en\/wp-json\/wp\/v2\/types\/product"}],"replies":[{"embeddable":true,"href":"https:\/\/vbd.dev.sumena.ee\/en\/wp-json\/wp\/v2\/comments?post=285845"}],"wp:featuredmedia":[{"embeddable":true,"href":"https:\/\/vbd.dev.sumena.ee\/en\/wp-json\/wp\/v2\/media\/285846"}],"wp:attachment":[{"href":"https:\/\/vbd.dev.sumena.ee\/en\/wp-json\/wp\/v2\/media?parent=285845"}],"wp:term":[{"taxonomy":"product_brand","embeddable":true,"href":"https:\/\/vbd.dev.sumena.ee\/en\/wp-json\/wp\/v2\/product_brand?post=285845"},{"taxonomy":"product_cat","embeddable":true,"href":"https:\/\/vbd.dev.sumena.ee\/en\/wp-json\/wp\/v2\/product_cat?post=285845"},{"taxonomy":"product_tag","embeddable":true,"href":"https:\/\/vbd.dev.sumena.ee\/en\/wp-json\/wp\/v2\/product_tag?post=285845"}],"curies":[{"name":"wp","href":"https:\/\/api.w.org\/{rel}","templated":true}]}}