{"id":284820,"date":"2025-07-07T17:23:46","date_gmt":"2025-07-07T14:23:46","guid":{"rendered":"https:\/\/vbd.dev.sumena.ee\/?post_type=product&#038;p=284820"},"modified":"2026-02-12T13:23:37","modified_gmt":"2026-02-12T10:23:37","slug":"lohnakuunal-orange-spice-pan-aroma-120-g","status":"publish","type":"product","link":"https:\/\/vbd.dev.sumena.ee\/en\/product-2\/lohnakuunal-orange-spice-pan-aroma-120-g\/","title":{"rendered":"L\u00f5hnak\u00fc\u00fcnal Orange Spice, PAN AROMA, 120 g"},"content":{"rendered":"<p>\u00d5rn apelsin ja mahlane mandariin, millele on puistatud soojad v\u00fcrtsid ja lisatud granaat\u00f5una.<\/p>\n<p>Hoiatus: K\u00fc\u00fcnlad v\u00f5ivad p\u00f5hjustada tulekahju. Eemalda pakend ja etiketid enne s\u00fc\u00fctamist. \u00c4ra j\u00e4ta p\u00f5levat k\u00fc\u00fcnalt t\u00e4helepanuta. Aseta p\u00f5lev k\u00fc\u00fcnal lastele ja koduloomadele k\u00e4ttesaamatusse kohta. P\u00f5letada ainult tasasel kindlal, mittepoorsel ja kuumakindlal pinnal. J\u00e4ta p\u00f5levate k\u00fc\u00fcnalde vahele alati v\u00e4hemalt 10 cm.<\/p>","protected":false},"excerpt":{"rendered":"<p>\u00d5rn apelsin ja mahlane mandariin, millele on puistatud soojad v\u00fcrtsid ja lisatud granaat\u00f5una. Hoiatus: K\u00fc\u00fcnlad v\u00f5ivad p\u00f5hjustada tulekahju. Eemalda pakend ja etiketid enne s\u00fc\u00fctamist. \u00c4ra j\u00e4ta p\u00f5levat k\u00fc\u00fcnalt t\u00e4helepanuta. Aseta p\u00f5lev k\u00fc\u00fcnal lastele ja koduloomadele k\u00e4ttesaamatusse kohta. P\u00f5letada ainult tasasel kindlal, mittepoorsel ja kuumakindlal pinnal. J\u00e4ta p\u00f5levate k\u00fc\u00fcnalde vahele alati v\u00e4hemalt 10 cm.<\/p>","protected":false},"featured_media":284821,"comment_status":"open","ping_status":"closed","template":"","meta":{"_acf_changed":false},"product_brand":[],"product_cat":[186,88],"product_tag":[],"class_list":{"0":"post-284820","1":"product","2":"type-product","3":"status-publish","4":"has-post-thumbnail","6":"product_cat-kodukaubad","7":"product_cat-tarbekaubad-tooted","9":"first","10":"instock","11":"sale","12":"taxable","13":"shipping-taxable","14":"purchasable","15":"product-type-simple"},"supplier_id":null,"supplier_sku":"","barcode":null,"atum_controlled":true,"out_stock_date":null,"out_stock_threshold":null,"inheritable":false,"inbound_stock":0,"stock_on_hold":1,"sold_today":3,"sales_last_days":7,"reserved_stock":0,"customer_returns":0,"warehouse_damage":0,"lost_in_post":0,"other_logs":0,"out_stock_days":0,"lost_sales":0,"has_location":false,"update_date":"2026-02-12T13:32:33","atum_locations":[],"atum_stock_status":"instock","restock_status":false,"low_stock_amount":"","sales_update_date":"2026-02-12T13:32:24","calc_backorders":null,"acf":[],"_links":{"self":[{"href":"https:\/\/vbd.dev.sumena.ee\/en\/wp-json\/wp\/v2\/product\/284820","targetHints":{"allow":["GET"]}}],"collection":[{"href":"https:\/\/vbd.dev.sumena.ee\/en\/wp-json\/wp\/v2\/product"}],"about":[{"href":"https:\/\/vbd.dev.sumena.ee\/en\/wp-json\/wp\/v2\/types\/product"}],"replies":[{"embeddable":true,"href":"https:\/\/vbd.dev.sumena.ee\/en\/wp-json\/wp\/v2\/comments?post=284820"}],"wp:featuredmedia":[{"embeddable":true,"href":"https:\/\/vbd.dev.sumena.ee\/en\/wp-json\/wp\/v2\/media\/284821"}],"wp:attachment":[{"href":"https:\/\/vbd.dev.sumena.ee\/en\/wp-json\/wp\/v2\/media?parent=284820"}],"wp:term":[{"taxonomy":"product_brand","embeddable":true,"href":"https:\/\/vbd.dev.sumena.ee\/en\/wp-json\/wp\/v2\/product_brand?post=284820"},{"taxonomy":"product_cat","embeddable":true,"href":"https:\/\/vbd.dev.sumena.ee\/en\/wp-json\/wp\/v2\/product_cat?post=284820"},{"taxonomy":"product_tag","embeddable":true,"href":"https:\/\/vbd.dev.sumena.ee\/en\/wp-json\/wp\/v2\/product_tag?post=284820"}],"curies":[{"name":"wp","href":"https:\/\/api.w.org\/{rel}","templated":true}]}}