{"id":279707,"date":"2025-11-03T19:03:36","date_gmt":"2025-11-03T16:03:36","guid":{"rendered":"https:\/\/vbd.dev.sumena.ee\/?post_type=product&#038;p=279707"},"modified":"2026-02-12T15:56:37","modified_gmt":"2026-02-12T12:56:37","slug":"hapukoore-sibulamaitselised-kartulikropsud-nublu-150-g","status":"publish","type":"product","link":"https:\/\/vbd.dev.sumena.ee\/en\/product-2\/hapukoore-sibulamaitselised-kartulikropsud-nublu-150-g\/","title":{"rendered":"Nublu Hapukoore-sibulamaitselised kartulikr\u00f5psud, 150 g"},"content":{"rendered":"<p>Madalal temperatuuril k\u00fcpsetatud kartulikr\u00f5psud, mis on maitsestatud k\u00f5ige kvaliteetsemate maitseainetega.<\/p>\n<p><strong>Koostisosad<\/strong>: Kartul (65%), p\u00e4evalille\u00f5li, maltodekstriin, sool, suhkur, sibul, \u00fcrdid, p\u00e4rmipulber, k\u00fc\u00fcslauk, p\u00e4rmiekstrakt, l\u00f5hna- ja maitseained,hape: \u00f5unhape, paakumisvastane aine: r\u00e4nidioksiid.<\/p>\n<p>Energia 500kcal<br \/>\nRasvad 27g<br \/>\nMillest k\u00fcllastunud rasvhapped 2.7g<br \/>\nS\u00fcsivesikud 56g<br \/>\nMillest suhkrud 0,8g<br \/>\nProteiin 8.3g<br \/>\nSool 1,2g<\/p>","protected":false},"excerpt":{"rendered":"<p>Parim enne: 11.10.2025 Hulgipakend: 24<\/p>","protected":false},"featured_media":279708,"comment_status":"open","ping_status":"closed","template":"","meta":{"_acf_changed":false},"product_brand":[],"product_cat":[80,81],"product_tag":[],"class_list":{"0":"post-279707","1":"product","2":"type-product","3":"status-publish","4":"has-post-thumbnail","6":"product_cat-snakid","7":"product_cat-kropsud","9":"first","10":"instock","11":"sale","12":"taxable","13":"shipping-taxable","14":"purchasable","15":"product-type-simple"},"supplier_id":null,"supplier_sku":"","barcode":null,"atum_controlled":true,"out_stock_date":null,"out_stock_threshold":null,"inheritable":false,"inbound_stock":0,"stock_on_hold":12,"sold_today":7,"sales_last_days":538,"reserved_stock":0,"customer_returns":0,"warehouse_damage":0,"lost_in_post":0,"other_logs":0,"out_stock_days":0,"lost_sales":0,"has_location":false,"update_date":"2026-02-12T14:25:41","atum_locations":[],"atum_stock_status":"instock","restock_status":true,"low_stock_amount":"","sales_update_date":"2026-02-12T14:25:32","calc_backorders":null,"acf":[],"_links":{"self":[{"href":"https:\/\/vbd.dev.sumena.ee\/en\/wp-json\/wp\/v2\/product\/279707","targetHints":{"allow":["GET"]}}],"collection":[{"href":"https:\/\/vbd.dev.sumena.ee\/en\/wp-json\/wp\/v2\/product"}],"about":[{"href":"https:\/\/vbd.dev.sumena.ee\/en\/wp-json\/wp\/v2\/types\/product"}],"replies":[{"embeddable":true,"href":"https:\/\/vbd.dev.sumena.ee\/en\/wp-json\/wp\/v2\/comments?post=279707"}],"wp:featuredmedia":[{"embeddable":true,"href":"https:\/\/vbd.dev.sumena.ee\/en\/wp-json\/wp\/v2\/media\/279708"}],"wp:attachment":[{"href":"https:\/\/vbd.dev.sumena.ee\/en\/wp-json\/wp\/v2\/media?parent=279707"}],"wp:term":[{"taxonomy":"product_brand","embeddable":true,"href":"https:\/\/vbd.dev.sumena.ee\/en\/wp-json\/wp\/v2\/product_brand?post=279707"},{"taxonomy":"product_cat","embeddable":true,"href":"https:\/\/vbd.dev.sumena.ee\/en\/wp-json\/wp\/v2\/product_cat?post=279707"},{"taxonomy":"product_tag","embeddable":true,"href":"https:\/\/vbd.dev.sumena.ee\/en\/wp-json\/wp\/v2\/product_tag?post=279707"}],"curies":[{"name":"wp","href":"https:\/\/api.w.org\/{rel}","templated":true}]}}