{"id":279705,"date":"2025-11-03T19:00:14","date_gmt":"2025-11-03T16:00:14","guid":{"rendered":"https:\/\/vbd.dev.sumena.ee\/?post_type=product&#038;p=279705"},"modified":"2026-02-12T18:41:51","modified_gmt":"2026-02-12T15:41:51","slug":"habanero-tsilli-maitselised-kartulikropsud-nublu-150-g","status":"publish","type":"product","link":"https:\/\/vbd.dev.sumena.ee\/en\/product-2\/habanero-tsilli-maitselised-kartulikropsud-nublu-150-g\/","title":{"rendered":"Nublu Habanero T\u0161illi maitselised kartulikr\u00f5psud, 150 g"},"content":{"rendered":"<p>Madalal temperatuuril k\u00fcpsetatud kartulikr\u00f5psud, mis on maitsestatud k\u00f5ige kvaliteetsemate maitseainetega.<\/p>\n<p><strong>Koostisosad<\/strong>: Kartul (65%), p\u00e4evalille\u00f5li ja rapsi\u00f5li, maitseainesegu (sool, PIIMAsuhkur, vadakupulber (PIIMAst), dekstroos (maisist), suhkur, sibul, paprika, maitseained (habanero), p\u00e4rmiekstrakt, t\u0161illipipar, happesuse regulaatorid (E270, E350), maitseaineekstraktid (paprika, kurkum, cayenne\u2019i pipar) aroom).<\/p>\n<p>Energia 486kcal<br \/>\nRasvad 26g<br \/>\nMillest k\u00fcllastunud rasvhapped 2.6g<br \/>\nS\u00fcsivesikud 56g<br \/>\nMillest suhkrud 2,1g<br \/>\nProteiin 8g<br \/>\nSool 1,4g<\/p>","protected":false},"excerpt":{"rendered":"<p>Parim enne: 11.10.2025 Hulgipakend: 24<\/p>","protected":false},"featured_media":279706,"comment_status":"open","ping_status":"closed","template":"","meta":{"_acf_changed":false},"product_brand":[],"product_cat":[87,80,81],"product_tag":[],"class_list":{"0":"post-279705","1":"product","2":"type-product","3":"status-publish","4":"has-post-thumbnail","6":"product_cat-meie-lemmikud","7":"product_cat-snakid","8":"product_cat-kropsud","10":"first","11":"instock","12":"sale","13":"taxable","14":"shipping-taxable","15":"purchasable","16":"product-type-simple"},"supplier_id":null,"supplier_sku":"","barcode":null,"atum_controlled":true,"out_stock_date":null,"out_stock_threshold":null,"inheritable":false,"inbound_stock":0,"stock_on_hold":8,"sold_today":4,"sales_last_days":328,"reserved_stock":0,"customer_returns":0,"warehouse_damage":0,"lost_in_post":0,"other_logs":0,"out_stock_days":0,"lost_sales":0,"has_location":false,"update_date":"2026-02-12T15:45:54","atum_locations":[],"atum_stock_status":"instock","restock_status":false,"low_stock_amount":"","sales_update_date":"2026-02-12T15:45:46","calc_backorders":null,"acf":[],"_links":{"self":[{"href":"https:\/\/vbd.dev.sumena.ee\/en\/wp-json\/wp\/v2\/product\/279705","targetHints":{"allow":["GET"]}}],"collection":[{"href":"https:\/\/vbd.dev.sumena.ee\/en\/wp-json\/wp\/v2\/product"}],"about":[{"href":"https:\/\/vbd.dev.sumena.ee\/en\/wp-json\/wp\/v2\/types\/product"}],"replies":[{"embeddable":true,"href":"https:\/\/vbd.dev.sumena.ee\/en\/wp-json\/wp\/v2\/comments?post=279705"}],"wp:featuredmedia":[{"embeddable":true,"href":"https:\/\/vbd.dev.sumena.ee\/en\/wp-json\/wp\/v2\/media\/279706"}],"wp:attachment":[{"href":"https:\/\/vbd.dev.sumena.ee\/en\/wp-json\/wp\/v2\/media?parent=279705"}],"wp:term":[{"taxonomy":"product_brand","embeddable":true,"href":"https:\/\/vbd.dev.sumena.ee\/en\/wp-json\/wp\/v2\/product_brand?post=279705"},{"taxonomy":"product_cat","embeddable":true,"href":"https:\/\/vbd.dev.sumena.ee\/en\/wp-json\/wp\/v2\/product_cat?post=279705"},{"taxonomy":"product_tag","embeddable":true,"href":"https:\/\/vbd.dev.sumena.ee\/en\/wp-json\/wp\/v2\/product_tag?post=279705"}],"curies":[{"name":"wp","href":"https:\/\/api.w.org\/{rel}","templated":true}]}}