{"id":269261,"date":"2025-06-17T16:51:13","date_gmt":"2025-06-17T13:51:13","guid":{"rendered":"https:\/\/vbd.dev.sumena.ee\/?post_type=product&#038;p=269261"},"modified":"2026-02-12T13:39:29","modified_gmt":"2026-02-12T10:39:29","slug":"balmy-pesemisnuustik-seebiga-oliiv","status":"publish","type":"product","link":"https:\/\/vbd.dev.sumena.ee\/en\/product-2\/balmy-pesemisnuustik-seebiga-oliiv\/","title":{"rendered":"Balmy Pesemisnuustik seebiga oliiv"},"content":{"rendered":"<h2>Kirjeldus<\/h2>\n<p>Balmy Pesemisnuustik seebiga oliiv. Seebiga nuustik puhastab ja pehmendab nahka, tekitades k\u00fcllusliku vahu. S\u00e4ilitamistingimused: Hoida jahedas ja kuivas kohas. HOIATUS: V\u00e4ltige silma sattumist. Silma sattumisel loputada rohke veega. Hoida lastele k\u00e4ttesaamatus kohas. See toode ei ole toiduaine.<\/p>","protected":false},"excerpt":{"rendered":"<p>Kirjeldus Balmy Pesemisnuustik seebiga oliiv. Seebiga nuustik puhastab ja pehmendab nahka, tekitades k\u00fcllusliku vahu. S\u00e4ilitamistingimused: Hoida jahedas ja kuivas kohas. HOIATUS: V\u00e4ltige silma sattumist. Silma sattumisel loputada rohke veega. Hoida lastele k\u00e4ttesaamatus kohas. See toode ei ole toiduaine.<\/p>","protected":false},"featured_media":269264,"comment_status":"open","ping_status":"closed","template":"","meta":{"_acf_changed":false},"product_brand":[],"product_cat":[158,104],"product_tag":[],"class_list":{"0":"post-269261","1":"product","2":"type-product","3":"status-publish","4":"has-post-thumbnail","6":"product_cat-kehahooldus","7":"product_cat-enesehooldus","9":"first","10":"instock","11":"sale","12":"taxable","13":"shipping-taxable","14":"purchasable","15":"product-type-simple"},"supplier_id":null,"supplier_sku":"","barcode":null,"atum_controlled":true,"out_stock_date":null,"out_stock_threshold":null,"inheritable":false,"inbound_stock":0,"stock_on_hold":1,"sold_today":1,"sales_last_days":4,"reserved_stock":0,"customer_returns":0,"warehouse_damage":0,"lost_in_post":0,"other_logs":0,"out_stock_days":0,"lost_sales":0,"has_location":false,"update_date":"2026-02-12T10:41:16","atum_locations":[],"atum_stock_status":"instock","restock_status":false,"low_stock_amount":"","sales_update_date":"2026-02-12T10:41:07","calc_backorders":null,"acf":[],"_links":{"self":[{"href":"https:\/\/vbd.dev.sumena.ee\/en\/wp-json\/wp\/v2\/product\/269261","targetHints":{"allow":["GET"]}}],"collection":[{"href":"https:\/\/vbd.dev.sumena.ee\/en\/wp-json\/wp\/v2\/product"}],"about":[{"href":"https:\/\/vbd.dev.sumena.ee\/en\/wp-json\/wp\/v2\/types\/product"}],"replies":[{"embeddable":true,"href":"https:\/\/vbd.dev.sumena.ee\/en\/wp-json\/wp\/v2\/comments?post=269261"}],"wp:featuredmedia":[{"embeddable":true,"href":"https:\/\/vbd.dev.sumena.ee\/en\/wp-json\/wp\/v2\/media\/269264"}],"wp:attachment":[{"href":"https:\/\/vbd.dev.sumena.ee\/en\/wp-json\/wp\/v2\/media?parent=269261"}],"wp:term":[{"taxonomy":"product_brand","embeddable":true,"href":"https:\/\/vbd.dev.sumena.ee\/en\/wp-json\/wp\/v2\/product_brand?post=269261"},{"taxonomy":"product_cat","embeddable":true,"href":"https:\/\/vbd.dev.sumena.ee\/en\/wp-json\/wp\/v2\/product_cat?post=269261"},{"taxonomy":"product_tag","embeddable":true,"href":"https:\/\/vbd.dev.sumena.ee\/en\/wp-json\/wp\/v2\/product_tag?post=269261"}],"curies":[{"name":"wp","href":"https:\/\/api.w.org\/{rel}","templated":true}]}}