{"id":269259,"date":"2025-06-17T16:48:16","date_gmt":"2025-06-17T13:48:16","guid":{"rendered":"https:\/\/vbd.dev.sumena.ee\/?post_type=product&#038;p=269259"},"modified":"2026-02-08T00:02:19","modified_gmt":"2026-02-07T21:02:19","slug":"balmy-pesemisnuustik-seebiga-naturaalne","status":"publish","type":"product","link":"https:\/\/vbd.dev.sumena.ee\/en\/product-2\/balmy-pesemisnuustik-seebiga-naturaalne\/","title":{"rendered":"Balmy Pesemisnuustik seebiga naturaalne"},"content":{"rendered":"<h2>Kirjeldus<\/h2>\n<p>Balmy Pesemisnuustik seebiga naturaalne. Seebiga nuustik puhastab ja pehmendab nahka, tekitades k\u00fcllusliku vahu. S\u00e4ilitamistingimused: Hoida jahedas ja kuivas kohas. HOIATUS: V\u00e4ltige silma sattumist. Silma sattumisel loputada rohke veega. Hoida lastele k\u00e4ttesaamatus kohas. See toode ei ole toiduaine.<\/p>","protected":false},"excerpt":{"rendered":"<p>Kirjeldus Balmy Pesemisnuustik seebiga naturaalne. Seebiga nuustik puhastab ja pehmendab nahka, tekitades k\u00fcllusliku vahu. S\u00e4ilitamistingimused: Hoida jahedas ja kuivas kohas. HOIATUS: V\u00e4ltige silma sattumist. Silma sattumisel loputada rohke veega. Hoida lastele k\u00e4ttesaamatus kohas. See toode ei ole toiduaine.<\/p>","protected":false},"featured_media":269260,"comment_status":"open","ping_status":"closed","template":"","meta":{"_acf_changed":false},"product_brand":[],"product_cat":[158,104],"product_tag":[],"class_list":{"0":"post-269259","1":"product","2":"type-product","3":"status-publish","4":"has-post-thumbnail","6":"product_cat-kehahooldus","7":"product_cat-enesehooldus","9":"first","10":"instock","11":"sale","12":"taxable","13":"shipping-taxable","14":"purchasable","15":"product-type-simple"},"supplier_id":null,"supplier_sku":"","barcode":null,"atum_controlled":true,"out_stock_date":null,"out_stock_threshold":null,"inheritable":false,"inbound_stock":0,"stock_on_hold":0,"sold_today":0,"sales_last_days":3,"reserved_stock":0,"customer_returns":0,"warehouse_damage":0,"lost_in_post":0,"other_logs":0,"out_stock_days":0,"lost_sales":0,"has_location":false,"update_date":"2026-02-11T06:59:58","atum_locations":[],"atum_stock_status":"instock","restock_status":false,"low_stock_amount":"","sales_update_date":"2026-02-11T06:59:50","calc_backorders":null,"acf":[],"_links":{"self":[{"href":"https:\/\/vbd.dev.sumena.ee\/en\/wp-json\/wp\/v2\/product\/269259","targetHints":{"allow":["GET"]}}],"collection":[{"href":"https:\/\/vbd.dev.sumena.ee\/en\/wp-json\/wp\/v2\/product"}],"about":[{"href":"https:\/\/vbd.dev.sumena.ee\/en\/wp-json\/wp\/v2\/types\/product"}],"replies":[{"embeddable":true,"href":"https:\/\/vbd.dev.sumena.ee\/en\/wp-json\/wp\/v2\/comments?post=269259"}],"wp:featuredmedia":[{"embeddable":true,"href":"https:\/\/vbd.dev.sumena.ee\/en\/wp-json\/wp\/v2\/media\/269260"}],"wp:attachment":[{"href":"https:\/\/vbd.dev.sumena.ee\/en\/wp-json\/wp\/v2\/media?parent=269259"}],"wp:term":[{"taxonomy":"product_brand","embeddable":true,"href":"https:\/\/vbd.dev.sumena.ee\/en\/wp-json\/wp\/v2\/product_brand?post=269259"},{"taxonomy":"product_cat","embeddable":true,"href":"https:\/\/vbd.dev.sumena.ee\/en\/wp-json\/wp\/v2\/product_cat?post=269259"},{"taxonomy":"product_tag","embeddable":true,"href":"https:\/\/vbd.dev.sumena.ee\/en\/wp-json\/wp\/v2\/product_tag?post=269259"}],"curies":[{"name":"wp","href":"https:\/\/api.w.org\/{rel}","templated":true}]}}