{"id":266473,"date":"2025-06-11T12:28:00","date_gmt":"2025-06-11T09:28:00","guid":{"rendered":"https:\/\/vbd.dev.sumena.ee\/?post_type=product&#038;p=266473"},"modified":"2026-02-04T10:53:46","modified_gmt":"2026-02-04T07:53:46","slug":"diso-vitamiiniribad-immuunsuse-leedrimarja-n30","status":"publish","type":"product","link":"https:\/\/vbd.dev.sumena.ee\/en\/product-2\/diso-vitamiiniribad-immuunsuse-leedrimarja-n30\/","title":{"rendered":"Diso vitamiiniribad \u2013 Immuunsuse Leedrimarja N30"},"content":{"rendered":"<p><strong>C vitamiin immuunsusele<\/strong><\/p>\n<p><strong>Diso Vit C<\/strong> suusllahustuv riba sisaldab immuuns\u00fcsteemi toetamiseks vajalikku C-vitamiini, et v\u00f5idelda haigustekitajatega. Ribad sisaldavad liposoomset C-vitamiini, mis on oluline immuunsuse s\u00e4ilitamiseks ning beetagl\u00fckaane, mis toetavad immuunsust ja aktiveerivad immuunrakke. Sisaldab musts\u00f5stra ekstrakti, mis tugevdab immuuns\u00fcsteemi ning\u00a0\u00a0on antioks\u00fcdantse toimega.<\/p>\n<p>P\u00e4evane annus: V\u00f5tke 1-2 riba p\u00e4evas, soovitatavalt koos toiduga. Aseta Diso\u00ae\u00a0\u00a0riba keele alla ja lase ribal lahustuda.<\/p>\n<p><strong>P\u00e4evase annuse sisaldus:<\/strong><\/p>\n<table style=\"height: 161px;\" width=\"402\">\n<tbody>\n<tr>\n<td width=\"200\">Koostisosad<\/td>\n<td width=\"200\">Kogus \u00fches ribas<\/td>\n<td width=\"200\"><\/td>\n<\/tr>\n<tr>\n<td width=\"200\">Vitamiin C<\/td>\n<td width=\"200\">60 mg<\/td>\n<td width=\"200\"><\/td>\n<\/tr>\n<tr>\n<td width=\"200\">Leedrimarja ekstrakt (Eldermune\u00ae)<\/td>\n<td width=\"200\">15 mg<\/td>\n<td width=\"200\"><\/td>\n<\/tr>\n<tr>\n<td width=\"200\">Beetagl\u00fckaan (Puremune\u2122)<\/td>\n<td width=\"200\">30 mg<\/td>\n<td width=\"200\"><\/td>\n<\/tr>\n<\/tbody>\n<\/table>\n<p>&nbsp;<\/p>","protected":false},"excerpt":{"rendered":"<p>Parim enne: 07.2025<\/p>","protected":false},"featured_media":266477,"comment_status":"open","ping_status":"closed","template":"","meta":{"_acf_changed":false},"product_brand":[],"product_cat":[160,104],"product_tag":[],"class_list":{"0":"post-266473","1":"product","2":"type-product","3":"status-publish","4":"has-post-thumbnail","6":"product_cat-tervisekaubad","7":"product_cat-enesehooldus","9":"first","10":"instock","11":"sale","12":"taxable","13":"shipping-taxable","14":"purchasable","15":"product-type-simple"},"supplier_id":null,"supplier_sku":"","barcode":null,"atum_controlled":true,"out_stock_date":null,"out_stock_threshold":null,"inheritable":false,"inbound_stock":0,"stock_on_hold":0,"sold_today":0,"sales_last_days":0,"reserved_stock":0,"customer_returns":0,"warehouse_damage":0,"lost_in_post":0,"other_logs":0,"out_stock_days":0,"lost_sales":0,"has_location":false,"update_date":"2026-02-04T14:19:45","atum_locations":[],"atum_stock_status":"instock","restock_status":false,"low_stock_amount":"","sales_update_date":"2026-02-04T14:19:45","calc_backorders":null,"acf":[],"_links":{"self":[{"href":"https:\/\/vbd.dev.sumena.ee\/en\/wp-json\/wp\/v2\/product\/266473","targetHints":{"allow":["GET"]}}],"collection":[{"href":"https:\/\/vbd.dev.sumena.ee\/en\/wp-json\/wp\/v2\/product"}],"about":[{"href":"https:\/\/vbd.dev.sumena.ee\/en\/wp-json\/wp\/v2\/types\/product"}],"replies":[{"embeddable":true,"href":"https:\/\/vbd.dev.sumena.ee\/en\/wp-json\/wp\/v2\/comments?post=266473"}],"wp:featuredmedia":[{"embeddable":true,"href":"https:\/\/vbd.dev.sumena.ee\/en\/wp-json\/wp\/v2\/media\/266477"}],"wp:attachment":[{"href":"https:\/\/vbd.dev.sumena.ee\/en\/wp-json\/wp\/v2\/media?parent=266473"}],"wp:term":[{"taxonomy":"product_brand","embeddable":true,"href":"https:\/\/vbd.dev.sumena.ee\/en\/wp-json\/wp\/v2\/product_brand?post=266473"},{"taxonomy":"product_cat","embeddable":true,"href":"https:\/\/vbd.dev.sumena.ee\/en\/wp-json\/wp\/v2\/product_cat?post=266473"},{"taxonomy":"product_tag","embeddable":true,"href":"https:\/\/vbd.dev.sumena.ee\/en\/wp-json\/wp\/v2\/product_tag?post=266473"}],"curies":[{"name":"wp","href":"https:\/\/api.w.org\/{rel}","templated":true}]}}