{"id":266461,"date":"2025-06-11T11:51:53","date_gmt":"2025-06-11T08:51:53","guid":{"rendered":"https:\/\/vbd.dev.sumena.ee\/?post_type=product&#038;p=266461"},"modified":"2026-02-12T02:43:49","modified_gmt":"2026-02-11T23:43:49","slug":"diso-vitamiiniribad-snooze-cherry-n30","status":"publish","type":"product","link":"https:\/\/vbd.dev.sumena.ee\/en\/product-2\/diso-vitamiiniribad-snooze-cherry-n30\/","title":{"rendered":"Diso vitamiiniribad \u2013 Snooze Kirss N30"},"content":{"rendered":"<p><strong>Toidulisand unele<\/strong><\/p>\n<p><strong>Diso Snooze<\/strong> suuslahustuv riba sisaldab erinevaid looduslikke ekstrakte, mis on m\u00f5eldud rahuliku ja kvaliteetse une toetamiseks. Kui keha ei saa piisavalt puhkust, muutub immuuns\u00fcsteem n\u00f5rgaks, stressitundlikkus suureneb ja keskendumine muutub raskemaks. Unepuudus on seotud ka kaalut\u00f5usuga.<\/p>\n<p>Maitse: Kirss<\/p>\n<p>Suhkruvaba &amp; Vegan \u2013 K\u00f5rge imenduvus<\/p>\n<p>Netokogus: 30<\/p>\n<p>P\u00e4evane annus: V\u00f5tke 1 riba p\u00e4evas, 30 minutit ennem magama minekut. Aseta Diso\u00ae\u00a0\u00a0riba keele alla ja lase ribal lahustuda.<\/p>\n<p><strong>P\u00e4evase annuse sisaldus:<\/strong><\/p>\n<table width=\"601\">\n<tbody>\n<tr>\n<td width=\"200\">Koostisosad<\/td>\n<td width=\"200\">Kogus \u00fches ribas<\/td>\n<td width=\"200\">%NRV*<\/td>\n<\/tr>\n<tr>\n<td width=\"200\">Montmorency kirsiekstrakt<\/td>\n<td width=\"200\">50 mg<\/td>\n<td width=\"200\">**<\/td>\n<\/tr>\n<tr>\n<td width=\"200\">L-Teaniin<\/td>\n<td width=\"200\">25 mg<\/td>\n<td width=\"200\">**<\/td>\n<\/tr>\n<tr>\n<td width=\"200\">Griffonia seemneekstrakt<\/td>\n<td width=\"200\">20 mg<\/td>\n<td width=\"200\">**<\/td>\n<\/tr>\n<tr>\n<td width=\"200\">Palderjani ekstrakt<\/td>\n<td width=\"200\">15 mg<\/td>\n<td width=\"200\">**<\/td>\n<\/tr>\n<tr>\n<td width=\"200\">Kummeliekstrakt<\/td>\n<td width=\"200\">10 mg<\/td>\n<td width=\"200\">**<\/td>\n<\/tr>\n<tr>\n<td width=\"200\">Gama-aminov\u00f5ihape<\/td>\n<td width=\"200\">5 mg<\/td>\n<td width=\"200\">**<\/td>\n<\/tr>\n<tr>\n<td width=\"200\">Kannatuslille ekstrakt<\/td>\n<td width=\"200\">2 mg<\/td>\n<td width=\"200\">**<\/td>\n<\/tr>\n<tr>\n<td width=\"200\">Vitamiin B6<\/td>\n<td width=\"200\">1.4 mg<\/td>\n<td width=\"200\">100%<\/td>\n<\/tr>\n<\/tbody>\n<\/table>\n<p>% NRV*-protsent p\u00e4evasest v\u00f5rdluskogusest<\/p>\n<p>** P\u00e4evane v\u00f5rdluskogus on m\u00e4\u00e4ratlemata<\/p>\n<p><strong>S\u00e4ilitamine<\/strong>: Hoida kuivas ja jahedas, eemal otsese p\u00e4ikesevalguse eest.\u00a0Hoida\u00a0lastele\u00a0k\u00e4ttesaamatus kohas.<\/p>\n<p>Parim enne: vt pakendilt<\/p>\n<p>.<\/p>","protected":false},"excerpt":{"rendered":"<p>Parim enne: 07.2025<\/p>","protected":false},"featured_media":266463,"comment_status":"open","ping_status":"closed","template":"","meta":{"_acf_changed":false},"product_brand":[],"product_cat":[160,104],"product_tag":[],"class_list":{"0":"post-266461","1":"product","2":"type-product","3":"status-publish","4":"has-post-thumbnail","6":"product_cat-tervisekaubad","7":"product_cat-enesehooldus","9":"first","10":"instock","11":"sale","12":"taxable","13":"shipping-taxable","14":"purchasable","15":"product-type-simple"},"supplier_id":null,"supplier_sku":"","barcode":null,"atum_controlled":true,"out_stock_date":null,"out_stock_threshold":null,"inheritable":false,"inbound_stock":0,"stock_on_hold":1,"sold_today":1,"sales_last_days":2,"reserved_stock":0,"customer_returns":0,"warehouse_damage":0,"lost_in_post":0,"other_logs":0,"out_stock_days":0,"lost_sales":0,"has_location":false,"update_date":"2026-02-11T23:45:04","atum_locations":[],"atum_stock_status":"instock","restock_status":true,"low_stock_amount":"","sales_update_date":"2026-02-11T23:44:56","calc_backorders":null,"acf":[],"_links":{"self":[{"href":"https:\/\/vbd.dev.sumena.ee\/en\/wp-json\/wp\/v2\/product\/266461","targetHints":{"allow":["GET"]}}],"collection":[{"href":"https:\/\/vbd.dev.sumena.ee\/en\/wp-json\/wp\/v2\/product"}],"about":[{"href":"https:\/\/vbd.dev.sumena.ee\/en\/wp-json\/wp\/v2\/types\/product"}],"replies":[{"embeddable":true,"href":"https:\/\/vbd.dev.sumena.ee\/en\/wp-json\/wp\/v2\/comments?post=266461"}],"wp:featuredmedia":[{"embeddable":true,"href":"https:\/\/vbd.dev.sumena.ee\/en\/wp-json\/wp\/v2\/media\/266463"}],"wp:attachment":[{"href":"https:\/\/vbd.dev.sumena.ee\/en\/wp-json\/wp\/v2\/media?parent=266461"}],"wp:term":[{"taxonomy":"product_brand","embeddable":true,"href":"https:\/\/vbd.dev.sumena.ee\/en\/wp-json\/wp\/v2\/product_brand?post=266461"},{"taxonomy":"product_cat","embeddable":true,"href":"https:\/\/vbd.dev.sumena.ee\/en\/wp-json\/wp\/v2\/product_cat?post=266461"},{"taxonomy":"product_tag","embeddable":true,"href":"https:\/\/vbd.dev.sumena.ee\/en\/wp-json\/wp\/v2\/product_tag?post=266461"}],"curies":[{"name":"wp","href":"https:\/\/api.w.org\/{rel}","templated":true}]}}