{"id":251774,"date":"2025-06-05T10:50:34","date_gmt":"2025-06-05T07:50:34","guid":{"rendered":"https:\/\/vbd.dev.sumena.ee\/?post_type=product&#038;p=251774"},"modified":"2026-02-07T20:03:31","modified_gmt":"2026-02-07T17:03:31","slug":"tulen-ise-jargi-grillsusi-lepp-marienburg-20-l","status":"publish","type":"product","link":"https:\/\/vbd.dev.sumena.ee\/en\/product-2\/tulen-ise-jargi-grillsusi-lepp-marienburg-20-l\/","title":{"rendered":"(Tulen ise j\u00e4rgi) Grills\u00fcsi lepp, MARIENBURG, 20 l"},"content":{"rendered":"<p>See Marienburg grills\u00fcsi on k\u00fcll v\u00e4ikeset\u00fckiline (20 liitrises kotis), kuid siiski suuremate ja \u00fchtlaste suurusega t\u00fckkidega (1-8 cm) kui k\u00f5ik konkurentide analoog-grills\u00f6ed. Lisaks on see grills\u00fcsi k\u00fcll 20 liitrises pakendis, kuid selle kaal on 2.5-2.6 kg. Seega on see kotit\u00e4is grills\u00fctt on raskem (st kott on rohkem t\u00e4is) kui konkurentide analoogtooted. Seega parem ja \u00fchtlasem kvaliteet ning rohkem grills\u00fctt sama raha eest! 100% soovitame just v\u00e4ikeste grillide n\u00e4iteks Kamado Junior Joe omanikele, kuid sobib ka Kamado Joe Classic\u2019ule.<\/p>","protected":false},"excerpt":{"rendered":"<p>See Marienburg grills\u00fcsi on k\u00fcll v\u00e4ikeset\u00fckiline (20 liitrises kotis), kuid siiski suuremate ja \u00fchtlaste suurusega t\u00fckkidega (1-8 cm) kui k\u00f5ik konkurentide analoog-grills\u00f6ed. Lisaks on see grills\u00fcsi k\u00fcll 20 liitrises pakendis, kuid selle kaal on 2.5-2.6 kg. Seega on see kotit\u00e4is grills\u00fctt on raskem (st kott on rohkem t\u00e4is) kui konkurentide analoogtooted. Seega parem ja \u00fchtlasem [&hellip;]<\/p>","protected":false},"featured_media":251777,"comment_status":"open","ping_status":"closed","template":"","meta":{"_acf_changed":false},"product_brand":[],"product_cat":[122],"product_tag":[],"class_list":{"0":"post-251774","1":"product","2":"type-product","3":"status-publish","4":"has-post-thumbnail","6":"product_cat-sugavkulmutatud","8":"first","9":"instock","10":"sale","11":"taxable","12":"shipping-taxable","13":"purchasable","14":"product-type-simple"},"supplier_id":null,"supplier_sku":"","barcode":null,"atum_controlled":true,"out_stock_date":null,"out_stock_threshold":null,"inheritable":false,"inbound_stock":0,"stock_on_hold":0,"sold_today":0,"sales_last_days":2,"reserved_stock":0,"customer_returns":0,"warehouse_damage":0,"lost_in_post":0,"other_logs":0,"out_stock_days":0,"lost_sales":0,"has_location":false,"update_date":"2026-02-08T19:00:41","atum_locations":[],"atum_stock_status":"instock","restock_status":true,"low_stock_amount":"","sales_update_date":"2026-02-08T19:00:25","calc_backorders":null,"acf":[],"_links":{"self":[{"href":"https:\/\/vbd.dev.sumena.ee\/en\/wp-json\/wp\/v2\/product\/251774","targetHints":{"allow":["GET"]}}],"collection":[{"href":"https:\/\/vbd.dev.sumena.ee\/en\/wp-json\/wp\/v2\/product"}],"about":[{"href":"https:\/\/vbd.dev.sumena.ee\/en\/wp-json\/wp\/v2\/types\/product"}],"replies":[{"embeddable":true,"href":"https:\/\/vbd.dev.sumena.ee\/en\/wp-json\/wp\/v2\/comments?post=251774"}],"wp:featuredmedia":[{"embeddable":true,"href":"https:\/\/vbd.dev.sumena.ee\/en\/wp-json\/wp\/v2\/media\/251777"}],"wp:attachment":[{"href":"https:\/\/vbd.dev.sumena.ee\/en\/wp-json\/wp\/v2\/media?parent=251774"}],"wp:term":[{"taxonomy":"product_brand","embeddable":true,"href":"https:\/\/vbd.dev.sumena.ee\/en\/wp-json\/wp\/v2\/product_brand?post=251774"},{"taxonomy":"product_cat","embeddable":true,"href":"https:\/\/vbd.dev.sumena.ee\/en\/wp-json\/wp\/v2\/product_cat?post=251774"},{"taxonomy":"product_tag","embeddable":true,"href":"https:\/\/vbd.dev.sumena.ee\/en\/wp-json\/wp\/v2\/product_tag?post=251774"}],"curies":[{"name":"wp","href":"https:\/\/api.w.org\/{rel}","templated":true}]}}