{"id":251751,"date":"2025-12-21T09:13:23","date_gmt":"2025-12-21T06:13:23","guid":{"rendered":"https:\/\/vbd.dev.sumena.ee\/?post_type=product&#038;p=251751"},"modified":"2026-02-12T16:47:55","modified_gmt":"2026-02-12T13:47:55","slug":"karastusjook-coca-cola-330-ml","status":"publish","type":"product","link":"https:\/\/vbd.dev.sumena.ee\/en\/product-2\/karastusjook-coca-cola-330-ml\/","title":{"rendered":"Karastusjook Coca-Cola, 330 ml"},"content":{"rendered":"<p><strong>Koostisosad<\/strong>: vesi, suhkur, s\u00fcsihappegaas, toiduv\u00e4rv E 150d, hape: fosforhape, looduslikud l\u00f5hna- ja maitseained k.a kofeiin<\/p>\n<table class=\"ProductNutrition\" data-v-33cd2938=\"\">\n<tbody data-v-33cd2938=\"\">\n<tr data-v-33cd2938=\"\">\n<th class=\"ProductNutrition__title\" colspan=\"2\" data-v-33cd2938=\"\">100 grammi kohta<\/th>\n<\/tr>\n<tr data-v-33cd2938=\"\">\n<th class=\"ProductNutrition__label\" data-v-33cd2938=\"\">Energiasisaldus (KJ\/Kcal)<\/th>\n<td class=\"ProductNutrition__value\" data-v-33cd2938=\"\">175,7kJ\/42kcal<\/td>\n<\/tr>\n<tr data-v-33cd2938=\"\">\n<th class=\"ProductNutrition__label\" data-v-33cd2938=\"\">S\u00fcsivesikud (g)<\/th>\n<td class=\"ProductNutrition__value\" data-v-33cd2938=\"\">10,60<\/td>\n<\/tr>\n<tr data-v-33cd2938=\"\">\n<th class=\"ProductNutrition__label\" data-v-33cd2938=\"\">Millest suhkrud (g)<\/th>\n<td class=\"ProductNutrition__value\" data-v-33cd2938=\"\">10,60<\/td>\n<\/tr>\n<\/tbody>\n<\/table>","protected":false},"excerpt":{"rendered":"<p>Koostisosad: vesi, suhkur, s\u00fcsihappegaas, toiduv\u00e4rv E 150d, hape: fosforhape, looduslikud l\u00f5hna- ja maitseained k.a kofeiin 100 grammi kohta Energiasisaldus (KJ\/Kcal) 175,7kJ\/42kcal S\u00fcsivesikud (g) 10,60 Millest suhkrud (g) 10,60<\/p>","protected":false},"featured_media":251752,"comment_status":"open","ping_status":"closed","template":"","meta":{"_acf_changed":false},"product_brand":[],"product_cat":[164,177,90,79],"product_tag":[],"class_list":{"0":"post-251751","1":"product","2":"type-product","3":"status-publish","4":"has-post-thumbnail","6":"product_cat-joogid-joogid","7":"product_cat-karastus-ja-energiajoogid-toonikud-muu","8":"product_cat-pant","9":"product_cat-joogid","11":"first","12":"instock","13":"sale","14":"taxable","15":"shipping-taxable","16":"purchasable","17":"product-type-simple"},"supplier_id":null,"supplier_sku":"","barcode":null,"atum_controlled":true,"out_stock_date":null,"out_stock_threshold":null,"inheritable":false,"inbound_stock":0,"stock_on_hold":137,"sold_today":133,"sales_last_days":1973,"reserved_stock":0,"customer_returns":0,"warehouse_damage":0,"lost_in_post":0,"other_logs":0,"out_stock_days":0,"lost_sales":0,"has_location":false,"update_date":"2026-02-12T13:48:25","atum_locations":[],"atum_stock_status":"instock","restock_status":true,"low_stock_amount":"","sales_update_date":"2026-02-12T13:48:16","calc_backorders":null,"acf":[],"_links":{"self":[{"href":"https:\/\/vbd.dev.sumena.ee\/en\/wp-json\/wp\/v2\/product\/251751","targetHints":{"allow":["GET"]}}],"collection":[{"href":"https:\/\/vbd.dev.sumena.ee\/en\/wp-json\/wp\/v2\/product"}],"about":[{"href":"https:\/\/vbd.dev.sumena.ee\/en\/wp-json\/wp\/v2\/types\/product"}],"replies":[{"embeddable":true,"href":"https:\/\/vbd.dev.sumena.ee\/en\/wp-json\/wp\/v2\/comments?post=251751"}],"wp:featuredmedia":[{"embeddable":true,"href":"https:\/\/vbd.dev.sumena.ee\/en\/wp-json\/wp\/v2\/media\/251752"}],"wp:attachment":[{"href":"https:\/\/vbd.dev.sumena.ee\/en\/wp-json\/wp\/v2\/media?parent=251751"}],"wp:term":[{"taxonomy":"product_brand","embeddable":true,"href":"https:\/\/vbd.dev.sumena.ee\/en\/wp-json\/wp\/v2\/product_brand?post=251751"},{"taxonomy":"product_cat","embeddable":true,"href":"https:\/\/vbd.dev.sumena.ee\/en\/wp-json\/wp\/v2\/product_cat?post=251751"},{"taxonomy":"product_tag","embeddable":true,"href":"https:\/\/vbd.dev.sumena.ee\/en\/wp-json\/wp\/v2\/product_tag?post=251751"}],"curies":[{"name":"wp","href":"https:\/\/api.w.org\/{rel}","templated":true}]}}