{"id":245492,"date":"2025-05-20T09:06:25","date_gmt":"2025-05-20T06:06:25","guid":{"rendered":"https:\/\/vbd.dev.sumena.ee\/?post_type=product&#038;p=245492"},"modified":"2026-02-11T23:19:01","modified_gmt":"2026-02-11T20:19:01","slug":"dusigeel-moonlight-cactus-hyaluronic-acid-lux-botanicals-750-ml","status":"publish","type":"product","link":"https:\/\/vbd.dev.sumena.ee\/en\/product-2\/dusigeel-moonlight-cactus-hyaluronic-acid-lux-botanicals-750-ml\/","title":{"rendered":"Du\u0161igeel Moonlight Cactus &#038; Hyaluronic Acid, LUX Botanicals, 480 ml"},"content":{"rendered":"<p>Kas soovite muuta tavalise du\u0161i all k\u00e4imise eriliseks elamuseks, mida saadab meeldiv l\u00f5hn? Du\u0161igeel Lux Moonlight Cactus &amp; Hyaluronic Acid Shower Gel aitab teil seda saavutada. Samal ajal kui teie meeli hellitab selle vastupandamatu l\u00f5hn, eemaldab toote vahutav tekstuur nahalt t\u00f5husalt kogu mustuse, ent ei muuda seda asjatult kuivaks. Nii on teil p\u00e4rast du\u0161i all v\u00f5i vannis k\u00e4imist t\u00e4iesti puhas, ent ka sametiselt pehme ja imeliselt l\u00f5hnav nahk. Ka seet\u00f5ttu saab sellest du\u0161igeelist teie igap\u00e4evase h\u00fcgieeni lahutamatu osa, mis muudab pesemise oodatud rituaaliks.<\/p>\n<p>Sisaldab minimaalselt 94% looduslikku p\u00e4ritolu koostisosi.<\/p>","protected":false},"excerpt":{"rendered":"<p>Parim enne: 10.10.2025 Hulgipakend: 6<\/p>","protected":false},"featured_media":245493,"comment_status":"open","ping_status":"closed","template":"","meta":{"_acf_changed":false},"product_brand":[],"product_cat":[158,104],"product_tag":[],"class_list":{"0":"post-245492","1":"product","2":"type-product","3":"status-publish","4":"has-post-thumbnail","6":"product_cat-kehahooldus","7":"product_cat-enesehooldus","9":"first","10":"instock","11":"sale","12":"taxable","13":"shipping-taxable","14":"purchasable","15":"product-type-simple"},"supplier_id":null,"supplier_sku":"","barcode":null,"atum_controlled":true,"out_stock_date":null,"out_stock_threshold":null,"inheritable":false,"inbound_stock":0,"stock_on_hold":2,"sold_today":2,"sales_last_days":4,"reserved_stock":0,"customer_returns":0,"warehouse_damage":0,"lost_in_post":0,"other_logs":0,"out_stock_days":0,"lost_sales":0,"has_location":false,"update_date":"2026-02-11T20:19:59","atum_locations":[],"atum_stock_status":"instock","restock_status":false,"low_stock_amount":"","sales_update_date":"2026-02-11T20:19:53","calc_backorders":null,"acf":[],"_links":{"self":[{"href":"https:\/\/vbd.dev.sumena.ee\/en\/wp-json\/wp\/v2\/product\/245492","targetHints":{"allow":["GET"]}}],"collection":[{"href":"https:\/\/vbd.dev.sumena.ee\/en\/wp-json\/wp\/v2\/product"}],"about":[{"href":"https:\/\/vbd.dev.sumena.ee\/en\/wp-json\/wp\/v2\/types\/product"}],"replies":[{"embeddable":true,"href":"https:\/\/vbd.dev.sumena.ee\/en\/wp-json\/wp\/v2\/comments?post=245492"}],"wp:featuredmedia":[{"embeddable":true,"href":"https:\/\/vbd.dev.sumena.ee\/en\/wp-json\/wp\/v2\/media\/245493"}],"wp:attachment":[{"href":"https:\/\/vbd.dev.sumena.ee\/en\/wp-json\/wp\/v2\/media?parent=245492"}],"wp:term":[{"taxonomy":"product_brand","embeddable":true,"href":"https:\/\/vbd.dev.sumena.ee\/en\/wp-json\/wp\/v2\/product_brand?post=245492"},{"taxonomy":"product_cat","embeddable":true,"href":"https:\/\/vbd.dev.sumena.ee\/en\/wp-json\/wp\/v2\/product_cat?post=245492"},{"taxonomy":"product_tag","embeddable":true,"href":"https:\/\/vbd.dev.sumena.ee\/en\/wp-json\/wp\/v2\/product_tag?post=245492"}],"curies":[{"name":"wp","href":"https:\/\/api.w.org\/{rel}","templated":true}]}}