{"id":244148,"date":"2025-05-16T15:18:55","date_gmt":"2025-05-16T12:18:55","guid":{"rendered":"https:\/\/vbd.dev.sumena.ee\/?post_type=product&#038;p=244148"},"modified":"2026-02-11T19:01:37","modified_gmt":"2026-02-11T16:01:37","slug":"ashwagandha-kapslid-ksm-66-500-mg-60-kapslit","status":"publish","type":"product","link":"https:\/\/vbd.dev.sumena.ee\/en\/product-2\/ashwagandha-kapslid-ksm-66-500-mg-60-kapslit\/","title":{"rendered":"Ashwagandha kapslid KSM-66 500 mg, 60 kapslit"},"content":{"rendered":"<p style=\"font-weight: 400;\"><strong>Ingredients: <\/strong>ashwagandha ekstrakt KSM-66 Ashwagandha, inuliin, L-leutsiin, kapsli kest: h\u00fcdroks\u00fcprop\u00fc\u00fclmet\u00fc\u00fcltselluloos.<\/p>\n<p style=\"font-weight: 400;\"><strong>Tarbimine.<\/strong> Soovitatav on v\u00f5tta 1 tablett \u00fcks kord p\u00e4evas koos veega. Mitte tarvitada \u00fclitundlikkuse (allergia) korral toidulisandite m\u00f5ne koostisosa suhtes. Toodet ei tohi kasutada rahustite, uinutite v\u00f5i epilepsiavastaste ravimite v\u00f5tmise korral. Ashwagandha v\u00f5ib v\u00e4hendada rasestumisvastaste tablettide toimet. Mitte tarvitada koos insuliini v\u00f5i kilpn\u00e4\u00e4rmeravimitega. Toodet ei soovitata kasutada lastel, rasedatel ja imetavatel naistel. Enne toidulisandi kasutamist tuleb konsulteerida arsti v\u00f5i apteekriga. K\u00f5rvaltoimete ilmnemise korral l\u00f5petada toidulisandite kasutamine. Mitte \u00fcletada soovitatavaid annuseid. Toidulisandit ei tohi tarbida toidu asemel. T\u00e4helepanu! Oluline on mitmekesine ja tasakaalustatud toitumine ning tervislik elustiil.<\/p>\n<p style=\"font-weight: 400;\"><strong>S\u00e4ilitamistingimused.<\/strong> S\u00e4ilitada temperatuuril kuni +25 \u00b0C, otsese p\u00e4ikesevalguse eest kaitstuna ja lastele k\u00e4ttesaamatus kohas.<\/p>\n<p style=\"font-weight: 400;\">&#8211; P\u00f5hineb kliinilistel uuringutel<\/p>\n<p style=\"font-weight: 400;\">&#8211; Ei sisalda suhkrut<\/p>\n<p style=\"font-weight: 400;\">&#8211; Ei sisalda laktoosi<\/p>\n<p style=\"font-weight: 400;\">&#8211; Ei sisalda gluteeni<\/p>\n<p style=\"font-weight: 400;\">&#8211; Sobib veganitele<\/p>\n<table style=\"font-weight: 400;\">\n<tbody>\n<tr>\n<td colspan=\"3\" width=\"671\">Toimeained +\/- 10%\u00a0\u00a0\u00a0 p\u00e4evases normis (1 kapsel)\u00a0\u00a0\u00a0\u00a0\u00a0\u00a0\u00a0\u00a0\u00a0\u00a0\u00a0\u00a0\u00a0\u00a0\u00a0\u00a0\u00a0\u00a0\u00a0\u00a0\u00a0\u00a0\u00a0\u00a0\u00a0\u00a0\u00a0\u00a0\u00a0\u00a0\u00a0\u00a0\u00a0\u00a0\u00a0\u00a0\u00a0\u00a0\u00a0\u00a0\u00a0\u00a0\u00a0 *NRV<\/td>\n<\/tr>\n<tr>\n<td rowspan=\"2\" width=\"415\">KSM-66 Ashwagandha juureekstrakt, mis sisaldab:<\/p>\n<p>5% vitanoliide<\/p>\n<p><strong>\u00a0<\/strong><\/td>\n<td width=\"123\">\u00a0\u00a0\u00a0\u00a0\u00a0\u00a0\u00a0 500 mg<\/td>\n<td width=\"132\"><strong>&#8211;<\/strong><\/td>\n<\/tr>\n<tr>\n<td width=\"123\">25 mg<\/td>\n<td width=\"132\"><strong>&#8211;<\/strong><\/td>\n<\/tr>\n<tr>\n<td width=\"415\">L-leutsiini<\/td>\n<td width=\"123\">10 mg<\/td>\n<td width=\"132\"><strong>&#8211;<\/strong><\/td>\n<\/tr>\n<\/tbody>\n<\/table>\n<p style=\"font-weight: 400;\">*NRV \u2013 p\u00e4evane v\u00f5rdluskogus t\u00e4iskasvanule<\/p>\n<p style=\"font-weight: 400;\">","protected":false},"excerpt":{"rendered":"<p>Parim enne: 06.11.2026<\/p>","protected":false},"featured_media":244149,"comment_status":"open","ping_status":"closed","template":"","meta":{"_acf_changed":false},"product_brand":[],"product_cat":[160,104],"product_tag":[],"class_list":{"0":"post-244148","1":"product","2":"type-product","3":"status-publish","4":"has-post-thumbnail","6":"product_cat-tervisekaubad","7":"product_cat-enesehooldus","9":"first","10":"instock","11":"sale","12":"taxable","13":"shipping-taxable","14":"purchasable","15":"product-type-simple"},"supplier_id":null,"supplier_sku":"","barcode":null,"atum_controlled":true,"out_stock_date":null,"out_stock_threshold":null,"inheritable":false,"inbound_stock":0,"stock_on_hold":1,"sold_today":1,"sales_last_days":3,"reserved_stock":0,"customer_returns":0,"warehouse_damage":0,"lost_in_post":0,"other_logs":0,"out_stock_days":0,"lost_sales":0,"has_location":false,"update_date":"2026-02-11T17:31:01","atum_locations":[],"atum_stock_status":"instock","restock_status":true,"low_stock_amount":"","sales_update_date":"2026-02-11T17:30:55","calc_backorders":null,"acf":[],"_links":{"self":[{"href":"https:\/\/vbd.dev.sumena.ee\/en\/wp-json\/wp\/v2\/product\/244148","targetHints":{"allow":["GET"]}}],"collection":[{"href":"https:\/\/vbd.dev.sumena.ee\/en\/wp-json\/wp\/v2\/product"}],"about":[{"href":"https:\/\/vbd.dev.sumena.ee\/en\/wp-json\/wp\/v2\/types\/product"}],"replies":[{"embeddable":true,"href":"https:\/\/vbd.dev.sumena.ee\/en\/wp-json\/wp\/v2\/comments?post=244148"}],"wp:featuredmedia":[{"embeddable":true,"href":"https:\/\/vbd.dev.sumena.ee\/en\/wp-json\/wp\/v2\/media\/244149"}],"wp:attachment":[{"href":"https:\/\/vbd.dev.sumena.ee\/en\/wp-json\/wp\/v2\/media?parent=244148"}],"wp:term":[{"taxonomy":"product_brand","embeddable":true,"href":"https:\/\/vbd.dev.sumena.ee\/en\/wp-json\/wp\/v2\/product_brand?post=244148"},{"taxonomy":"product_cat","embeddable":true,"href":"https:\/\/vbd.dev.sumena.ee\/en\/wp-json\/wp\/v2\/product_cat?post=244148"},{"taxonomy":"product_tag","embeddable":true,"href":"https:\/\/vbd.dev.sumena.ee\/en\/wp-json\/wp\/v2\/product_tag?post=244148"}],"curies":[{"name":"wp","href":"https:\/\/api.w.org\/{rel}","templated":true}]}}