{"id":243711,"date":"2026-01-19T19:07:56","date_gmt":"2026-01-19T16:07:56","guid":{"rendered":"https:\/\/vbd.dev.sumena.ee\/?post_type=product&#038;p=243711"},"modified":"2026-02-12T18:40:35","modified_gmt":"2026-02-12T15:40:35","slug":"kanaliha-ribad-narimiskondil-taiskasvanud-koertele-dogfest-90g","status":"publish","type":"product","link":"https:\/\/vbd.dev.sumena.ee\/en\/product-2\/kanaliha-ribad-narimiskondil-taiskasvanud-koertele-dogfest-90g\/","title":{"rendered":"Kanaliha ribad n\u00e4rimiskondil, t\u00e4iskasvanud koertele, DogFest, 90g"},"content":{"rendered":"<p>T\u00e4iends\u00f6\u00f6t koertele.<br \/>\nKauakestev n\u00e4rimiseks m\u00f5eldud toornahast pulk on kaetud kanarinnafilee ribadega ja aeglaselt ahjus k\u00fcpsetatud. Sellest maiusest v\u00f5ib saada teie koera lemmikmaius.<br \/>\nKoostis: kanaliha 60%, toornahk 33%, taimsed k\u00f5rvalsaadused, mineraalained.<br \/>\nAnal\u00fc\u00fctiline koostis: toorvalk 65%, toorrasv 3,5%, toorkiud 0,2%, toortuhk 3,5%, niiskussisaldus 18%.<br \/>\nMaksimaalne p\u00e4evane kogus: 1-2 tk. Kogust saab reguleerida vastavalt koera vajadustele ja seisundile. V\u00e4rske joogivesi peab olema alati saadaval. \u00c4ra j\u00e4ta koera j\u00e4relvalveta n\u00e4rimise ajal v\u00f5i \u00fcksi maiusepakendiga. Pakendis sisalduv hapniku absorbent ei ole s\u00f6\u00f6dav. S\u00e4ilitada kuivas ja jahedas, p\u00e4rast avamist hoida k\u00fclmikus. Parim enne ja partii: vt pakendilt.<\/p>","protected":false},"excerpt":{"rendered":"<p>T\u00e4iends\u00f6\u00f6t koertele. Kauakestev n\u00e4rimiseks m\u00f5eldud toornahast pulk on kaetud kanarinnafilee ribadega ja aeglaselt ahjus k\u00fcpsetatud. Sellest maiusest v\u00f5ib saada teie koera lemmikmaius. Koostis: kanaliha 60%, toornahk 33%, taimsed k\u00f5rvalsaadused, mineraalained. Anal\u00fc\u00fctiline koostis: toorvalk 65%, toorrasv 3,5%, toorkiud 0,2%, toortuhk 3,5%, niiskussisaldus 18%. Maksimaalne p\u00e4evane kogus: 1-2 tk. Kogust saab reguleerida vastavalt koera vajadustele ja seisundile. [&hellip;]<\/p>","protected":false},"featured_media":243712,"comment_status":"open","ping_status":"closed","template":"","meta":{"_acf_changed":false},"product_brand":[],"product_cat":[91],"product_tag":[],"class_list":{"0":"post-243711","1":"product","2":"type-product","3":"status-publish","4":"has-post-thumbnail","6":"product_cat-loomatoit","8":"first","9":"instock","10":"sale","11":"taxable","12":"shipping-taxable","13":"purchasable","14":"product-type-simple"},"supplier_id":null,"supplier_sku":"","barcode":null,"atum_controlled":true,"out_stock_date":null,"out_stock_threshold":null,"inheritable":false,"inbound_stock":0,"stock_on_hold":18,"sold_today":16,"sales_last_days":127,"reserved_stock":0,"customer_returns":0,"warehouse_damage":0,"lost_in_post":0,"other_logs":0,"out_stock_days":0,"lost_sales":0,"has_location":false,"update_date":"2026-02-12T15:42:29","atum_locations":[],"atum_stock_status":"instock","restock_status":true,"low_stock_amount":"","sales_update_date":"2026-02-12T15:42:19","calc_backorders":null,"acf":[],"_links":{"self":[{"href":"https:\/\/vbd.dev.sumena.ee\/en\/wp-json\/wp\/v2\/product\/243711","targetHints":{"allow":["GET"]}}],"collection":[{"href":"https:\/\/vbd.dev.sumena.ee\/en\/wp-json\/wp\/v2\/product"}],"about":[{"href":"https:\/\/vbd.dev.sumena.ee\/en\/wp-json\/wp\/v2\/types\/product"}],"replies":[{"embeddable":true,"href":"https:\/\/vbd.dev.sumena.ee\/en\/wp-json\/wp\/v2\/comments?post=243711"}],"wp:featuredmedia":[{"embeddable":true,"href":"https:\/\/vbd.dev.sumena.ee\/en\/wp-json\/wp\/v2\/media\/243712"}],"wp:attachment":[{"href":"https:\/\/vbd.dev.sumena.ee\/en\/wp-json\/wp\/v2\/media?parent=243711"}],"wp:term":[{"taxonomy":"product_brand","embeddable":true,"href":"https:\/\/vbd.dev.sumena.ee\/en\/wp-json\/wp\/v2\/product_brand?post=243711"},{"taxonomy":"product_cat","embeddable":true,"href":"https:\/\/vbd.dev.sumena.ee\/en\/wp-json\/wp\/v2\/product_cat?post=243711"},{"taxonomy":"product_tag","embeddable":true,"href":"https:\/\/vbd.dev.sumena.ee\/en\/wp-json\/wp\/v2\/product_tag?post=243711"}],"curies":[{"name":"wp","href":"https:\/\/api.w.org\/{rel}","templated":true}]}}