{"id":243699,"date":"2026-01-19T19:02:19","date_gmt":"2026-01-19T16:02:19","guid":{"rendered":"https:\/\/vbd.dev.sumena.ee\/?post_type=product&#038;p=243699"},"modified":"2026-02-11T00:40:18","modified_gmt":"2026-02-10T21:40:18","slug":"veiseliha-pulgad-ternespiimaga-kutsikatele-dogfest-45g","status":"publish","type":"product","link":"https:\/\/vbd.dev.sumena.ee\/en\/product-2\/veiseliha-pulgad-ternespiimaga-kutsikatele-dogfest-45g\/","title":{"rendered":"Veiseliha pulgad ternespiimaga kutsikatele, DogFest, 45g"},"content":{"rendered":"<p>Ternespiim on tuntud tervisele kasulike omaduste poolest, see sisaldab rikkalikult vitamiine, mida kutsikas tugeva immuuns\u00fcsteemi ja normaalse arengu jaoks vajab.<br \/>\n<strong>Koostis<\/strong>: pardiliha 59.8%, vasikaliha 24%, taimsed subproduktid, lehma ternespiim, mineraalained.<br \/>\n<strong>Anal\u00fc\u00fctilised koostisosad<\/strong>: toorvalk 40%, toorrasv 4%, toorkiud 3%, toortuhk 8%, niiskus 23%.<br \/>\n<strong>Kasutamine<\/strong>: pakkuge p\u00e4eva jooksul maiuspalana. Reguleerige kogust vastavalt lemmiklooma vajadustele ja olukorrale.<\/p>","protected":false},"excerpt":{"rendered":"<p>Ternespiim on tuntud tervisele kasulike omaduste poolest, see sisaldab rikkalikult vitamiine, mida kutsikas tugeva immuuns\u00fcsteemi ja normaalse arengu jaoks vajab. Koostis: pardiliha 59.8%, vasikaliha 24%, taimsed subproduktid, lehma ternespiim, mineraalained. Anal\u00fc\u00fctilised koostisosad: toorvalk 40%, toorrasv 4%, toorkiud 3%, toortuhk 8%, niiskus 23%. Kasutamine: pakkuge p\u00e4eva jooksul maiuspalana. Reguleerige kogust vastavalt lemmiklooma vajadustele ja olukorrale.<\/p>","protected":false},"featured_media":243700,"comment_status":"open","ping_status":"closed","template":"","meta":{"_acf_changed":false},"product_brand":[],"product_cat":[91],"product_tag":[],"class_list":{"0":"post-243699","1":"product","2":"type-product","3":"status-publish","4":"has-post-thumbnail","6":"product_cat-loomatoit","8":"first","9":"instock","10":"sale","11":"taxable","12":"shipping-taxable","13":"purchasable","14":"product-type-simple"},"supplier_id":null,"supplier_sku":"","barcode":null,"atum_controlled":true,"out_stock_date":null,"out_stock_threshold":null,"inheritable":false,"inbound_stock":0,"stock_on_hold":0,"sold_today":0,"sales_last_days":12,"reserved_stock":0,"customer_returns":0,"warehouse_damage":0,"lost_in_post":0,"other_logs":0,"out_stock_days":0,"lost_sales":0,"has_location":false,"update_date":"2026-02-12T12:25:10","atum_locations":[],"atum_stock_status":"instock","restock_status":false,"low_stock_amount":"","sales_update_date":"2026-02-12T12:25:00","calc_backorders":null,"acf":[],"_links":{"self":[{"href":"https:\/\/vbd.dev.sumena.ee\/en\/wp-json\/wp\/v2\/product\/243699","targetHints":{"allow":["GET"]}}],"collection":[{"href":"https:\/\/vbd.dev.sumena.ee\/en\/wp-json\/wp\/v2\/product"}],"about":[{"href":"https:\/\/vbd.dev.sumena.ee\/en\/wp-json\/wp\/v2\/types\/product"}],"replies":[{"embeddable":true,"href":"https:\/\/vbd.dev.sumena.ee\/en\/wp-json\/wp\/v2\/comments?post=243699"}],"wp:featuredmedia":[{"embeddable":true,"href":"https:\/\/vbd.dev.sumena.ee\/en\/wp-json\/wp\/v2\/media\/243700"}],"wp:attachment":[{"href":"https:\/\/vbd.dev.sumena.ee\/en\/wp-json\/wp\/v2\/media?parent=243699"}],"wp:term":[{"taxonomy":"product_brand","embeddable":true,"href":"https:\/\/vbd.dev.sumena.ee\/en\/wp-json\/wp\/v2\/product_brand?post=243699"},{"taxonomy":"product_cat","embeddable":true,"href":"https:\/\/vbd.dev.sumena.ee\/en\/wp-json\/wp\/v2\/product_cat?post=243699"},{"taxonomy":"product_tag","embeddable":true,"href":"https:\/\/vbd.dev.sumena.ee\/en\/wp-json\/wp\/v2\/product_tag?post=243699"}],"curies":[{"name":"wp","href":"https:\/\/api.w.org\/{rel}","templated":true}]}}