{"id":240240,"date":"2025-11-19T20:51:17","date_gmt":"2025-11-19T17:51:17","guid":{"rendered":"https:\/\/vbd.dev.sumena.ee\/?post_type=product&#038;p=240240"},"modified":"2026-02-11T18:29:42","modified_gmt":"2026-02-11T15:29:42","slug":"kreem-astelpajuoliga-krauterhof-250-ml","status":"publish","type":"product","link":"https:\/\/vbd.dev.sumena.ee\/en\/product-2\/kreem-astelpajuoliga-krauterhof-250-ml\/","title":{"rendered":"Kreem astelpaju\u00f5liga, Kr\u00e4uterhof, 250 ml"},"content":{"rendered":"<div class=\"classic-editor\">\n<p>Kreem sheav\u00f5i ning vitamiinirohke astelpaju\u00f5liga on spetsiaalselt k\u00fcpsele ja n\u00f5udlikule nahale. Rikkaliku koostisega, intensiivselt hooldav kreem hellitab ja niisutab nahka ning j\u00e4tab selle siidiselt pehmeks ja siledaks.<br \/>\nKandke nahale ja masseerige kergelt sisse. Ainult v\u00e4lispidiseks kasutamiseks. V\u00e4ltige kreemi sattumist silma.<\/p>\n<p>Maht: 250 ml<\/p>\n<\/div>\n<div class=\"classic-editor\">\n<p><strong>Koostis:<\/strong> Aqua, Paraffinum Liquidum, Methylpropanediol, Glyceryl Stearate, Glycerin, Cetearyl Alcohol, Butyrospermum Parkii Butter, Isopropyl Myristate, Hippophae Rhamnoides Fruit Oil, Panthenol, Ethylhexylglycerin, Ceteareth-20, Ceteareth-12, Cetyl Palmitate, Disodium EDTA, Dimethicone, Sodium Carbomer, Parfum, Amyl Cinnamal, Citronellol, Hexyl Cinnamal, Linalool, Phenoxyethanol<\/p>\n<\/div>","protected":false},"excerpt":{"rendered":"<p>Parim enne: 01.06.2025<\/p>","protected":false},"featured_media":240241,"comment_status":"open","ping_status":"closed","template":"","meta":{"_acf_changed":false},"product_brand":[],"product_cat":[158,104],"product_tag":[],"class_list":{"0":"post-240240","1":"product","2":"type-product","3":"status-publish","4":"has-post-thumbnail","6":"product_cat-kehahooldus","7":"product_cat-enesehooldus","9":"first","10":"instock","11":"sale","12":"taxable","13":"shipping-taxable","14":"purchasable","15":"product-type-simple"},"supplier_id":null,"supplier_sku":"","barcode":null,"atum_controlled":true,"out_stock_date":null,"out_stock_threshold":null,"inheritable":false,"inbound_stock":0,"stock_on_hold":2,"sold_today":2,"sales_last_days":27,"reserved_stock":0,"customer_returns":0,"warehouse_damage":0,"lost_in_post":0,"other_logs":0,"out_stock_days":0,"lost_sales":0,"has_location":false,"update_date":"2026-02-11T18:52:36","atum_locations":[],"atum_stock_status":"instock","restock_status":false,"low_stock_amount":"","sales_update_date":"2026-02-11T18:52:29","calc_backorders":null,"acf":[],"_links":{"self":[{"href":"https:\/\/vbd.dev.sumena.ee\/en\/wp-json\/wp\/v2\/product\/240240","targetHints":{"allow":["GET"]}}],"collection":[{"href":"https:\/\/vbd.dev.sumena.ee\/en\/wp-json\/wp\/v2\/product"}],"about":[{"href":"https:\/\/vbd.dev.sumena.ee\/en\/wp-json\/wp\/v2\/types\/product"}],"replies":[{"embeddable":true,"href":"https:\/\/vbd.dev.sumena.ee\/en\/wp-json\/wp\/v2\/comments?post=240240"}],"wp:featuredmedia":[{"embeddable":true,"href":"https:\/\/vbd.dev.sumena.ee\/en\/wp-json\/wp\/v2\/media\/240241"}],"wp:attachment":[{"href":"https:\/\/vbd.dev.sumena.ee\/en\/wp-json\/wp\/v2\/media?parent=240240"}],"wp:term":[{"taxonomy":"product_brand","embeddable":true,"href":"https:\/\/vbd.dev.sumena.ee\/en\/wp-json\/wp\/v2\/product_brand?post=240240"},{"taxonomy":"product_cat","embeddable":true,"href":"https:\/\/vbd.dev.sumena.ee\/en\/wp-json\/wp\/v2\/product_cat?post=240240"},{"taxonomy":"product_tag","embeddable":true,"href":"https:\/\/vbd.dev.sumena.ee\/en\/wp-json\/wp\/v2\/product_tag?post=240240"}],"curies":[{"name":"wp","href":"https:\/\/api.w.org\/{rel}","templated":true}]}}