{"id":240233,"date":"2025-11-19T11:45:23","date_gmt":"2025-11-19T08:45:23","guid":{"rendered":"https:\/\/vbd.dev.sumena.ee\/?post_type=product&#038;p=240233"},"modified":"2026-02-12T12:54:19","modified_gmt":"2026-02-12T09:54:19","slug":"kehakreem-kibuvitsa-oliga-krauterhof-250ml","status":"publish","type":"product","link":"https:\/\/vbd.dev.sumena.ee\/en\/product-2\/kehakreem-kibuvitsa-oliga-krauterhof-250ml\/","title":{"rendered":"Kehakreem Kibuvitsa \u00f5liga, Kr\u00e4uterhof, 250ml"},"content":{"rendered":"<div class=\"classic-editor\">\n<p>Kehakreem kibuvitsa\u00f5liga 250ml purk. Sisaldab rikkalikult aktiivseid koostisosi, sealhulgas sheav\u00f5id ja vitamiine. Niisutab nahka ja j\u00e4tab meeldiva t\u00e4idlase ja sametise tunde. Kanda puhtale kuivale nahale \u00fcle kogu keha. Masseerida \u00f5rnalt kuni imendumiseni.<\/p>\n<\/div>\n<div class=\"classic-editor\">\n<p><strong>Ingredients:<\/strong> Aqua, Glycerin, Paraffinum Liquidum, Methylpropanediol, Glyceril Stearate, Cetearyl Alcohol, Rosa Canina Fruit Oil, Butyrospermum Parkii Butter, Panthenol, Tocopheryl Acetate, Niacinamide, Isopropyl Myristate, Propylene Glycol, Ceteareth-20, Sodium Carbomer, Ceteareth-12, Cetyl Palmitate, Parfum, Ethylhexylgycerin, Disodium Edta, Dimethicone, Phenoxyethanol<\/p>\n<\/div>","protected":false},"excerpt":{"rendered":"<p>Parim enne: 01.06.2025<\/p>","protected":false},"featured_media":240235,"comment_status":"open","ping_status":"closed","template":"","meta":{"_acf_changed":false},"product_brand":[],"product_cat":[158,104],"product_tag":[],"class_list":{"0":"post-240233","1":"product","2":"type-product","3":"status-publish","4":"has-post-thumbnail","6":"product_cat-kehahooldus","7":"product_cat-enesehooldus","9":"first","10":"instock","11":"sale","12":"taxable","13":"shipping-taxable","14":"purchasable","15":"product-type-simple"},"supplier_id":null,"supplier_sku":"","barcode":null,"atum_controlled":true,"out_stock_date":null,"out_stock_threshold":null,"inheritable":false,"inbound_stock":0,"stock_on_hold":3,"sold_today":1,"sales_last_days":17,"reserved_stock":0,"customer_returns":0,"warehouse_damage":0,"lost_in_post":0,"other_logs":0,"out_stock_days":0,"lost_sales":0,"has_location":false,"update_date":"2026-02-12T15:32:09","atum_locations":[],"atum_stock_status":"instock","restock_status":false,"low_stock_amount":"","sales_update_date":"2026-02-12T15:32:00","calc_backorders":null,"acf":[],"_links":{"self":[{"href":"https:\/\/vbd.dev.sumena.ee\/en\/wp-json\/wp\/v2\/product\/240233","targetHints":{"allow":["GET"]}}],"collection":[{"href":"https:\/\/vbd.dev.sumena.ee\/en\/wp-json\/wp\/v2\/product"}],"about":[{"href":"https:\/\/vbd.dev.sumena.ee\/en\/wp-json\/wp\/v2\/types\/product"}],"replies":[{"embeddable":true,"href":"https:\/\/vbd.dev.sumena.ee\/en\/wp-json\/wp\/v2\/comments?post=240233"}],"wp:featuredmedia":[{"embeddable":true,"href":"https:\/\/vbd.dev.sumena.ee\/en\/wp-json\/wp\/v2\/media\/240235"}],"wp:attachment":[{"href":"https:\/\/vbd.dev.sumena.ee\/en\/wp-json\/wp\/v2\/media?parent=240233"}],"wp:term":[{"taxonomy":"product_brand","embeddable":true,"href":"https:\/\/vbd.dev.sumena.ee\/en\/wp-json\/wp\/v2\/product_brand?post=240233"},{"taxonomy":"product_cat","embeddable":true,"href":"https:\/\/vbd.dev.sumena.ee\/en\/wp-json\/wp\/v2\/product_cat?post=240233"},{"taxonomy":"product_tag","embeddable":true,"href":"https:\/\/vbd.dev.sumena.ee\/en\/wp-json\/wp\/v2\/product_tag?post=240233"}],"curies":[{"name":"wp","href":"https:\/\/api.w.org\/{rel}","templated":true}]}}