{"id":240231,"date":"2025-05-07T11:43:28","date_gmt":"2025-05-07T08:43:28","guid":{"rendered":"https:\/\/vbd.dev.sumena.ee\/?post_type=product&#038;p=240231"},"modified":"2026-02-11T17:21:05","modified_gmt":"2026-02-11T14:21:05","slug":"saraandev-naooli-bell-hypoallergenic-8-ml","status":"publish","type":"product","link":"https:\/\/vbd.dev.sumena.ee\/en\/product-2\/saraandev-naooli-bell-hypoallergenic-8-ml\/","title":{"rendered":"S\u00e4raandev n\u00e4o\u00f5li, Bell HYPOAllergenic 8 ml"},"content":{"rendered":"<p>Puuviljap\u00f5hine n\u00e4o\u00f5li sobib h\u00e4sti nii meigialuseks kui ka iseseisvaks eliksiiriks, et tuua esile naha loomulik ilu. Toode annab nahale \u00f5rna s\u00e4ra, muutes selle v\u00e4rskeks ja s\u00e4ravaks. Kerge ja kiiresti imenduv tekstuur levib \u00fchtlaselt. Koostis sisaldab argaania\u00f5li, aprikoosituuma\u00f5li, arbuusi ekstrakti ja p\u00e4evalille\u00f5li, mis toidavad, pehmendavad ja kaitsevad nahka v\u00e4listingimuste kahjulike m\u00f5jude eest.<\/p>\n<p>Toode on vegan, PETA sertifitseeritud. 95% loodusliku p\u00e4ritoluga koostisosad. Ei sisalda mikroplastikut. Testitud dermatoloogi j\u00e4relevalve all.<\/p>\n<p>Kasutamine: kandke toodet s\u00f5rmedega v\u00f5i pintsliga suunaga n\u00e4o keskosast v\u00e4ljapoole. Kasutage iseseisvalt v\u00f5i meigi all.<\/p>","protected":false},"excerpt":{"rendered":"<p>Parim enne: 01.06.2025<\/p>","protected":false},"featured_media":240232,"comment_status":"open","ping_status":"closed","template":"","meta":{"_acf_changed":false},"product_brand":[],"product_cat":[156,104],"product_tag":[],"class_list":{"0":"post-240231","1":"product","2":"type-product","3":"status-publish","4":"has-post-thumbnail","6":"product_cat-naohooldus","7":"product_cat-enesehooldus","9":"first","10":"instock","11":"sale","12":"taxable","13":"shipping-taxable","14":"purchasable","15":"product-type-simple"},"supplier_id":null,"supplier_sku":"","barcode":null,"atum_controlled":true,"out_stock_date":null,"out_stock_threshold":null,"inheritable":false,"inbound_stock":0,"stock_on_hold":2,"sold_today":0,"sales_last_days":11,"reserved_stock":0,"customer_returns":0,"warehouse_damage":0,"lost_in_post":0,"other_logs":0,"out_stock_days":0,"lost_sales":0,"has_location":false,"update_date":"2026-02-12T09:36:44","atum_locations":[],"atum_stock_status":"instock","restock_status":true,"low_stock_amount":"","sales_update_date":"2026-02-12T09:36:34","calc_backorders":null,"acf":[],"_links":{"self":[{"href":"https:\/\/vbd.dev.sumena.ee\/en\/wp-json\/wp\/v2\/product\/240231","targetHints":{"allow":["GET"]}}],"collection":[{"href":"https:\/\/vbd.dev.sumena.ee\/en\/wp-json\/wp\/v2\/product"}],"about":[{"href":"https:\/\/vbd.dev.sumena.ee\/en\/wp-json\/wp\/v2\/types\/product"}],"replies":[{"embeddable":true,"href":"https:\/\/vbd.dev.sumena.ee\/en\/wp-json\/wp\/v2\/comments?post=240231"}],"wp:featuredmedia":[{"embeddable":true,"href":"https:\/\/vbd.dev.sumena.ee\/en\/wp-json\/wp\/v2\/media\/240232"}],"wp:attachment":[{"href":"https:\/\/vbd.dev.sumena.ee\/en\/wp-json\/wp\/v2\/media?parent=240231"}],"wp:term":[{"taxonomy":"product_brand","embeddable":true,"href":"https:\/\/vbd.dev.sumena.ee\/en\/wp-json\/wp\/v2\/product_brand?post=240231"},{"taxonomy":"product_cat","embeddable":true,"href":"https:\/\/vbd.dev.sumena.ee\/en\/wp-json\/wp\/v2\/product_cat?post=240231"},{"taxonomy":"product_tag","embeddable":true,"href":"https:\/\/vbd.dev.sumena.ee\/en\/wp-json\/wp\/v2\/product_tag?post=240231"}],"curies":[{"name":"wp","href":"https:\/\/api.w.org\/{rel}","templated":true}]}}