{"id":240225,"date":"2025-05-07T11:38:35","date_gmt":"2025-05-07T08:38:35","guid":{"rendered":"https:\/\/vbd.dev.sumena.ee\/?post_type=product&#038;p=240225"},"modified":"2026-02-12T13:08:08","modified_gmt":"2026-02-12T10:08:08","slug":"tumendavad-tilgad-bell-hypoallergenic-8ml","status":"publish","type":"product","link":"https:\/\/vbd.dev.sumena.ee\/en\/product-2\/tumendavad-tilgad-bell-hypoallergenic-8ml\/","title":{"rendered":"Tumendavad tilgad, Bell HYPOAllergenic 8ml"},"content":{"rendered":"<p>Need tilgad tumendavad n\u00e4okreemi v\u00f5i jumestuskreemi tooni, ilma toote katvust, kestvust ega l\u00f5pptulemust m\u00f5jutamata. Tumeduastet saab reguleerida, vastavalt naha toonile ning mugav pakend v\u00f5imaldab \u00f5ige koguse lisamist. Vegan koostis sisaldab p\u00e4evalille\u00f5li ja kasulikke arbuusi, granaat\u00f5una ja lit\u0161i ekstrakte.<\/p>\n<p>Sobib veganitele, koostis j\u00e4rgib Clean Beauty suundi. PETA sertifitseeritud. Ei sisalda mikroplastikut. Testitud dermatoloogi j\u00e4relevalve all.<\/p>\n<p>Kasutamine: lisage paar tilka meigip\u00f5hjale ja segage, et saavutada sobiv tumedam toon.<\/p>\n<p>&nbsp;<\/p>","protected":false},"excerpt":{"rendered":"<p>Parim enne: 01.06.2025<\/p>","protected":false},"featured_media":240226,"comment_status":"open","ping_status":"closed","template":"","meta":{"_acf_changed":false},"product_brand":[],"product_cat":[156,104],"product_tag":[],"class_list":{"0":"post-240225","1":"product","2":"type-product","3":"status-publish","4":"has-post-thumbnail","6":"product_cat-naohooldus","7":"product_cat-enesehooldus","9":"first","10":"instock","11":"sale","12":"taxable","13":"shipping-taxable","14":"purchasable","15":"product-type-simple"},"supplier_id":null,"supplier_sku":"","barcode":null,"atum_controlled":true,"out_stock_date":null,"out_stock_threshold":null,"inheritable":false,"inbound_stock":0,"stock_on_hold":1,"sold_today":1,"sales_last_days":5,"reserved_stock":0,"customer_returns":0,"warehouse_damage":0,"lost_in_post":0,"other_logs":0,"out_stock_days":0,"lost_sales":0,"has_location":false,"update_date":"2026-02-12T15:22:55","atum_locations":[],"atum_stock_status":"instock","restock_status":false,"low_stock_amount":"","sales_update_date":"2026-02-12T15:22:46","calc_backorders":null,"acf":[],"_links":{"self":[{"href":"https:\/\/vbd.dev.sumena.ee\/en\/wp-json\/wp\/v2\/product\/240225","targetHints":{"allow":["GET"]}}],"collection":[{"href":"https:\/\/vbd.dev.sumena.ee\/en\/wp-json\/wp\/v2\/product"}],"about":[{"href":"https:\/\/vbd.dev.sumena.ee\/en\/wp-json\/wp\/v2\/types\/product"}],"replies":[{"embeddable":true,"href":"https:\/\/vbd.dev.sumena.ee\/en\/wp-json\/wp\/v2\/comments?post=240225"}],"wp:featuredmedia":[{"embeddable":true,"href":"https:\/\/vbd.dev.sumena.ee\/en\/wp-json\/wp\/v2\/media\/240226"}],"wp:attachment":[{"href":"https:\/\/vbd.dev.sumena.ee\/en\/wp-json\/wp\/v2\/media?parent=240225"}],"wp:term":[{"taxonomy":"product_brand","embeddable":true,"href":"https:\/\/vbd.dev.sumena.ee\/en\/wp-json\/wp\/v2\/product_brand?post=240225"},{"taxonomy":"product_cat","embeddable":true,"href":"https:\/\/vbd.dev.sumena.ee\/en\/wp-json\/wp\/v2\/product_cat?post=240225"},{"taxonomy":"product_tag","embeddable":true,"href":"https:\/\/vbd.dev.sumena.ee\/en\/wp-json\/wp\/v2\/product_tag?post=240225"}],"curies":[{"name":"wp","href":"https:\/\/api.w.org\/{rel}","templated":true}]}}