{"id":240217,"date":"2025-05-07T11:27:01","date_gmt":"2025-05-07T08:27:01","guid":{"rendered":"https:\/\/vbd.dev.sumena.ee\/?post_type=product&#038;p=240217"},"modified":"2026-02-12T13:08:08","modified_gmt":"2026-02-12T10:08:08","slug":"virsikulohnaline-toitev-naopiim-yolyn-20-ml","status":"publish","type":"product","link":"https:\/\/vbd.dev.sumena.ee\/en\/product-2\/virsikulohnaline-toitev-naopiim-yolyn-20-ml\/","title":{"rendered":"Virsikul\u00f5hnaline Toitev N\u00e4opiim, YOLYN, 20 ml"},"content":{"rendered":"<p>Virsikul\u00f5hnaline toitev n\u00e4opiim. Sisaldab rohebiootilist fermenti mis tugevdab naha mikrobioomi, pakkudes kaitsebarj\u00e4\u00e4ri v\u00e4liste m\u00f5jutuste eest. Virsikuekstrakt puhastab ja toidab nahka. Naudi h\u00e4mmastavat l\u00f5hna! V\u00e4ltida silma sattumist.<\/p>\n<p>Aqua, Vitis Vinifera Seed Oil, Prunus Amygdalus Dulcis Oil, Glycerin, Isoamyl Laurate, Prunus Persica Fruit Extract, Galactomyces Ferment Filtrate, Terminalia Ferdinandiana Fruit Extract, Adansonia Digitata Fruit Extract, Persea Gratissima Fruit Extract, Glyceryl Stearate SE, Cetearyl Alcohol, Ceteareth-25, Tocopheryl Acetate, Citric Acid, Xanthan Gum, Parfum, Diethylhexyl Syringylidenemalonate, Butyl<br \/>\nMethoxydibenzoylmethane, Ethylhexyl Salicylate, Dehydroacetic Acid, Benzyl Alcohol, Sodium Benzoate, Potassium Sorbate, Citronellol, Hexyl Cinnamal, Linalool, CI 15985.<\/p>","protected":false},"excerpt":{"rendered":"<p>Parim enne: 01.06.2025<\/p>","protected":false},"featured_media":240218,"comment_status":"open","ping_status":"closed","template":"","meta":{"_acf_changed":false},"product_brand":[],"product_cat":[156,104],"product_tag":[],"class_list":{"0":"post-240217","1":"product","2":"type-product","3":"status-publish","4":"has-post-thumbnail","6":"product_cat-naohooldus","7":"product_cat-enesehooldus","9":"first","10":"instock","11":"sale","12":"taxable","13":"shipping-taxable","14":"purchasable","15":"product-type-simple"},"supplier_id":null,"supplier_sku":"","barcode":null,"atum_controlled":true,"out_stock_date":null,"out_stock_threshold":null,"inheritable":false,"inbound_stock":0,"stock_on_hold":0,"sold_today":1,"sales_last_days":26,"reserved_stock":0,"customer_returns":0,"warehouse_damage":0,"lost_in_post":0,"other_logs":0,"out_stock_days":0,"lost_sales":0,"has_location":false,"update_date":"2026-02-12T15:00:55","atum_locations":[],"atum_stock_status":"instock","restock_status":true,"low_stock_amount":"","sales_update_date":"2026-02-12T15:00:46","calc_backorders":null,"acf":[],"_links":{"self":[{"href":"https:\/\/vbd.dev.sumena.ee\/en\/wp-json\/wp\/v2\/product\/240217","targetHints":{"allow":["GET"]}}],"collection":[{"href":"https:\/\/vbd.dev.sumena.ee\/en\/wp-json\/wp\/v2\/product"}],"about":[{"href":"https:\/\/vbd.dev.sumena.ee\/en\/wp-json\/wp\/v2\/types\/product"}],"replies":[{"embeddable":true,"href":"https:\/\/vbd.dev.sumena.ee\/en\/wp-json\/wp\/v2\/comments?post=240217"}],"wp:featuredmedia":[{"embeddable":true,"href":"https:\/\/vbd.dev.sumena.ee\/en\/wp-json\/wp\/v2\/media\/240218"}],"wp:attachment":[{"href":"https:\/\/vbd.dev.sumena.ee\/en\/wp-json\/wp\/v2\/media?parent=240217"}],"wp:term":[{"taxonomy":"product_brand","embeddable":true,"href":"https:\/\/vbd.dev.sumena.ee\/en\/wp-json\/wp\/v2\/product_brand?post=240217"},{"taxonomy":"product_cat","embeddable":true,"href":"https:\/\/vbd.dev.sumena.ee\/en\/wp-json\/wp\/v2\/product_cat?post=240217"},{"taxonomy":"product_tag","embeddable":true,"href":"https:\/\/vbd.dev.sumena.ee\/en\/wp-json\/wp\/v2\/product_tag?post=240217"}],"curies":[{"name":"wp","href":"https:\/\/api.w.org\/{rel}","templated":true}]}}