{"id":240207,"date":"2025-05-07T11:10:12","date_gmt":"2025-05-07T08:10:12","guid":{"rendered":"https:\/\/vbd.dev.sumena.ee\/?post_type=product&#038;p=240207"},"modified":"2026-02-11T23:27:34","modified_gmt":"2026-02-11T20:27:34","slug":"jumalanna-suudlus-kinkekomplekt-dushigeel-250mlkehalohnastaja-150ml","status":"publish","type":"product","link":"https:\/\/vbd.dev.sumena.ee\/en\/product-2\/jumalanna-suudlus-kinkekomplekt-dushigeel-250mlkehalohnastaja-150ml\/","title":{"rendered":"Jumalanna suudlus kinkekomplekt dushigeel 250ml+kehal\u00f5hnastaja 150ml"},"content":{"rendered":"<div class=\"classic-editor\">\n<p>Goddess Kiss kinkekomplekt, milles on\u00a0 l\u00f5hnastatud du\u0161igeel 250 ml + kehal\u00f5hnastaja 150 ml. Du\u0161igeel \u2013 vabastage jumalanna enda sees, riietage oma keha kiusatuse l\u00f5hnavate vahtudega! Selle du\u0161igeeli rahustav koostis puhastab \u00f5rnalt, samas kui aaloe essents toidab, rahustab ja niisutab nahka. Kehal\u00f5hnastaja \u2013 vabastage jumalanna enda sees, riietage oma keha kiusatuse l\u00f5hnaga! See sisaldab enam kui 95% looduslikke koostisosi, alkoholisisaldus on 100% taimne. V\u00e4rvainevaba toode. V\u00e4ga tuleohtlik vedelik ja aur. Hoida lastele k\u00e4ttesaamatus kohas. Hoida eemal kuumusest, kuumadest pindadest, s\u00e4demetest, lahtisest leegist ja muudest s\u00fc\u00fcteallikatest, k.a. suitsetamisest. Kasutamine: pihustage toodet katmata nahapinnale. www.startlan.ee<\/p>\n<\/div>\n<div class=\"classic-editor\">\n<p><strong>Kehasprei:<\/strong> Aqua, Alcohol Denat., Parfum, Propylene Glycol, PEG-40 Hydrogenated Castor Oil, Benzyl Salicylate, Coumarin, Linalool, Hydroxycitronellal, Limonene.<\/p>\n<p><strong>Dushigeel:<\/strong> Aqua, Sodium Laureth Sulfate, Cocamidopropyl Betaine, Aloe Barbadensis Leaf Juice, Glycerin, Glycereth, 7 Caprylate\/Caprate, Sodium Chloride, Coco Glucoside, Glyceryl Oleate, Parfum, Methylchloroisothiazolinone, Methylisothiazolinone, Disodium EDTA, Citric Acid, Benzyl Salicylate, Linalool.<\/p>\n<\/div>","protected":false},"excerpt":{"rendered":"<p>Parim enne: 01.06.2025<\/p>","protected":false},"featured_media":240208,"comment_status":"open","ping_status":"closed","template":"","meta":{"_acf_changed":false},"product_brand":[],"product_cat":[158,104],"product_tag":[],"class_list":{"0":"post-240207","1":"product","2":"type-product","3":"status-publish","4":"has-post-thumbnail","6":"product_cat-kehahooldus","7":"product_cat-enesehooldus","9":"first","10":"instock","11":"sale","12":"taxable","13":"shipping-taxable","14":"purchasable","15":"product-type-simple"},"supplier_id":null,"supplier_sku":"","barcode":null,"atum_controlled":true,"out_stock_date":null,"out_stock_threshold":null,"inheritable":false,"inbound_stock":0,"stock_on_hold":1,"sold_today":1,"sales_last_days":3,"reserved_stock":0,"customer_returns":0,"warehouse_damage":0,"lost_in_post":0,"other_logs":0,"out_stock_days":0,"lost_sales":0,"has_location":false,"update_date":"2026-02-11T20:30:39","atum_locations":[],"atum_stock_status":"instock","restock_status":false,"low_stock_amount":"","sales_update_date":"2026-02-11T20:30:32","calc_backorders":null,"acf":[],"_links":{"self":[{"href":"https:\/\/vbd.dev.sumena.ee\/en\/wp-json\/wp\/v2\/product\/240207","targetHints":{"allow":["GET"]}}],"collection":[{"href":"https:\/\/vbd.dev.sumena.ee\/en\/wp-json\/wp\/v2\/product"}],"about":[{"href":"https:\/\/vbd.dev.sumena.ee\/en\/wp-json\/wp\/v2\/types\/product"}],"replies":[{"embeddable":true,"href":"https:\/\/vbd.dev.sumena.ee\/en\/wp-json\/wp\/v2\/comments?post=240207"}],"wp:featuredmedia":[{"embeddable":true,"href":"https:\/\/vbd.dev.sumena.ee\/en\/wp-json\/wp\/v2\/media\/240208"}],"wp:attachment":[{"href":"https:\/\/vbd.dev.sumena.ee\/en\/wp-json\/wp\/v2\/media?parent=240207"}],"wp:term":[{"taxonomy":"product_brand","embeddable":true,"href":"https:\/\/vbd.dev.sumena.ee\/en\/wp-json\/wp\/v2\/product_brand?post=240207"},{"taxonomy":"product_cat","embeddable":true,"href":"https:\/\/vbd.dev.sumena.ee\/en\/wp-json\/wp\/v2\/product_cat?post=240207"},{"taxonomy":"product_tag","embeddable":true,"href":"https:\/\/vbd.dev.sumena.ee\/en\/wp-json\/wp\/v2\/product_tag?post=240207"}],"curies":[{"name":"wp","href":"https:\/\/api.w.org\/{rel}","templated":true}]}}