{"id":240189,"date":"2025-05-07T10:47:24","date_gmt":"2025-05-07T07:47:24","guid":{"rendered":"https:\/\/vbd.dev.sumena.ee\/?post_type=product&#038;p=240189"},"modified":"2026-02-11T02:25:45","modified_gmt":"2026-02-10T23:25:45","slug":"orgaaniline-kanepiseemneoli-seerum-biovegane-30ml","status":"publish","type":"product","link":"https:\/\/vbd.dev.sumena.ee\/en\/product-2\/orgaaniline-kanepiseemneoli-seerum-biovegane-30ml\/","title":{"rendered":"Orgaaniline Kanepiseemne\u00f5li Seerum, BioVegane, 30ml"},"content":{"rendered":"<p>Kerge \u00f5liseerum supertoidu-ekstraktiga \u00f6koloogilisest kanepiseemne\u00f5list, aaloe verast ja \u201c\u201dantistress kompleksist\u201d\u201d \u00fchendab seerumi efektiivsuse \u00f5li regenereeriva j\u00f5uga ning sobib k\u00f5ikidele nahat\u00fc\u00fcpidele. Tekstuur on rikastatud omega-rasvhapetega, imendub kiiresti ning kaitseb nahka niiskuse kadumise ja \u00b4naha stressi\u00b4 eest. Naha kaitse barj\u00e4\u00e4r tugevneb ja tasakaalustub. \u00dcldise l\u00f5\u00f5gastunud naha tunde heaks.<br \/>\nKasutamine: Kanna nahale hommikuti ja \u00f5htuti peale puhastamist. Lase m\u00f5juda ja j\u00e4tka hooldustootega.<\/p>\n<p><strong>KOOSTISOSAD:<\/strong><\/p>\n<p>GLYCINE SOJA (SOYBEAN) OIL* \u2022 COCO-CAPRYLATE \u2022 CANNABIS SATIVA (HEMP) SEED OIL* \u2022 PRUNUS AMYGDALUS DULCIS (SWEET ALMOND) OIL* \u2022 SIMMONDSIA CHINENSIS (JOJOBA) SEED OIL* \u2022 HELIANTHUS ANNUUS (SUNFLOWER) SEED OIL \u2022 TOCOPHEROL \u2022 BRASSICA CAMPESTRIS (RAPESEED) STEROLS \u2022 ALOE BARBADENSIS LEAF EXTRACT \u2022 CETEARYL ALCOHOL \u2022 PARFUM (FRAGRANCE) \u2022 LIMONENE** \u2022 LINALOOL** \u2022 GERANIOL** \u2022 CITRAL<\/p>","protected":false},"excerpt":{"rendered":"<p>Parim enne: 09.08.2025<\/p>","protected":false},"featured_media":240191,"comment_status":"open","ping_status":"closed","template":"","meta":{"_acf_changed":false},"product_brand":[],"product_cat":[156,104],"product_tag":[],"class_list":{"0":"post-240189","1":"product","2":"type-product","3":"status-publish","4":"has-post-thumbnail","6":"product_cat-naohooldus","7":"product_cat-enesehooldus","9":"first","10":"instock","11":"sale","12":"taxable","13":"shipping-taxable","14":"purchasable","15":"product-type-simple"},"supplier_id":null,"supplier_sku":"","barcode":null,"atum_controlled":true,"out_stock_date":null,"out_stock_threshold":null,"inheritable":false,"inbound_stock":0,"stock_on_hold":1,"sold_today":1,"sales_last_days":5,"reserved_stock":0,"customer_returns":0,"warehouse_damage":0,"lost_in_post":0,"other_logs":0,"out_stock_days":0,"lost_sales":0,"has_location":false,"update_date":"2026-02-11T07:50:58","atum_locations":[],"atum_stock_status":"instock","restock_status":false,"low_stock_amount":"","sales_update_date":"2026-02-11T07:50:49","calc_backorders":null,"acf":[],"_links":{"self":[{"href":"https:\/\/vbd.dev.sumena.ee\/en\/wp-json\/wp\/v2\/product\/240189","targetHints":{"allow":["GET"]}}],"collection":[{"href":"https:\/\/vbd.dev.sumena.ee\/en\/wp-json\/wp\/v2\/product"}],"about":[{"href":"https:\/\/vbd.dev.sumena.ee\/en\/wp-json\/wp\/v2\/types\/product"}],"replies":[{"embeddable":true,"href":"https:\/\/vbd.dev.sumena.ee\/en\/wp-json\/wp\/v2\/comments?post=240189"}],"wp:featuredmedia":[{"embeddable":true,"href":"https:\/\/vbd.dev.sumena.ee\/en\/wp-json\/wp\/v2\/media\/240191"}],"wp:attachment":[{"href":"https:\/\/vbd.dev.sumena.ee\/en\/wp-json\/wp\/v2\/media?parent=240189"}],"wp:term":[{"taxonomy":"product_brand","embeddable":true,"href":"https:\/\/vbd.dev.sumena.ee\/en\/wp-json\/wp\/v2\/product_brand?post=240189"},{"taxonomy":"product_cat","embeddable":true,"href":"https:\/\/vbd.dev.sumena.ee\/en\/wp-json\/wp\/v2\/product_cat?post=240189"},{"taxonomy":"product_tag","embeddable":true,"href":"https:\/\/vbd.dev.sumena.ee\/en\/wp-json\/wp\/v2\/product_tag?post=240189"}],"curies":[{"name":"wp","href":"https:\/\/api.w.org\/{rel}","templated":true}]}}