{"id":240179,"date":"2025-05-07T10:38:21","date_gmt":"2025-05-07T07:38:21","guid":{"rendered":"https:\/\/vbd.dev.sumena.ee\/?post_type=product&#038;p=240179"},"modified":"2026-02-12T13:08:08","modified_gmt":"2026-02-12T10:08:08","slug":"24h-kreem-orgaaniline-acai-biovegane-50ml","status":"publish","type":"product","link":"https:\/\/vbd.dev.sumena.ee\/en\/product-2\/24h-kreem-orgaaniline-acai-biovegane-50ml\/","title":{"rendered":"24h Kreem Orgaaniline ACAI, BioVegane, 50ml"},"content":{"rendered":"<p>BioVegane 24h Kreem Orgaanile ACAI MARJA 50ml<br \/>\nNahka \u00fchtlustav 24-tunnine hooldus koos suurep\u00e4rase supertoidu-ekstraktiga \u00f6koloogilisest acaist ja erilisest matistavast kompleksist klaaristab eba\u00fchtlase naha ning \u00fchtlustab naha tooni. Pooride n\u00e4htavus v\u00e4heneb, naha rasu ja l\u00e4ige v\u00e4heneb toimega.<br \/>\nKasutamine: Kanna hommikuti ja \u00f5htuti puhastatud nahale.<\/p>\n<p><strong>KOOSTISOSAD:<\/strong><\/p>\n<p>AQUA (WATER) \u2022 HELIANTHUS ANNUUS (SUNFLOWER) SEED OIL* \u2022 COCONUT ALKANE \u2022 GLYCERYL STEARATE CITRATE \u2022 GLYCERIN \u2022 BUTYLENE GLYCOL \u2022 CETEARYL ALCOHOL \u2022 SIMMONDSIA CHINENSIS (JOJOBA) SEED OIL* \u2022 DISTARCH PHOSPHATE \u2022 ROSA CANINA FRUIT OIL* \u2022 COCOS NUCIFERA COCONUT) OIL* \u2022 BENZYL ALCOHOL \u2022 CETEARYL GLUCOSIDE \u2022 EUTERPE OLERACEA FRUIT EXTRACT* \u2022 ENANTIA CHLORANTHA BARK EXTRACT \u2022 OLEANOLIC ACID \u2022 PARFUM (FRAGRANCE)** \u2022 LINALOOL** \u2022 LIMONENE** \u2022 BENZYL SALICYLATE** \u2022 CITRONELLOL** \u2022 CITRAL** \u2022 COCO-CAPRYLATE\/CAPRATE \u2022 TO COPHEROL \u2022 XANTHAN GUM \u2022 POTASSIUM SORBATE \u2022 GELLAN GUM \u2022 MORINGA OLEIFERA SEED OIL \u2022 BISABOLOL \u2022 LECITHIN<\/p>","protected":false},"excerpt":{"rendered":"<p>Parim enne: 10.08.2025<\/p>","protected":false},"featured_media":240181,"comment_status":"open","ping_status":"closed","template":"","meta":{"_acf_changed":false},"product_brand":[],"product_cat":[156,104],"product_tag":[],"class_list":{"0":"post-240179","1":"product","2":"type-product","3":"status-publish","4":"has-post-thumbnail","6":"product_cat-naohooldus","7":"product_cat-enesehooldus","9":"first","10":"instock","11":"sale","12":"taxable","13":"shipping-taxable","14":"purchasable","15":"product-type-simple"},"supplier_id":null,"supplier_sku":"","barcode":null,"atum_controlled":true,"out_stock_date":null,"out_stock_threshold":null,"inheritable":false,"inbound_stock":0,"stock_on_hold":0,"sold_today":1,"sales_last_days":3,"reserved_stock":0,"customer_returns":0,"warehouse_damage":0,"lost_in_post":0,"other_logs":0,"out_stock_days":0,"lost_sales":0,"has_location":false,"update_date":"2026-02-12T15:29:37","atum_locations":[],"atum_stock_status":"instock","restock_status":false,"low_stock_amount":"","sales_update_date":"2026-02-12T15:29:28","calc_backorders":null,"acf":[],"_links":{"self":[{"href":"https:\/\/vbd.dev.sumena.ee\/en\/wp-json\/wp\/v2\/product\/240179","targetHints":{"allow":["GET"]}}],"collection":[{"href":"https:\/\/vbd.dev.sumena.ee\/en\/wp-json\/wp\/v2\/product"}],"about":[{"href":"https:\/\/vbd.dev.sumena.ee\/en\/wp-json\/wp\/v2\/types\/product"}],"replies":[{"embeddable":true,"href":"https:\/\/vbd.dev.sumena.ee\/en\/wp-json\/wp\/v2\/comments?post=240179"}],"wp:featuredmedia":[{"embeddable":true,"href":"https:\/\/vbd.dev.sumena.ee\/en\/wp-json\/wp\/v2\/media\/240181"}],"wp:attachment":[{"href":"https:\/\/vbd.dev.sumena.ee\/en\/wp-json\/wp\/v2\/media?parent=240179"}],"wp:term":[{"taxonomy":"product_brand","embeddable":true,"href":"https:\/\/vbd.dev.sumena.ee\/en\/wp-json\/wp\/v2\/product_brand?post=240179"},{"taxonomy":"product_cat","embeddable":true,"href":"https:\/\/vbd.dev.sumena.ee\/en\/wp-json\/wp\/v2\/product_cat?post=240179"},{"taxonomy":"product_tag","embeddable":true,"href":"https:\/\/vbd.dev.sumena.ee\/en\/wp-json\/wp\/v2\/product_tag?post=240179"}],"curies":[{"name":"wp","href":"https:\/\/api.w.org\/{rel}","templated":true}]}}