{"id":240176,"date":"2025-05-07T10:35:59","date_gmt":"2025-05-07T07:35:59","guid":{"rendered":"https:\/\/vbd.dev.sumena.ee\/?post_type=product&#038;p=240176"},"modified":"2026-02-11T17:18:05","modified_gmt":"2026-02-11T14:18:05","slug":"puhastusgeel-orgaaniline-acai-biovegane-150ml","status":"publish","type":"product","link":"https:\/\/vbd.dev.sumena.ee\/en\/product-2\/puhastusgeel-orgaaniline-acai-biovegane-150ml\/","title":{"rendered":"Puhastusgeel Orgaaniline ACAI, BioVegane, 150ml"},"content":{"rendered":"<p>BioVegane Puhastusgeel Orgaanile ACAI MARJA 150ml Klaaristav puhastav geel supertoidu-ekstraktiga \u00f6koloogilisest acaist ja 5% happekompleksist, mis koosneb looduslikest BHA, AHA ja PHA hapetest, puhastab nahka \u00f5rnalt pooride s\u00fcgavuseni. Efektiivne koostis aitab ennetada ebapuhtusi ning \u00fchtlustab naha jumet.<br \/>\nKasutamine: Kanna hommikul ja \u00f5htul niisutatud nahale, emulgeeri ning loputa puhta veega. Kaitse nahka p\u00e4ikese eest p\u00e4eva jooksul.<\/p>\n<p><strong>KOOSTISOSAD:<\/strong><\/p>\n<p>\u201cAQUA (WATER) \u2022 GLYCERIN \u2022 SODIUM COCOYL GLUTAMATE \u2022 COCO \u2013 GLUCOSIDE \u2022 PENTYLENE GLYCOL \u2022 GLUCONOLACTONE \u2022 LACTIC ACID \u2022 XANTHAN GUM \u2022 SODIUM HYDROXIDE \u2022 SALICYLIC ACID \u2022 ENANTIA CHLORANTHA BARK EXTRACT \u2022 EUTERPE OLERACEA FRUIT EXTRACT* \u2022 CITRIC ACID \u2022 p-ANISIC ACID\u2022 TARTARIC ACID \u2022 GLUCONIC ACID \u2022 OLEANOLIC ACID \u2022 BUTYLENE GLYCOL \u2022 PROPANEDIOL \u2022 SODIUM LEVULINATE \u2022 BENZYL ALCOHOL<\/p>","protected":false},"excerpt":{"rendered":"<p>Parim enne: 15.08.2025<\/p>","protected":false},"featured_media":240177,"comment_status":"open","ping_status":"closed","template":"","meta":{"_acf_changed":false},"product_brand":[],"product_cat":[156,104],"product_tag":[],"class_list":{"0":"post-240176","1":"product","2":"type-product","3":"status-publish","4":"has-post-thumbnail","6":"product_cat-naohooldus","7":"product_cat-enesehooldus","9":"first","10":"instock","11":"sale","12":"taxable","13":"shipping-taxable","14":"purchasable","15":"product-type-simple"},"supplier_id":null,"supplier_sku":"","barcode":null,"atum_controlled":true,"out_stock_date":null,"out_stock_threshold":null,"inheritable":false,"inbound_stock":0,"stock_on_hold":1,"sold_today":0,"sales_last_days":7,"reserved_stock":0,"customer_returns":0,"warehouse_damage":0,"lost_in_post":0,"other_logs":0,"out_stock_days":0,"lost_sales":0,"has_location":false,"update_date":"2026-02-12T11:44:25","atum_locations":[],"atum_stock_status":"instock","restock_status":false,"low_stock_amount":"","sales_update_date":"2026-02-12T11:44:16","calc_backorders":null,"acf":[],"_links":{"self":[{"href":"https:\/\/vbd.dev.sumena.ee\/en\/wp-json\/wp\/v2\/product\/240176","targetHints":{"allow":["GET"]}}],"collection":[{"href":"https:\/\/vbd.dev.sumena.ee\/en\/wp-json\/wp\/v2\/product"}],"about":[{"href":"https:\/\/vbd.dev.sumena.ee\/en\/wp-json\/wp\/v2\/types\/product"}],"replies":[{"embeddable":true,"href":"https:\/\/vbd.dev.sumena.ee\/en\/wp-json\/wp\/v2\/comments?post=240176"}],"wp:featuredmedia":[{"embeddable":true,"href":"https:\/\/vbd.dev.sumena.ee\/en\/wp-json\/wp\/v2\/media\/240177"}],"wp:attachment":[{"href":"https:\/\/vbd.dev.sumena.ee\/en\/wp-json\/wp\/v2\/media?parent=240176"}],"wp:term":[{"taxonomy":"product_brand","embeddable":true,"href":"https:\/\/vbd.dev.sumena.ee\/en\/wp-json\/wp\/v2\/product_brand?post=240176"},{"taxonomy":"product_cat","embeddable":true,"href":"https:\/\/vbd.dev.sumena.ee\/en\/wp-json\/wp\/v2\/product_cat?post=240176"},{"taxonomy":"product_tag","embeddable":true,"href":"https:\/\/vbd.dev.sumena.ee\/en\/wp-json\/wp\/v2\/product_tag?post=240176"}],"curies":[{"name":"wp","href":"https:\/\/api.w.org\/{rel}","templated":true}]}}