{"id":240162,"date":"2025-05-07T10:26:23","date_gmt":"2025-05-07T07:26:23","guid":{"rendered":"https:\/\/vbd.dev.sumena.ee\/?post_type=product&#038;p=240162"},"modified":"2026-02-10T22:47:16","modified_gmt":"2026-02-10T19:47:16","slug":"aha-naotoonik-orgaaniline-papaia-biovegane-150ml","status":"publish","type":"product","link":"https:\/\/vbd.dev.sumena.ee\/en\/product-2\/aha-naotoonik-orgaaniline-papaia-biovegane-150ml\/","title":{"rendered":"AHA n\u00e4otoonik Orgaaniline Papaia, BioVegane, 150ml"},"content":{"rendered":"<p>V\u00e4rskendav AHA toonik supertoidu-ekstraktiga \u00f6koloogilisest papaiast pehmendab naha struktuuri, v\u00e4hendab pooride suurust ja taastab naha loomuliku tasakaalu. Efektiivsed looduslikud AHA happed eemaldavad kuivad naharakud ning toetavad naha uuenemisprotsessi. Aaloe vera, ginko ekstrakti ja h\u00fcaluroonhappe segu rahustab, hooldab ja niisutab nahka.<br \/>\nKasutamine: Kanna hommikuti ja \u00f5htuti puhastatud nahale vatipadjaga. Seej\u00e4rel kanna peale niisutaja. V\u00e4ldi otsest kontakti silmade ja suuga. Kaitse nahka p\u00e4eva jooksul p\u00e4ikesevalguse eest.<\/p>\n<p><strong>KOOSTISOSAD:<\/strong><\/p>\n<p>AQUA (WATER) \u2022 GLYCERIN \u2022 LACTIC ACID \u2022 CAPRYLYL\/CAPRYL GLUCOSIDE \u2022 PROPANEDIOL \u2022 CITRIC ACID \u2022 TARTARIC ACID \u2022 GLUCONIC ACID \u2022 SODIUM HYALURONATE \u2022 CARICA PAPAYA FRUIT EXTRACT* \u2022 ALOE BARBADENSIS LEAF JUICE POWDER* \u2022 GINKGO BILOBA LEAF EXTRACT* \u2022 SODIUM HYDROXIDE \u2022 SODIUM COCOYL GLUTAMATE \u2022 POLYGLYCERYL-6 OLEATE \u2022 PARFUM (FRAGRANCE) \u2022 LINALOOL** \u2022 LIMONENE** \u2022 GERANIOL** \u2022 POTASSIUM SORBATE \u2022 GLYCERYL CAPRYLATE \u2022 SODIUM SURFACTIN<\/p>","protected":false},"excerpt":{"rendered":"<p>Parim enne: 01.08.2025<\/p>","protected":false},"featured_media":240166,"comment_status":"open","ping_status":"closed","template":"","meta":{"_acf_changed":false},"product_brand":[],"product_cat":[156,104],"product_tag":[],"class_list":{"0":"post-240162","1":"product","2":"type-product","3":"status-publish","4":"has-post-thumbnail","6":"product_cat-naohooldus","7":"product_cat-enesehooldus","9":"first","10":"instock","11":"sale","12":"taxable","13":"shipping-taxable","14":"purchasable","15":"product-type-simple"},"supplier_id":null,"supplier_sku":"","barcode":null,"atum_controlled":true,"out_stock_date":null,"out_stock_threshold":null,"inheritable":false,"inbound_stock":0,"stock_on_hold":0,"sold_today":0,"sales_last_days":2,"reserved_stock":0,"customer_returns":0,"warehouse_damage":0,"lost_in_post":0,"other_logs":0,"out_stock_days":0,"lost_sales":0,"has_location":false,"update_date":"2026-02-12T15:29:46","atum_locations":[],"atum_stock_status":"instock","restock_status":false,"low_stock_amount":"","sales_update_date":"2026-02-12T15:29:37","calc_backorders":null,"acf":[],"_links":{"self":[{"href":"https:\/\/vbd.dev.sumena.ee\/en\/wp-json\/wp\/v2\/product\/240162","targetHints":{"allow":["GET"]}}],"collection":[{"href":"https:\/\/vbd.dev.sumena.ee\/en\/wp-json\/wp\/v2\/product"}],"about":[{"href":"https:\/\/vbd.dev.sumena.ee\/en\/wp-json\/wp\/v2\/types\/product"}],"replies":[{"embeddable":true,"href":"https:\/\/vbd.dev.sumena.ee\/en\/wp-json\/wp\/v2\/comments?post=240162"}],"wp:featuredmedia":[{"embeddable":true,"href":"https:\/\/vbd.dev.sumena.ee\/en\/wp-json\/wp\/v2\/media\/240166"}],"wp:attachment":[{"href":"https:\/\/vbd.dev.sumena.ee\/en\/wp-json\/wp\/v2\/media?parent=240162"}],"wp:term":[{"taxonomy":"product_brand","embeddable":true,"href":"https:\/\/vbd.dev.sumena.ee\/en\/wp-json\/wp\/v2\/product_brand?post=240162"},{"taxonomy":"product_cat","embeddable":true,"href":"https:\/\/vbd.dev.sumena.ee\/en\/wp-json\/wp\/v2\/product_cat?post=240162"},{"taxonomy":"product_tag","embeddable":true,"href":"https:\/\/vbd.dev.sumena.ee\/en\/wp-json\/wp\/v2\/product_tag?post=240162"}],"curies":[{"name":"wp","href":"https:\/\/api.w.org\/{rel}","templated":true}]}}