{"id":230708,"date":"2025-12-21T13:19:04","date_gmt":"2025-12-21T10:19:04","guid":{"rendered":"https:\/\/vbd.dev.sumena.ee\/?post_type=product&#038;p=230708"},"modified":"2026-02-11T21:21:06","modified_gmt":"2026-02-11T18:21:06","slug":"palsam-kuivadele-juustele-family-delice-avokaado-400ml","status":"publish","type":"product","link":"https:\/\/vbd.dev.sumena.ee\/en\/product-2\/palsam-kuivadele-juustele-family-delice-avokaado-400ml\/","title":{"rendered":"Palsam kuivadele juustele Family Delice avokaado, BYPHASSE, 400ml"},"content":{"rendered":"<p>Byphasse Family Delice sarja avokaadoga s\u00fcgavalt niisutav B5 ja C vitamiinidega juuksepalsam kuivadele juustele niisutab ja toidab juukseid neid raskeks muutmata. Avokaados sisalduvad antioks\u00fcdandid kaitsevad juuksekarva v\u00e4lism\u00f5jude ja vananemise eest, pantonteenhape (B5) niisutab ja toidab ja parandab juuksestruktuuri s\u00fcgavuti, kaitstes kuivuse ja murdumise eest. Tulemuseks s\u00fcgavalt niisutatud ja toidetud juuksed.<br \/>\nDermatoloogiliselt testitud. PH neutraalne ja vegans\u00f5bralik toode.<\/p>\n<p>&nbsp;<\/p>","protected":false},"excerpt":{"rendered":"<p>Byphasse Family Delice sarja avokaadoga s\u00fcgavalt niisutav B5 ja C vitamiinidega juuksepalsam kuivadele juustele niisutab ja toidab juukseid neid raskeks muutmata. Avokaados sisalduvad antioks\u00fcdandid kaitsevad juuksekarva v\u00e4lism\u00f5jude ja vananemise eest, pantonteenhape (B5) niisutab ja toidab ja parandab juuksestruktuuri s\u00fcgavuti, kaitstes kuivuse ja murdumise eest. Tulemuseks s\u00fcgavalt niisutatud ja toidetud juuksed. Dermatoloogiliselt testitud. PH neutraalne ja [&hellip;]<\/p>","protected":false},"featured_media":230710,"comment_status":"open","ping_status":"closed","template":"","meta":{"_acf_changed":false},"product_brand":[],"product_cat":[157,104],"product_tag":[],"class_list":{"0":"post-230708","1":"product","2":"type-product","3":"status-publish","4":"has-post-thumbnail","6":"product_cat-juuksehooldus","7":"product_cat-enesehooldus","9":"first","10":"instock","11":"sale","12":"taxable","13":"shipping-taxable","14":"purchasable","15":"product-type-simple"},"supplier_id":null,"supplier_sku":"","barcode":null,"atum_controlled":true,"out_stock_date":null,"out_stock_threshold":null,"inheritable":false,"inbound_stock":0,"stock_on_hold":1,"sold_today":0,"sales_last_days":46,"reserved_stock":0,"customer_returns":0,"warehouse_damage":0,"lost_in_post":0,"other_logs":0,"out_stock_days":0,"lost_sales":0,"has_location":false,"update_date":"2026-02-12T12:40:28","atum_locations":[],"atum_stock_status":"instock","restock_status":false,"low_stock_amount":"","sales_update_date":"2026-02-12T12:40:18","calc_backorders":null,"acf":[],"_links":{"self":[{"href":"https:\/\/vbd.dev.sumena.ee\/en\/wp-json\/wp\/v2\/product\/230708","targetHints":{"allow":["GET"]}}],"collection":[{"href":"https:\/\/vbd.dev.sumena.ee\/en\/wp-json\/wp\/v2\/product"}],"about":[{"href":"https:\/\/vbd.dev.sumena.ee\/en\/wp-json\/wp\/v2\/types\/product"}],"replies":[{"embeddable":true,"href":"https:\/\/vbd.dev.sumena.ee\/en\/wp-json\/wp\/v2\/comments?post=230708"}],"wp:featuredmedia":[{"embeddable":true,"href":"https:\/\/vbd.dev.sumena.ee\/en\/wp-json\/wp\/v2\/media\/230710"}],"wp:attachment":[{"href":"https:\/\/vbd.dev.sumena.ee\/en\/wp-json\/wp\/v2\/media?parent=230708"}],"wp:term":[{"taxonomy":"product_brand","embeddable":true,"href":"https:\/\/vbd.dev.sumena.ee\/en\/wp-json\/wp\/v2\/product_brand?post=230708"},{"taxonomy":"product_cat","embeddable":true,"href":"https:\/\/vbd.dev.sumena.ee\/en\/wp-json\/wp\/v2\/product_cat?post=230708"},{"taxonomy":"product_tag","embeddable":true,"href":"https:\/\/vbd.dev.sumena.ee\/en\/wp-json\/wp\/v2\/product_tag?post=230708"}],"curies":[{"name":"wp","href":"https:\/\/api.w.org\/{rel}","templated":true}]}}