{"id":229902,"date":"2025-04-09T15:58:09","date_gmt":"2025-04-09T12:58:09","guid":{"rendered":"https:\/\/vbd.dev.sumena.ee\/?post_type=product&#038;p=229902"},"modified":"2026-02-12T01:19:31","modified_gmt":"2026-02-11T22:19:31","slug":"kehaseep-beebidele-nurme-100-g","status":"publish","type":"product","link":"https:\/\/vbd.dev.sumena.ee\/en\/product-2\/kehaseep-beebidele-nurme-100-g\/","title":{"rendered":"Kehaseep beebidele, NURME, 100 g"},"content":{"rendered":"<p>Koostisained nagu kookos- ja oliivi\u00f5li rahustavad nahka ja rahustavad last suurep\u00e4raselt. T\u00e4ielikult k\u00e4sitsi tehtud seepi valmistatakse v\u00e4ikeste partiidena \u2013 nii saate alati v\u00e4rskeima ja parima toote oma beebile.<\/p>\n<p><strong>Koostisosad<\/strong>: Olea Europaea (Olive) Fruit Oil, Cocos Nucifera (Coconut) Oil*, Aqua, Prunus Amygdalis Dulcis (Sweet Almond) Oil*. *Organic.<\/p>","protected":false},"excerpt":{"rendered":"<p>Koostisained nagu kookos- ja oliivi\u00f5li rahustavad nahka ja rahustavad last suurep\u00e4raselt. T\u00e4ielikult k\u00e4sitsi tehtud seepi valmistatakse v\u00e4ikeste partiidena \u2013 nii saate alati v\u00e4rskeima ja parima toote oma beebile. Koostisosad: Olea Europaea (Olive) Fruit Oil, Cocos Nucifera (Coconut) Oil*, Aqua, Prunus Amygdalis Dulcis (Sweet Almond) Oil*. *Organic.<\/p>","protected":false},"featured_media":229903,"comment_status":"open","ping_status":"closed","template":"","meta":{"_acf_changed":false},"product_brand":[],"product_cat":[158,104],"product_tag":[],"class_list":{"0":"post-229902","1":"product","2":"type-product","3":"status-publish","4":"has-post-thumbnail","6":"product_cat-kehahooldus","7":"product_cat-enesehooldus","9":"first","10":"instock","11":"sale","12":"taxable","13":"shipping-taxable","14":"purchasable","15":"product-type-simple"},"supplier_id":null,"supplier_sku":"","barcode":null,"atum_controlled":true,"out_stock_date":null,"out_stock_threshold":null,"inheritable":false,"inbound_stock":0,"stock_on_hold":1,"sold_today":1,"sales_last_days":7,"reserved_stock":0,"customer_returns":0,"warehouse_damage":0,"lost_in_post":0,"other_logs":0,"out_stock_days":0,"lost_sales":0,"has_location":false,"update_date":"2026-02-11T22:22:08","atum_locations":[],"atum_stock_status":"instock","restock_status":true,"low_stock_amount":"","sales_update_date":"2026-02-11T22:22:01","calc_backorders":null,"acf":[],"_links":{"self":[{"href":"https:\/\/vbd.dev.sumena.ee\/en\/wp-json\/wp\/v2\/product\/229902","targetHints":{"allow":["GET"]}}],"collection":[{"href":"https:\/\/vbd.dev.sumena.ee\/en\/wp-json\/wp\/v2\/product"}],"about":[{"href":"https:\/\/vbd.dev.sumena.ee\/en\/wp-json\/wp\/v2\/types\/product"}],"replies":[{"embeddable":true,"href":"https:\/\/vbd.dev.sumena.ee\/en\/wp-json\/wp\/v2\/comments?post=229902"}],"wp:featuredmedia":[{"embeddable":true,"href":"https:\/\/vbd.dev.sumena.ee\/en\/wp-json\/wp\/v2\/media\/229903"}],"wp:attachment":[{"href":"https:\/\/vbd.dev.sumena.ee\/en\/wp-json\/wp\/v2\/media?parent=229902"}],"wp:term":[{"taxonomy":"product_brand","embeddable":true,"href":"https:\/\/vbd.dev.sumena.ee\/en\/wp-json\/wp\/v2\/product_brand?post=229902"},{"taxonomy":"product_cat","embeddable":true,"href":"https:\/\/vbd.dev.sumena.ee\/en\/wp-json\/wp\/v2\/product_cat?post=229902"},{"taxonomy":"product_tag","embeddable":true,"href":"https:\/\/vbd.dev.sumena.ee\/en\/wp-json\/wp\/v2\/product_tag?post=229902"}],"curies":[{"name":"wp","href":"https:\/\/api.w.org\/{rel}","templated":true}]}}