{"id":228926,"date":"2026-02-03T21:45:50","date_gmt":"2026-02-03T18:45:50","guid":{"rendered":"https:\/\/vbd.dev.sumena.ee\/?post_type=product&#038;p=228926"},"modified":"2026-02-12T17:13:10","modified_gmt":"2026-02-12T14:13:10","slug":"koogiviljakropsud-meresoola-ja-musta-pipra-eat-real-110-g","status":"publish","type":"product","link":"https:\/\/vbd.dev.sumena.ee\/en\/product-2\/koogiviljakropsud-meresoola-ja-musta-pipra-eat-real-110-g\/","title":{"rendered":"K\u00f6\u00f6giviljakr\u00f5psud meresoola ja musta pipra, EAT REAL, 110 g"},"content":{"rendered":"<div class=\"Accordion AttributeAccordion\" data-v-28ef612e=\"\">\n<div class=\"Accordion__content\">\n<div class=\"AttributeAccordion__content\" data-v-28ef612e=\"\">Kr\u00f5psud meresoola ja musta pipraga<\/div>\n<\/div>\n<\/div>\n<div class=\"Accordion AttributeAccordion\" data-v-28ef612e=\"\">\n<div class=\"AttributeAccordion__heading\" data-v-28ef612e=\"\">Koostisosad<\/div>\n<div class=\"Accordion__content\">\n<div class=\"AttributeAccordion__content\" data-v-28ef612e=\"\">\n<p>K\u00f6\u00f6giviljad (27%) (kollase hernejahu, tomatipulber, spinatipulber, lehtkapsapulber), riisijahu, kartulit\u00e4rklis, rapsi\u00f5li, meresoola ja musta pipra maitseaine (riisijahu, jahvatatud must pipar, looduslik l\u00f5hna- ja maitseaine, suhkur, sool , k\u00fc\u00fcslaugupulber, musta pipra ekstrakt, p\u00e4rmiekstrakt, meresool, jalapeno t\u0161illi ekstrakt), sool.<\/p>\n<p>* Toote koostisosade loetelu v\u00f5ib muutuda. Kontrollige enne toote tarbimist pakendil esitatud koostisosi.<\/p>\n<\/div>\n<\/div>\n<\/div>\n<div class=\"Accordion AttributeAccordion\" data-v-28ef612e=\"\">\n<div class=\"AttributeAccordion__heading\" data-v-28ef612e=\"\">Toitumisalane teave<\/div>\n<div class=\"Accordion__content\">\n<div class=\"AttributeAccordion__content\" data-v-28ef612e=\"\">\n<div data-v-33cd2938=\"\">\n<table class=\"ProductNutrition\" data-v-33cd2938=\"\">\n<tbody data-v-33cd2938=\"\">\n<tr data-v-33cd2938=\"\">\n<th class=\"ProductNutrition__title\" colspan=\"2\" data-v-33cd2938=\"\">100 grammi kohta<\/th>\n<\/tr>\n<tr data-v-33cd2938=\"\">\n<th class=\"ProductNutrition__label\" data-v-33cd2938=\"\">Energiasisaldus (KJ\/Kcal)<\/th>\n<td class=\"ProductNutrition__value\" data-v-33cd2938=\"\">2042,6kJ\/488kcal<\/td>\n<\/tr>\n<tr data-v-33cd2938=\"\">\n<th class=\"ProductNutrition__label\" data-v-33cd2938=\"\">Rasvad (g)<\/th>\n<td class=\"ProductNutrition__value\" data-v-33cd2938=\"\">20<\/td>\n<\/tr>\n<tr data-v-33cd2938=\"\">\n<th class=\"ProductNutrition__label\" data-v-33cd2938=\"\">Millest k\u00fcllastunud rasvhapped (g)<\/th>\n<td class=\"ProductNutrition__value\" data-v-33cd2938=\"\">1,50<\/td>\n<\/tr>\n<tr data-v-33cd2938=\"\">\n<th class=\"ProductNutrition__label\" data-v-33cd2938=\"\">S\u00fcsivesikud (g)<\/th>\n<td class=\"ProductNutrition__value\" data-v-33cd2938=\"\">66<\/td>\n<\/tr>\n<tr data-v-33cd2938=\"\">\n<th class=\"ProductNutrition__label\" data-v-33cd2938=\"\">Millest suhkrud (g)<\/th>\n<td class=\"ProductNutrition__value\" data-v-33cd2938=\"\">1,20<\/td>\n<\/tr>\n<tr data-v-33cd2938=\"\">\n<th class=\"ProductNutrition__label\" data-v-33cd2938=\"\">Valgud (g)<\/th>\n<td class=\"ProductNutrition__value\" data-v-33cd2938=\"\">8,90<\/td>\n<\/tr>\n<tr data-v-33cd2938=\"\">\n<th class=\"ProductNutrition__label\" data-v-33cd2938=\"\">Sool (g)<\/th>\n<td class=\"ProductNutrition__value\" data-v-33cd2938=\"\">1,74<\/td>\n<\/tr>\n<\/tbody>\n<\/table>\n<\/div>\n<\/div>\n<\/div>\n<\/div>","protected":false},"excerpt":{"rendered":"<p>Kr\u00f5psud meresoola ja musta pipraga Koostisosad K\u00f6\u00f6giviljad (27%) (kollase hernejahu, tomatipulber, spinatipulber, lehtkapsapulber), riisijahu, kartulit\u00e4rklis, rapsi\u00f5li, meresoola ja musta pipra maitseaine (riisijahu, jahvatatud must pipar, looduslik l\u00f5hna- ja maitseaine, suhkur, sool , k\u00fc\u00fcslaugupulber, musta pipra ekstrakt, p\u00e4rmiekstrakt, meresool, jalapeno t\u0161illi ekstrakt), sool. * Toote koostisosade loetelu v\u00f5ib muutuda. Kontrollige enne toote tarbimist pakendil esitatud koostisosi. [&hellip;]<\/p>","protected":false},"featured_media":228927,"comment_status":"open","ping_status":"closed","template":"","meta":{"_acf_changed":false},"product_brand":[],"product_cat":[80,81],"product_tag":[],"class_list":{"0":"post-228926","1":"product","2":"type-product","3":"status-publish","4":"has-post-thumbnail","6":"product_cat-snakid","7":"product_cat-kropsud","9":"first","10":"instock","11":"sale","12":"taxable","13":"shipping-taxable","14":"purchasable","15":"product-type-simple"},"supplier_id":null,"supplier_sku":"","barcode":null,"atum_controlled":true,"out_stock_date":null,"out_stock_threshold":null,"inheritable":false,"inbound_stock":0,"stock_on_hold":18,"sold_today":27,"sales_last_days":262,"reserved_stock":0,"customer_returns":0,"warehouse_damage":0,"lost_in_post":0,"other_logs":0,"out_stock_days":0,"lost_sales":0,"has_location":false,"update_date":"2026-02-12T15:12:45","atum_locations":[],"atum_stock_status":"instock","restock_status":true,"low_stock_amount":"","sales_update_date":"2026-02-12T15:12:36","calc_backorders":null,"acf":[],"_links":{"self":[{"href":"https:\/\/vbd.dev.sumena.ee\/en\/wp-json\/wp\/v2\/product\/228926","targetHints":{"allow":["GET"]}}],"collection":[{"href":"https:\/\/vbd.dev.sumena.ee\/en\/wp-json\/wp\/v2\/product"}],"about":[{"href":"https:\/\/vbd.dev.sumena.ee\/en\/wp-json\/wp\/v2\/types\/product"}],"replies":[{"embeddable":true,"href":"https:\/\/vbd.dev.sumena.ee\/en\/wp-json\/wp\/v2\/comments?post=228926"}],"wp:featuredmedia":[{"embeddable":true,"href":"https:\/\/vbd.dev.sumena.ee\/en\/wp-json\/wp\/v2\/media\/228927"}],"wp:attachment":[{"href":"https:\/\/vbd.dev.sumena.ee\/en\/wp-json\/wp\/v2\/media?parent=228926"}],"wp:term":[{"taxonomy":"product_brand","embeddable":true,"href":"https:\/\/vbd.dev.sumena.ee\/en\/wp-json\/wp\/v2\/product_brand?post=228926"},{"taxonomy":"product_cat","embeddable":true,"href":"https:\/\/vbd.dev.sumena.ee\/en\/wp-json\/wp\/v2\/product_cat?post=228926"},{"taxonomy":"product_tag","embeddable":true,"href":"https:\/\/vbd.dev.sumena.ee\/en\/wp-json\/wp\/v2\/product_tag?post=228926"}],"curies":[{"name":"wp","href":"https:\/\/api.w.org\/{rel}","templated":true}]}}