{"id":226964,"date":"2025-11-21T18:22:59","date_gmt":"2025-11-21T15:22:59","guid":{"rendered":"https:\/\/vbd.dev.sumena.ee\/?post_type=product&#038;p=226964"},"modified":"2026-02-12T15:52:36","modified_gmt":"2026-02-12T12:52:36","slug":"flying-goose-vokikaste-sweet-sour-100ml","status":"publish","type":"product","link":"https:\/\/vbd.dev.sumena.ee\/en\/product-2\/flying-goose-vokikaste-sweet-sour-100ml\/","title":{"rendered":"Flying Goose vokikaste Sweet Sour 100ml"},"content":{"rendered":"<div class=\"ingredients\"><strong>Ingredients:<\/strong> Vesi, suhkur, kontsentreeritud ananassimahl 10%, tomat 8%, t\u00f0illi 5%, maisit\u00e4rklis, sool, happesuse regulaator: E330.<\/div>\n<div class=\"toitumisinfo\">\n<p><strong>Nutritional value per 100g<\/strong><\/p>\n<div>Energia:713kJ\/170kcal<\/div>\n<div>Rasvad:0,1g<\/div>\n<div>sh k\u00fcllastunud rasvhapped:0,0g<\/div>\n<div>S\u00fcsivesikud:41,0g<\/div>\n<div>sh suhkrud:41,0g<\/div>\n<div>Valgud:0,6g<\/div>\n<div>Sool:3,0g<\/div>\n<\/div>","protected":false},"excerpt":{"rendered":"<p>Koostisosad: Vesi, suhkur, kontsentreeritud ananassimahl 10%, tomat 8%, t\u00f0illi 5%, maisit\u00e4rklis, sool, happesuse regulaator: E330. Toitev\u00e4\u00e4rtus 100g kohta Energia:713kJ\/170kcal Rasvad:0,1g sh k\u00fcllastunud rasvhapped:0,0g S\u00fcsivesikud:41,0g sh suhkrud:41,0g Valgud:0,6g Sool:3,0g<\/p>","protected":false},"featured_media":226965,"comment_status":"open","ping_status":"closed","template":"","meta":{"_acf_changed":false},"product_brand":[],"product_cat":[83],"product_tag":[],"class_list":{"0":"post-226964","1":"product","2":"type-product","3":"status-publish","4":"has-post-thumbnail","6":"product_cat-kastmed-olid","8":"first","9":"instock","10":"sale","11":"taxable","12":"shipping-taxable","13":"purchasable","14":"product-type-simple"},"supplier_id":null,"supplier_sku":"","barcode":null,"atum_controlled":true,"out_stock_date":null,"out_stock_threshold":null,"inheritable":false,"inbound_stock":0,"stock_on_hold":22,"sold_today":16,"sales_last_days":351,"reserved_stock":0,"customer_returns":0,"warehouse_damage":0,"lost_in_post":0,"other_logs":0,"out_stock_days":0,"lost_sales":0,"has_location":false,"update_date":"2026-02-12T12:55:35","atum_locations":[],"atum_stock_status":"instock","restock_status":false,"low_stock_amount":"","sales_update_date":"2026-02-12T12:55:25","calc_backorders":null,"acf":[],"_links":{"self":[{"href":"https:\/\/vbd.dev.sumena.ee\/en\/wp-json\/wp\/v2\/product\/226964","targetHints":{"allow":["GET"]}}],"collection":[{"href":"https:\/\/vbd.dev.sumena.ee\/en\/wp-json\/wp\/v2\/product"}],"about":[{"href":"https:\/\/vbd.dev.sumena.ee\/en\/wp-json\/wp\/v2\/types\/product"}],"replies":[{"embeddable":true,"href":"https:\/\/vbd.dev.sumena.ee\/en\/wp-json\/wp\/v2\/comments?post=226964"}],"wp:featuredmedia":[{"embeddable":true,"href":"https:\/\/vbd.dev.sumena.ee\/en\/wp-json\/wp\/v2\/media\/226965"}],"wp:attachment":[{"href":"https:\/\/vbd.dev.sumena.ee\/en\/wp-json\/wp\/v2\/media?parent=226964"}],"wp:term":[{"taxonomy":"product_brand","embeddable":true,"href":"https:\/\/vbd.dev.sumena.ee\/en\/wp-json\/wp\/v2\/product_brand?post=226964"},{"taxonomy":"product_cat","embeddable":true,"href":"https:\/\/vbd.dev.sumena.ee\/en\/wp-json\/wp\/v2\/product_cat?post=226964"},{"taxonomy":"product_tag","embeddable":true,"href":"https:\/\/vbd.dev.sumena.ee\/en\/wp-json\/wp\/v2\/product_tag?post=226964"}],"curies":[{"name":"wp","href":"https:\/\/api.w.org\/{rel}","templated":true}]}}