{"id":22561,"date":"2025-12-29T09:07:25","date_gmt":"2025-12-29T06:07:25","guid":{"rendered":"https:\/\/vbd.dev.sumena.ee\/?post_type=product&#038;p=22561"},"modified":"2026-02-12T16:37:24","modified_gmt":"2026-02-12T13:37:24","slug":"kalev-limoncello-martsipanikommid-175g","status":"publish","type":"product","link":"https:\/\/vbd.dev.sumena.ee\/en\/product-2\/kalev-limoncello-martsipanikommid-175g\/","title":{"rendered":"Kalev Limoncello martsipanikommid 175g"},"content":{"rendered":"<p>Kalevi martsipan n\u00fc\u00fcd k\u00f5rgema mandlisisaldusega! Kalevi klassikalist martsipani t\u00e4iendab Limoncello, mis viib Sind maitser\u00e4nnakule otse Itaaliasse. \u00a0Martsipanibatoon on kaetud h\u00f5rgu tumeda \u0161okolaadi glasuuriga.<\/p>\n<p>100 grammi kohta<\/p>\n<ul>\n<li>Energiasisaldus (kJ\/Kcal):2008,3kJ\/480kcal<\/li>\n<li>Rasvad (g):24<\/li>\n<li>Rasvhapped (g):8.10<\/li>\n<li>S\u00fcsivesikud (g):54<\/li>\n<li>Millest suhkrud (g):50<\/li>\n<li>Valgud (g):9<\/li>\n<li>Sool (g):0.08<\/li>\n<\/ul>\n<p>suhkur, MANDEL 22%, L\u00d5SSIPULBER (PIIM), kakaomass, gl\u00fckoosisiirup, vesi, Limoncello lik\u00f6\u00f6r 3%, kakaov\u00f5i, piiritus, emulgaator (letsitiin), stabilisaator (invertaas), sidruni\u00f5li. Alkoholisisaldus 1,5 massiprotsenti. S\u00e4ilitusaineteta. V\u00f5ib sisaldada v\u00e4hesel m\u00e4\u00e4ral erinevaid p\u00e4hkleid, maap\u00e4hklit, GLUTEENi sisaldavaid teravilju ja munatooteid.<\/p>\n<p>S\u00e4ilitada kuivas ning jahedas<\/p>\n<p>&nbsp;<\/p>","protected":false},"excerpt":{"rendered":"<p>Kalevi martsipan n\u00fc\u00fcd k\u00f5rgema mandlisisaldusega! Kalevi klassikalist martsipani t\u00e4iendab Limoncello, mis viib Sind maitser\u00e4nnakule otse Itaaliasse. \u00a0Martsipanibatoon on kaetud h\u00f5rgu tumeda \u0161okolaadi glasuuriga. 100 grammi kohta Energiasisaldus (kJ\/Kcal):2008,3kJ\/480kcal Rasvad (g):24 Rasvhapped (g):8.10 S\u00fcsivesikud (g):54 Millest suhkrud (g):50 Valgud (g):9 Sool (g):0.08 suhkur, MANDEL 22%, L\u00d5SSIPULBER (PIIM), kakaomass, gl\u00fckoosisiirup, vesi, Limoncello lik\u00f6\u00f6r 3%, kakaov\u00f5i, piiritus, emulgaator [&hellip;]<\/p>","protected":false},"featured_media":317036,"comment_status":"closed","ping_status":"closed","template":"","meta":{"_acf_changed":false},"product_brand":[],"product_cat":[77,78],"product_tag":[],"class_list":{"0":"post-22561","1":"product","2":"type-product","3":"status-publish","4":"has-post-thumbnail","6":"product_cat-maiustused","7":"product_cat-kommid","9":"first","10":"instock","11":"sale","12":"taxable","13":"shipping-taxable","14":"purchasable","15":"product-type-simple"},"supplier_id":22786,"supplier_sku":"","barcode":null,"atum_controlled":true,"out_stock_date":null,"out_stock_threshold":null,"inheritable":false,"inbound_stock":0,"stock_on_hold":11,"sold_today":4,"sales_last_days":93,"reserved_stock":0,"customer_returns":0,"warehouse_damage":0,"lost_in_post":0,"other_logs":0,"out_stock_days":0,"lost_sales":0,"has_location":true,"update_date":"2026-02-12T13:42:01","atum_locations":[{"id":96,"name":"F","slug":"f"},{"id":97,"name":"G","slug":"g"}],"atum_stock_status":"instock","restock_status":false,"low_stock_amount":"","sales_update_date":"2026-02-12T13:41:52","calc_backorders":null,"acf":[],"_links":{"self":[{"href":"https:\/\/vbd.dev.sumena.ee\/en\/wp-json\/wp\/v2\/product\/22561","targetHints":{"allow":["GET"]}}],"collection":[{"href":"https:\/\/vbd.dev.sumena.ee\/en\/wp-json\/wp\/v2\/product"}],"about":[{"href":"https:\/\/vbd.dev.sumena.ee\/en\/wp-json\/wp\/v2\/types\/product"}],"replies":[{"embeddable":true,"href":"https:\/\/vbd.dev.sumena.ee\/en\/wp-json\/wp\/v2\/comments?post=22561"}],"wp:featuredmedia":[{"embeddable":true,"href":"https:\/\/vbd.dev.sumena.ee\/en\/wp-json\/wp\/v2\/media\/317036"}],"wp:attachment":[{"href":"https:\/\/vbd.dev.sumena.ee\/en\/wp-json\/wp\/v2\/media?parent=22561"}],"wp:term":[{"taxonomy":"product_brand","embeddable":true,"href":"https:\/\/vbd.dev.sumena.ee\/en\/wp-json\/wp\/v2\/product_brand?post=22561"},{"taxonomy":"product_cat","embeddable":true,"href":"https:\/\/vbd.dev.sumena.ee\/en\/wp-json\/wp\/v2\/product_cat?post=22561"},{"taxonomy":"product_tag","embeddable":true,"href":"https:\/\/vbd.dev.sumena.ee\/en\/wp-json\/wp\/v2\/product_tag?post=22561"}],"curies":[{"name":"wp","href":"https:\/\/api.w.org\/{rel}","templated":true}]}}