{"id":220998,"date":"2025-03-17T11:46:59","date_gmt":"2025-03-17T08:46:59","guid":{"rendered":"https:\/\/vbd.dev.sumena.ee\/?post_type=product&#038;p=220998"},"modified":"2026-02-12T18:17:48","modified_gmt":"2026-02-12T15:17:48","slug":"kassisoot-kuulikulihaga-kastmes-my-love-100-g","status":"publish","type":"product","link":"https:\/\/vbd.dev.sumena.ee\/en\/product-2\/kassisoot-kuulikulihaga-kastmes-my-love-100-g\/","title":{"rendered":"Kassitoit k\u00fc\u00fclikulihaga kastmes, MY LOVE, 100 g"},"content":{"rendered":"<p>KOOSTISOSAD: liha ja liha k\u00f5rvalsaadused (min. 76% jaotust\u00fckid), sh k\u00fc\u00fclik v\u00e4hemalt 4%, manna (nisu 6,45%), taimsed valguekstraktid, mineraalid, taimsed k\u00f5rvalsaadused (petersell) 0,001%. Anal\u00fc\u00fctilised koostisosad: toorproteiin &#8211; 7%, toorrasv &#8211; 4,5%, toortuhk &#8211; 2,5%, toorkiud &#8211; 0,3%, niiskus &#8211; 82%, kaltsium &#8211; 0,35%, fosfor &#8211; 0, 25%. LISAAINED (1 kg s\u00f6\u00f6ta): D3-vitamiin (3\u0430671): 135 R\u00dc; vitamiin E (3\u0430700): 8,99 mg, vitamiin B1 (3\u0430821): 0,6 mg, foolhape (3\u0430316): 0,17 mg, tauriin (3\u0430370): 356 mg, koliinkloriid (3\u0430890) 60%: 1 ,26 g; mikroelemendid: tsink (tsinksulfaatheptah\u00fcdraat 3b604): 5,21 mg. 3 mg, mangaan (mangaan(II)sulfaat, monoh\u00fcdraat 3b503): 0,7 mg, jood (kaaliumjodaat 3b201): 0,32 mg, seleen (naatriumseleniit 3b801): 0,2 \u03bcg. Tehnoloogilised lisandid: guarkummi (E412): 1,1 g. Sensoorsed lisandid: v\u00e4rvained, gl\u00fctsiin (2b17034): 2,9 g<\/p>","protected":false},"excerpt":{"rendered":"<p>Parim enne: 08.08.2026 Hulgipakend: 24<\/p>","protected":false},"featured_media":221000,"comment_status":"open","ping_status":"closed","template":"","meta":{"_acf_changed":false},"product_brand":[],"product_cat":[91],"product_tag":[],"class_list":{"0":"post-220998","1":"product","2":"type-product","3":"status-publish","4":"has-post-thumbnail","6":"product_cat-loomatoit","8":"first","9":"instock","10":"sale","11":"taxable","12":"shipping-taxable","13":"purchasable","14":"product-type-simple"},"supplier_id":null,"supplier_sku":"","barcode":null,"atum_controlled":true,"out_stock_date":null,"out_stock_threshold":null,"inheritable":false,"inbound_stock":0,"stock_on_hold":7,"sold_today":10,"sales_last_days":378,"reserved_stock":0,"customer_returns":0,"warehouse_damage":0,"lost_in_post":0,"other_logs":0,"out_stock_days":0,"lost_sales":0,"has_location":false,"update_date":"2026-02-12T15:18:37","atum_locations":[],"atum_stock_status":"instock","restock_status":false,"low_stock_amount":"","sales_update_date":"2026-02-12T15:18:28","calc_backorders":null,"acf":[],"_links":{"self":[{"href":"https:\/\/vbd.dev.sumena.ee\/en\/wp-json\/wp\/v2\/product\/220998","targetHints":{"allow":["GET"]}}],"collection":[{"href":"https:\/\/vbd.dev.sumena.ee\/en\/wp-json\/wp\/v2\/product"}],"about":[{"href":"https:\/\/vbd.dev.sumena.ee\/en\/wp-json\/wp\/v2\/types\/product"}],"replies":[{"embeddable":true,"href":"https:\/\/vbd.dev.sumena.ee\/en\/wp-json\/wp\/v2\/comments?post=220998"}],"wp:featuredmedia":[{"embeddable":true,"href":"https:\/\/vbd.dev.sumena.ee\/en\/wp-json\/wp\/v2\/media\/221000"}],"wp:attachment":[{"href":"https:\/\/vbd.dev.sumena.ee\/en\/wp-json\/wp\/v2\/media?parent=220998"}],"wp:term":[{"taxonomy":"product_brand","embeddable":true,"href":"https:\/\/vbd.dev.sumena.ee\/en\/wp-json\/wp\/v2\/product_brand?post=220998"},{"taxonomy":"product_cat","embeddable":true,"href":"https:\/\/vbd.dev.sumena.ee\/en\/wp-json\/wp\/v2\/product_cat?post=220998"},{"taxonomy":"product_tag","embeddable":true,"href":"https:\/\/vbd.dev.sumena.ee\/en\/wp-json\/wp\/v2\/product_tag?post=220998"}],"curies":[{"name":"wp","href":"https:\/\/api.w.org\/{rel}","templated":true}]}}