{"id":219481,"date":"2025-03-13T15:02:29","date_gmt":"2025-03-13T12:02:29","guid":{"rendered":"https:\/\/vbd.dev.sumena.ee\/?post_type=product&#038;p=219481"},"modified":"2026-02-12T13:08:07","modified_gmt":"2026-02-12T10:08:07","slug":"korvitsakastme-segu-knorr-49-g","status":"publish","type":"product","link":"https:\/\/vbd.dev.sumena.ee\/en\/product-2\/korvitsakastme-segu-knorr-49-g\/","title":{"rendered":"K\u00f5rvitsakastme segu, KNORR, 49 g"},"content":{"rendered":"<p>Knorr Fix k\u00f5rvitsakastme koostisosadest saad h\u00f5lpsalt valmistada maitsva k\u00f5rvitsakastme! Valmistamine: 300 g kanarinda, 130 g sibulat, 160 g paprikat, 150 g porgandit, 50 ml \u00f5li, 300 ml vett, 200 g pastat, riisi v\u00f5i otra. 1. L\u00f5ika kana t\u00fckkideks ja pruunista kuumas \u00f5lis. Lisa sibul, porgand ja paprika ning prae, kuni need muutuvad helekuldseks. 2. Vala peale 300 ml veega segatud Knorr Fix segu. Hauta 1-2 minutit, aeg-ajalt segades. 3. Serveeri pasta, riisi v\u00f5i odraga. N\u00e4pun\u00e4ide: Kui soovid kastme kreemsust t\u00f5sta, v\u00f5id 100 ml vett asendada 18% koorega.<\/p>\n<p><strong>Koostisosad<\/strong>: palmirasv, k\u00f5rvits (17%), t\u00e4rklis, nisujahu, suhkur, jodeeritud sool, kuivatatud gl\u00fckoosisiirup, p\u00e4rmiekstrakt, piimavalk, k\u00fc\u00fcslauk (0,5%), paprika, k\u00f6\u00f6mned, sool, maltodekstriin, sojakaste (soja, nisu), petersell, sidrunimahl, fruktoos, l\u00f5hna- ja maitseained. V\u00f5ib sisaldada sinepit, muna, sellerit ja muid gluteeni sisaldavaid teravilju. V\u00e4ga soolane.<\/p>","protected":false},"excerpt":{"rendered":"<p>Parim enne: 28.02.2025 Hulgipakend: 20<\/p>","protected":false},"featured_media":219482,"comment_status":"open","ping_status":"closed","template":"","meta":{"_acf_changed":false},"product_brand":[],"product_cat":[183],"product_tag":[],"class_list":{"0":"post-219481","1":"product","2":"type-product","3":"status-publish","4":"has-post-thumbnail","6":"product_cat-maitseained","8":"first","9":"instock","10":"sale","11":"taxable","12":"shipping-taxable","13":"purchasable","14":"product-type-simple"},"supplier_id":null,"supplier_sku":"","barcode":null,"atum_controlled":true,"out_stock_date":null,"out_stock_threshold":null,"inheritable":false,"inbound_stock":0,"stock_on_hold":112,"sold_today":1,"sales_last_days":1192,"reserved_stock":0,"customer_returns":0,"warehouse_damage":0,"lost_in_post":0,"other_logs":0,"out_stock_days":0,"lost_sales":0,"has_location":false,"update_date":"2026-02-12T14:55:32","atum_locations":[],"atum_stock_status":"instock","restock_status":true,"low_stock_amount":"","sales_update_date":"2026-02-12T14:55:22","calc_backorders":null,"acf":[],"_links":{"self":[{"href":"https:\/\/vbd.dev.sumena.ee\/en\/wp-json\/wp\/v2\/product\/219481","targetHints":{"allow":["GET"]}}],"collection":[{"href":"https:\/\/vbd.dev.sumena.ee\/en\/wp-json\/wp\/v2\/product"}],"about":[{"href":"https:\/\/vbd.dev.sumena.ee\/en\/wp-json\/wp\/v2\/types\/product"}],"replies":[{"embeddable":true,"href":"https:\/\/vbd.dev.sumena.ee\/en\/wp-json\/wp\/v2\/comments?post=219481"}],"wp:featuredmedia":[{"embeddable":true,"href":"https:\/\/vbd.dev.sumena.ee\/en\/wp-json\/wp\/v2\/media\/219482"}],"wp:attachment":[{"href":"https:\/\/vbd.dev.sumena.ee\/en\/wp-json\/wp\/v2\/media?parent=219481"}],"wp:term":[{"taxonomy":"product_brand","embeddable":true,"href":"https:\/\/vbd.dev.sumena.ee\/en\/wp-json\/wp\/v2\/product_brand?post=219481"},{"taxonomy":"product_cat","embeddable":true,"href":"https:\/\/vbd.dev.sumena.ee\/en\/wp-json\/wp\/v2\/product_cat?post=219481"},{"taxonomy":"product_tag","embeddable":true,"href":"https:\/\/vbd.dev.sumena.ee\/en\/wp-json\/wp\/v2\/product_tag?post=219481"}],"curies":[{"name":"wp","href":"https:\/\/api.w.org\/{rel}","templated":true}]}}