{"id":218234,"date":"2026-01-14T11:00:13","date_gmt":"2026-01-14T08:00:13","guid":{"rendered":"https:\/\/vbd.dev.sumena.ee\/?post_type=product&#038;p=218234"},"modified":"2026-02-12T15:59:50","modified_gmt":"2026-02-12T12:59:50","slug":"lorenz-crunchips-wow-kartulikropsud-jalapeno-ja-toorjuustuga-110g","status":"publish","type":"product","link":"https:\/\/vbd.dev.sumena.ee\/en\/product-2\/lorenz-crunchips-wow-kartulikropsud-jalapeno-ja-toorjuustuga-110g\/","title":{"rendered":"LORENZ CRUNCHIPS WOW kartulikr\u00f5psud jalapeno ja toorjuustuga 110g"},"content":{"rendered":"<h3 class=\"sc-d9655132-0 cSOuJU sc-83d34b4b-0 gHeBlt\">Koostisosad<\/h3>\n<div class=\"sc-b26adf54-2 dFijsU\">\n<p>Koostisosad: kartul, taime\u00f5lid (p\u00e4evalill, rapsiseemned muutuvas suhtes), sool, dekstroos, suhkur, t\u0161illipulber, petersell, jalapeno t\u0161illi pulber, toorJUUSTUpulber, sibulapulber, PIIMAvalgud, PIIMApulber, k\u00f6\u00f6mnepulber, l\u00f5hna- ja maitseaine, p\u00e4rmiekstrakt, antioks\u00fcdant: tokoferoolikontsentraat, hape: sidrunhape<\/p>\n<div class=\"tableRow\">\n<div class=\"tableHeader\">Toitev\u00e4\u00e4rtus<\/div>\n<div class=\"tableHeader\">100 g\/100 ml<\/div>\n<div class=\"tableHeader\">RI*<\/div>\n<\/div>\n<div class=\"tableRow\">\n<div class=\"cell\">Energia<\/div>\n<div class=\"cell\">2242 kJ \/ 536 kcal<\/div>\n<div class=\"cell greyed\">26,8%<\/div>\n<\/div>\n<div class=\"tableRow indented-parent\">\n<div class=\"cell\">Rasvad<\/div>\n<div class=\"cell\">34 g<\/div>\n<div class=\"cell greyed\">48,57%<\/div>\n<\/div>\n<div class=\"tableRow indented\">\n<div class=\"cell\">Rasvad, millest k\u00fcllastunud rasvhapped<\/div>\n<div class=\"cell\">2,6 g<\/div>\n<div class=\"cell greyed\">13%<\/div>\n<\/div>\n<div class=\"tableRow indented-parent\">\n<div class=\"cell\">S\u00fcsivesikud<\/div>\n<div class=\"cell\">50 g<\/div>\n<div class=\"cell greyed\">19,23%<\/div>\n<\/div>\n<div class=\"tableRow indented\">\n<div class=\"cell\">S\u00fcsivesikud, millest suhkrud<\/div>\n<div class=\"cell\">1,7 g<\/div>\n<div class=\"cell greyed\">1,89%<\/div>\n<\/div>\n<div class=\"tableRow\">\n<div class=\"cell\">Kiudained<\/div>\n<div class=\"cell\">4,3 g<\/div>\n<div class=\"cell greyed\"><\/div>\n<\/div>\n<div class=\"tableRow\">\n<div class=\"cell\">Valgud<\/div>\n<div class=\"cell\">5,4 g<\/div>\n<div class=\"cell greyed\">10,8%<\/div>\n<\/div>\n<div class=\"tableRow\">\n<div class=\"cell\">Sool<\/div>\n<div class=\"cell\">1,8 g<\/div>\n<\/div>\n<\/div>","protected":false},"excerpt":{"rendered":"<p>Koostisosad Koostisosad: kartul, taime\u00f5lid (p\u00e4evalill, rapsiseemned muutuvas suhtes), sool, dekstroos, suhkur, t\u0161illipulber, petersell, jalapeno t\u0161illi pulber, toorJUUSTUpulber, sibulapulber, PIIMAvalgud, PIIMApulber, k\u00f6\u00f6mnepulber, l\u00f5hna- ja maitseaine, p\u00e4rmiekstrakt, antioks\u00fcdant: tokoferoolikontsentraat, hape: sidrunhape Toitev\u00e4\u00e4rtus 100 g\/100 ml RI* Energia 2242 kJ \/ 536 kcal 26,8% Rasvad 34 g 48,57% Rasvad, millest k\u00fcllastunud rasvhapped 2,6 g 13% S\u00fcsivesikud 50 g [&hellip;]<\/p>","protected":false},"featured_media":218235,"comment_status":"open","ping_status":"closed","template":"","meta":{"_acf_changed":false},"product_brand":[],"product_cat":[87,80,81],"product_tag":[],"class_list":{"0":"post-218234","1":"product","2":"type-product","3":"status-publish","4":"has-post-thumbnail","6":"product_cat-meie-lemmikud","7":"product_cat-snakid","8":"product_cat-kropsud","10":"first","11":"instock","12":"sale","13":"taxable","14":"shipping-taxable","15":"purchasable","16":"product-type-simple"},"supplier_id":null,"supplier_sku":"","barcode":null,"atum_controlled":true,"out_stock_date":null,"out_stock_threshold":null,"inheritable":false,"inbound_stock":0,"stock_on_hold":9,"sold_today":28,"sales_last_days":289,"reserved_stock":0,"customer_returns":0,"warehouse_damage":0,"lost_in_post":0,"other_logs":0,"out_stock_days":0,"lost_sales":0,"has_location":false,"update_date":"2026-02-12T15:47:31","atum_locations":[],"atum_stock_status":"instock","restock_status":false,"low_stock_amount":"","sales_update_date":"2026-02-12T15:47:21","calc_backorders":null,"acf":[],"_links":{"self":[{"href":"https:\/\/vbd.dev.sumena.ee\/en\/wp-json\/wp\/v2\/product\/218234","targetHints":{"allow":["GET"]}}],"collection":[{"href":"https:\/\/vbd.dev.sumena.ee\/en\/wp-json\/wp\/v2\/product"}],"about":[{"href":"https:\/\/vbd.dev.sumena.ee\/en\/wp-json\/wp\/v2\/types\/product"}],"replies":[{"embeddable":true,"href":"https:\/\/vbd.dev.sumena.ee\/en\/wp-json\/wp\/v2\/comments?post=218234"}],"wp:featuredmedia":[{"embeddable":true,"href":"https:\/\/vbd.dev.sumena.ee\/en\/wp-json\/wp\/v2\/media\/218235"}],"wp:attachment":[{"href":"https:\/\/vbd.dev.sumena.ee\/en\/wp-json\/wp\/v2\/media?parent=218234"}],"wp:term":[{"taxonomy":"product_brand","embeddable":true,"href":"https:\/\/vbd.dev.sumena.ee\/en\/wp-json\/wp\/v2\/product_brand?post=218234"},{"taxonomy":"product_cat","embeddable":true,"href":"https:\/\/vbd.dev.sumena.ee\/en\/wp-json\/wp\/v2\/product_cat?post=218234"},{"taxonomy":"product_tag","embeddable":true,"href":"https:\/\/vbd.dev.sumena.ee\/en\/wp-json\/wp\/v2\/product_tag?post=218234"}],"curies":[{"name":"wp","href":"https:\/\/api.w.org\/{rel}","templated":true}]}}