{"id":216200,"date":"2025-03-05T20:23:55","date_gmt":"2025-03-05T17:23:55","guid":{"rendered":"https:\/\/vbd.dev.sumena.ee\/?post_type=product&#038;p=216200"},"modified":"2026-02-12T16:37:23","modified_gmt":"2026-02-12T13:37:23","slug":"maitseainesegu-tagliatelle-knorr-36-g","status":"publish","type":"product","link":"https:\/\/vbd.dev.sumena.ee\/en\/product-2\/maitseainesegu-tagliatelle-knorr-36-g\/","title":{"rendered":"Maitseainesegu Tagliatelle, KNORR, 36 g"},"content":{"rendered":"<p><strong>Koostisosad<\/strong>: sibul (25,3%), t\u00e4rklis, meresool, tomatid (11,1%), riisijahu, tomatikontsentraat (5,6%), ekstra neitsioliivi\u00f5li, pipar (2,8%), k\u00fc\u00fcslauk, petersell (1,1%), basiilik, t\u00fc\u00fcmian, loorberilehed. V\u00f5ib sisaldada sellerit, gluteeni (teraviljad), muna, piima, sinepit ja soja. Kasvatatud s\u00e4\u00e4stva arengu p\u00f5him\u00f5tete j\u00e4rgi.<\/p>","protected":false},"excerpt":{"rendered":"<p>Parim enne: 31.03.2025 Hulgipakend: 20<\/p>","protected":false},"featured_media":216201,"comment_status":"open","ping_status":"closed","template":"","meta":{"_acf_changed":false},"product_brand":[],"product_cat":[183],"product_tag":[],"class_list":{"0":"post-216200","1":"product","2":"type-product","3":"status-publish","4":"has-post-thumbnail","6":"product_cat-maitseained","8":"first","9":"instock","10":"sale","11":"taxable","12":"shipping-taxable","13":"purchasable","14":"product-type-simple"},"supplier_id":null,"supplier_sku":"","barcode":null,"atum_controlled":true,"out_stock_date":null,"out_stock_threshold":null,"inheritable":false,"inbound_stock":0,"stock_on_hold":65,"sold_today":8,"sales_last_days":470,"reserved_stock":0,"customer_returns":0,"warehouse_damage":0,"lost_in_post":0,"other_logs":0,"out_stock_days":0,"lost_sales":0,"has_location":false,"update_date":"2026-02-12T14:56:47","atum_locations":[],"atum_stock_status":"instock","restock_status":false,"low_stock_amount":"","sales_update_date":"2026-02-12T14:56:37","calc_backorders":null,"acf":[],"_links":{"self":[{"href":"https:\/\/vbd.dev.sumena.ee\/en\/wp-json\/wp\/v2\/product\/216200","targetHints":{"allow":["GET"]}}],"collection":[{"href":"https:\/\/vbd.dev.sumena.ee\/en\/wp-json\/wp\/v2\/product"}],"about":[{"href":"https:\/\/vbd.dev.sumena.ee\/en\/wp-json\/wp\/v2\/types\/product"}],"replies":[{"embeddable":true,"href":"https:\/\/vbd.dev.sumena.ee\/en\/wp-json\/wp\/v2\/comments?post=216200"}],"wp:featuredmedia":[{"embeddable":true,"href":"https:\/\/vbd.dev.sumena.ee\/en\/wp-json\/wp\/v2\/media\/216201"}],"wp:attachment":[{"href":"https:\/\/vbd.dev.sumena.ee\/en\/wp-json\/wp\/v2\/media?parent=216200"}],"wp:term":[{"taxonomy":"product_brand","embeddable":true,"href":"https:\/\/vbd.dev.sumena.ee\/en\/wp-json\/wp\/v2\/product_brand?post=216200"},{"taxonomy":"product_cat","embeddable":true,"href":"https:\/\/vbd.dev.sumena.ee\/en\/wp-json\/wp\/v2\/product_cat?post=216200"},{"taxonomy":"product_tag","embeddable":true,"href":"https:\/\/vbd.dev.sumena.ee\/en\/wp-json\/wp\/v2\/product_tag?post=216200"}],"curies":[{"name":"wp","href":"https:\/\/api.w.org\/{rel}","templated":true}]}}