{"id":216197,"date":"2025-12-10T21:25:41","date_gmt":"2025-12-10T18:25:41","guid":{"rendered":"https:\/\/vbd.dev.sumena.ee\/?post_type=product&#038;p=216197"},"modified":"2026-02-12T18:40:34","modified_gmt":"2026-02-12T15:40:34","slug":"kiirnuudlid-bbq-ribide-maitselised-knorr-71-g","status":"publish","type":"product","link":"https:\/\/vbd.dev.sumena.ee\/en\/product-2\/kiirnuudlid-bbq-ribide-maitselised-knorr-71-g\/","title":{"rendered":"Kiirnuudlid BBQ ribide maitselised, KNORR, 66 g"},"content":{"rendered":"<p><strong>Koostisosad<\/strong>: Nuudlid (80,3%): NISUJAhu, palmirasv, sool, modifitseeritud t\u00e4rklis, suhkur, rapsi\u00f5li, kurkumiekstrakt, v\u00fcrtsisegu (19,7%): t\u00e4rklis, roosuhkur, maitsetugevdajad: naatriumglutamaat, dinaatriuminosinaat, dinaatriumguan\u00fclaat; kaaliumi mineraalsool, l\u00f5hna- ja maitseained, k\u00fc\u00fcslauk* (5,2%), tomatipasta* (3,2%), r\u00f6stitud sibul* (2,7%), karamellisiirup, ingver (2,1%), maltodekstriin, suitsutatud t\u0161illi (1,3%), maisi\u00f5li, SOJAkaste (sh NISU), hape: sidrunhape; sool, Cayenne&#8217;i pipar (0,7%), palmirasv, sealiha (0,5%), v\u00fcrtsisegu (aniis, aniis, kaneel, apteegitill, pipar, nelk), antioks\u00fcdant: rosmariini ekstraktid, *Kasvatatud s\u00e4\u00e4stlikult<\/p>","protected":false},"excerpt":{"rendered":"<p>Koostisosad: Nuudlid (80,3%): NISUJAhu, palmirasv, sool, modifitseeritud t\u00e4rklis, suhkur, rapsi\u00f5li, kurkumiekstrakt, v\u00fcrtsisegu (19,7%): t\u00e4rklis, roosuhkur, maitsetugevdajad: naatriumglutamaat, dinaatriuminosinaat, dinaatriumguan\u00fclaat; kaaliumi mineraalsool, l\u00f5hna- ja maitseained, k\u00fc\u00fcslauk* (5,2%), tomatipasta* (3,2%), r\u00f6stitud sibul* (2,7%), karamellisiirup, ingver (2,1%), maltodekstriin, suitsutatud t\u0161illi (1,3%), maisi\u00f5li, SOJAkaste (sh NISU), hape: sidrunhape; sool, Cayenne&#8217;i pipar (0,7%), palmirasv, sealiha (0,5%), v\u00fcrtsisegu (aniis, aniis, kaneel, [&hellip;]<\/p>","protected":false},"featured_media":216199,"comment_status":"open","ping_status":"closed","template":"","meta":{"_acf_changed":false},"product_brand":[],"product_cat":[87,86,80,89],"product_tag":[],"class_list":{"0":"post-216197","1":"product","2":"type-product","3":"status-publish","4":"has-post-thumbnail","6":"product_cat-meie-lemmikud","7":"product_cat-kuivained","8":"product_cat-snakid","9":"product_cat-valmistoit","11":"first","12":"instock","13":"sale","14":"taxable","15":"shipping-taxable","16":"purchasable","17":"product-type-simple"},"supplier_id":null,"supplier_sku":"","barcode":null,"atum_controlled":true,"out_stock_date":null,"out_stock_threshold":null,"inheritable":false,"inbound_stock":0,"stock_on_hold":513,"sold_today":394,"sales_last_days":4880,"reserved_stock":0,"customer_returns":0,"warehouse_damage":0,"lost_in_post":0,"other_logs":0,"out_stock_days":0,"lost_sales":0,"has_location":false,"update_date":"2026-02-12T15:41:01","atum_locations":[],"atum_stock_status":"instock","restock_status":true,"low_stock_amount":"","sales_update_date":"2026-02-12T15:40:51","calc_backorders":null,"acf":[],"_links":{"self":[{"href":"https:\/\/vbd.dev.sumena.ee\/en\/wp-json\/wp\/v2\/product\/216197","targetHints":{"allow":["GET"]}}],"collection":[{"href":"https:\/\/vbd.dev.sumena.ee\/en\/wp-json\/wp\/v2\/product"}],"about":[{"href":"https:\/\/vbd.dev.sumena.ee\/en\/wp-json\/wp\/v2\/types\/product"}],"replies":[{"embeddable":true,"href":"https:\/\/vbd.dev.sumena.ee\/en\/wp-json\/wp\/v2\/comments?post=216197"}],"wp:featuredmedia":[{"embeddable":true,"href":"https:\/\/vbd.dev.sumena.ee\/en\/wp-json\/wp\/v2\/media\/216199"}],"wp:attachment":[{"href":"https:\/\/vbd.dev.sumena.ee\/en\/wp-json\/wp\/v2\/media?parent=216197"}],"wp:term":[{"taxonomy":"product_brand","embeddable":true,"href":"https:\/\/vbd.dev.sumena.ee\/en\/wp-json\/wp\/v2\/product_brand?post=216197"},{"taxonomy":"product_cat","embeddable":true,"href":"https:\/\/vbd.dev.sumena.ee\/en\/wp-json\/wp\/v2\/product_cat?post=216197"},{"taxonomy":"product_tag","embeddable":true,"href":"https:\/\/vbd.dev.sumena.ee\/en\/wp-json\/wp\/v2\/product_tag?post=216197"}],"curies":[{"name":"wp","href":"https:\/\/api.w.org\/{rel}","templated":true}]}}