{"id":201333,"date":"2026-01-29T14:30:21","date_gmt":"2026-01-29T11:30:21","guid":{"rendered":"https:\/\/vbd.dev.sumena.ee\/?post_type=product&#038;p=201333"},"modified":"2026-02-12T12:54:19","modified_gmt":"2026-02-12T09:54:19","slug":"durex-naturals-thin-kondoomid-10-tk","status":"publish","type":"product","link":"https:\/\/vbd.dev.sumena.ee\/en\/product-2\/durex-naturals-thin-kondoomid-10-tk\/","title":{"rendered":"DUREX Naturals Thin kondoomid, 10 tk"},"content":{"rendered":"<p>\u00d5huke kondoom koos naisele m\u00f5eldud \u00f5rna libestiga. \u00d5rn koostis. Kergesti paigaldatav kuju, nibukujulise otsaga, siledad, veep\u00f5hise libestiga. Nominaallaius: 56mm. LOODUSLIK P\u00c4RITOLU.<\/p>","protected":false},"excerpt":{"rendered":"<p>Parim enne: 30.03.2027<\/p>","protected":false},"featured_media":201334,"comment_status":"open","ping_status":"closed","template":"","meta":{"_acf_changed":false},"product_brand":[],"product_cat":[158,104],"product_tag":[],"class_list":{"0":"post-201333","1":"product","2":"type-product","3":"status-publish","4":"has-post-thumbnail","6":"product_cat-kehahooldus","7":"product_cat-enesehooldus","9":"first","10":"instock","11":"sale","12":"taxable","13":"shipping-taxable","14":"purchasable","15":"product-type-simple"},"supplier_id":null,"supplier_sku":"","barcode":null,"atum_controlled":true,"out_stock_date":null,"out_stock_threshold":null,"inheritable":false,"inbound_stock":0,"stock_on_hold":6,"sold_today":3,"sales_last_days":40,"reserved_stock":0,"customer_returns":0,"warehouse_damage":0,"lost_in_post":0,"other_logs":0,"out_stock_days":0,"lost_sales":0,"has_location":false,"update_date":"2026-02-12T10:22:38","atum_locations":[],"atum_stock_status":"instock","restock_status":true,"low_stock_amount":"","sales_update_date":"2026-02-12T10:22:28","calc_backorders":null,"acf":[],"_links":{"self":[{"href":"https:\/\/vbd.dev.sumena.ee\/en\/wp-json\/wp\/v2\/product\/201333","targetHints":{"allow":["GET"]}}],"collection":[{"href":"https:\/\/vbd.dev.sumena.ee\/en\/wp-json\/wp\/v2\/product"}],"about":[{"href":"https:\/\/vbd.dev.sumena.ee\/en\/wp-json\/wp\/v2\/types\/product"}],"replies":[{"embeddable":true,"href":"https:\/\/vbd.dev.sumena.ee\/en\/wp-json\/wp\/v2\/comments?post=201333"}],"wp:featuredmedia":[{"embeddable":true,"href":"https:\/\/vbd.dev.sumena.ee\/en\/wp-json\/wp\/v2\/media\/201334"}],"wp:attachment":[{"href":"https:\/\/vbd.dev.sumena.ee\/en\/wp-json\/wp\/v2\/media?parent=201333"}],"wp:term":[{"taxonomy":"product_brand","embeddable":true,"href":"https:\/\/vbd.dev.sumena.ee\/en\/wp-json\/wp\/v2\/product_brand?post=201333"},{"taxonomy":"product_cat","embeddable":true,"href":"https:\/\/vbd.dev.sumena.ee\/en\/wp-json\/wp\/v2\/product_cat?post=201333"},{"taxonomy":"product_tag","embeddable":true,"href":"https:\/\/vbd.dev.sumena.ee\/en\/wp-json\/wp\/v2\/product_tag?post=201333"}],"curies":[{"name":"wp","href":"https:\/\/api.w.org\/{rel}","templated":true}]}}