{"id":201331,"date":"2025-10-10T19:55:21","date_gmt":"2025-10-10T16:55:21","guid":{"rendered":"https:\/\/vbd.dev.sumena.ee\/?post_type=product&#038;p=201331"},"modified":"2026-02-10T00:34:14","modified_gmt":"2026-02-09T21:34:14","slug":"veet-vahaplaaster-cold-wax-40-sensitive","status":"publish","type":"product","link":"https:\/\/vbd.dev.sumena.ee\/en\/product-2\/veet-vahaplaaster-cold-wax-40-sensitive\/","title":{"rendered":"VEET vahaplaaster COLD WAX 40 SENSITIVE"},"content":{"rendered":"<p>Veet EasyGelwax vaharibad kehale &amp; jalgadele. Tundlikule nahale mandli\u00f5li &amp; Evitamiiniga. 40 vahariba + 4 viimistlussalvr\u00e4tikut. Uue p\u00f5lvkonna Veet vaharibad annavad kindluse t\u00e4iuslike tulemuste suhtes. Uus geeljas koostis koos EasyGelwaxTM tehnoloogiaga voolab laiali ja haarab aktiivselt kaasa ka k\u00f5ige l\u00fchemad karvad*; eemaldab karvad juure juurest, tagades sileduse 28 p\u00e4evaks. Nii annab see kindluse, et saavutate 1. korral suurep\u00e4rase tulemuse, isegi kui teil puuduvad kogemused vaharibade kasutamisel. Nautige nahal meeldivat geeli tekstuuri, head l\u00f5hna ja ilusat v\u00e4rvi. Spetsiaalselt loodud mandli\u00f5li ja Evitamiiniga tundlikule nahale. *1,5 mm. Enne Veet vaharibade kasutamist, lugege hoolikalt ettevaatusmeetmeid. Ribade eraldamiseks ei ole vaja neid k\u00e4te vahel h\u00f5\u00f5ruda!<\/p>","protected":false},"excerpt":{"rendered":"<p>Parim enne: 28.02.2026<\/p>","protected":false},"featured_media":201332,"comment_status":"open","ping_status":"closed","template":"","meta":{"_acf_changed":false},"product_brand":[],"product_cat":[158,104],"product_tag":[],"class_list":{"0":"post-201331","1":"product","2":"type-product","3":"status-publish","4":"has-post-thumbnail","6":"product_cat-kehahooldus","7":"product_cat-enesehooldus","9":"first","10":"instock","11":"sale","12":"taxable","13":"shipping-taxable","14":"purchasable","15":"product-type-simple"},"supplier_id":null,"supplier_sku":"","barcode":null,"atum_controlled":true,"out_stock_date":null,"out_stock_threshold":null,"inheritable":false,"inbound_stock":0,"stock_on_hold":0,"sold_today":0,"sales_last_days":5,"reserved_stock":0,"customer_returns":0,"warehouse_damage":0,"lost_in_post":0,"other_logs":0,"out_stock_days":0,"lost_sales":0,"has_location":false,"update_date":"2026-02-12T08:58:36","atum_locations":[],"atum_stock_status":"instock","restock_status":false,"low_stock_amount":"","sales_update_date":"2026-02-12T08:58:27","calc_backorders":null,"acf":[],"_links":{"self":[{"href":"https:\/\/vbd.dev.sumena.ee\/en\/wp-json\/wp\/v2\/product\/201331","targetHints":{"allow":["GET"]}}],"collection":[{"href":"https:\/\/vbd.dev.sumena.ee\/en\/wp-json\/wp\/v2\/product"}],"about":[{"href":"https:\/\/vbd.dev.sumena.ee\/en\/wp-json\/wp\/v2\/types\/product"}],"replies":[{"embeddable":true,"href":"https:\/\/vbd.dev.sumena.ee\/en\/wp-json\/wp\/v2\/comments?post=201331"}],"wp:featuredmedia":[{"embeddable":true,"href":"https:\/\/vbd.dev.sumena.ee\/en\/wp-json\/wp\/v2\/media\/201332"}],"wp:attachment":[{"href":"https:\/\/vbd.dev.sumena.ee\/en\/wp-json\/wp\/v2\/media?parent=201331"}],"wp:term":[{"taxonomy":"product_brand","embeddable":true,"href":"https:\/\/vbd.dev.sumena.ee\/en\/wp-json\/wp\/v2\/product_brand?post=201331"},{"taxonomy":"product_cat","embeddable":true,"href":"https:\/\/vbd.dev.sumena.ee\/en\/wp-json\/wp\/v2\/product_cat?post=201331"},{"taxonomy":"product_tag","embeddable":true,"href":"https:\/\/vbd.dev.sumena.ee\/en\/wp-json\/wp\/v2\/product_tag?post=201331"}],"curies":[{"name":"wp","href":"https:\/\/api.w.org\/{rel}","templated":true}]}}