{"id":200353,"date":"2026-01-28T13:10:12","date_gmt":"2026-01-28T10:10:12","guid":{"rendered":"https:\/\/vbd.dev.sumena.ee\/?post_type=product&#038;p=200353"},"modified":"2026-02-12T17:13:11","modified_gmt":"2026-02-12T14:13:11","slug":"praanik-aprikoosimaitselise-taidisega-minu-250g","status":"publish","type":"product","link":"https:\/\/vbd.dev.sumena.ee\/en\/product-2\/praanik-aprikoosimaitselise-taidisega-minu-250g\/","title":{"rendered":"Pr\u00e4\u00e4nik aprikoosimaitselise t\u00e4idisega, MINU, 250g"},"content":{"rendered":"<p><strong>Ingredients:<\/strong> NISUJAHU, suhkur, aprikoosimaitseline t\u00e4idis 18,1% (\u00f5unad\u00feemm(\u00f5unad, suhkur, happesuse regulaator E330, paksendaja E440 , s\u00e4ilitusaine E202, toiduv\u00e4rv E120), l\u00f5hna- ja maitseaine vaarikas), vesi, invertsiirup (suhkur, vesi, happesuse regulaatorid E330, E500 ), gl\u00fckoosi-fruktoosisiirup, taimsed rasvad ( sheap\u00e4hkli\u00f5li, palmi\u00f5li), MUNAPULBER, kergitusained E503, E500, k\u00f5rvetatud suhkrusiirup,v\u00fcrtsisegu. Allergeenid NISU, MUNA. V\u00f5imalik KAERA, RUKKI, ODRA, PIIMA, MAAP\u00c4HKLI, P\u00c4HKLITE, SOJA ja SEESAMI v\u00e4ike sisaldus.<\/p>","protected":false},"excerpt":{"rendered":"<p>Koostisosad: NISUJAHU, suhkur, aprikoosimaitseline t\u00e4idis 18,1% (\u00f5unad\u00feemm(\u00f5unad, suhkur, happesuse regulaator E330, paksendaja E440 , s\u00e4ilitusaine E202, toiduv\u00e4rv E120), l\u00f5hna- ja maitseaine vaarikas), vesi, invertsiirup (suhkur, vesi, happesuse regulaatorid E330, E500 ), gl\u00fckoosi-fruktoosisiirup, taimsed rasvad ( sheap\u00e4hkli\u00f5li, palmi\u00f5li), MUNAPULBER, kergitusained E503, E500, k\u00f5rvetatud suhkrusiirup,v\u00fcrtsisegu. Allergeenid NISU, MUNA. V\u00f5imalik KAERA, RUKKI, ODRA, PIIMA, MAAP\u00c4HKLI, P\u00c4HKLITE, SOJA ja [&hellip;]<\/p>","protected":false},"featured_media":200354,"comment_status":"open","ping_status":"closed","template":"","meta":{"_acf_changed":false},"product_brand":[],"product_cat":[117,77,80],"product_tag":[],"class_list":{"0":"post-200353","1":"product","2":"type-product","3":"status-publish","4":"has-post-thumbnail","6":"product_cat-kupsised","7":"product_cat-maiustused","8":"product_cat-snakid","10":"first","11":"instock","12":"sale","13":"taxable","14":"shipping-taxable","15":"purchasable","16":"product-type-simple"},"supplier_id":null,"supplier_sku":"","barcode":null,"atum_controlled":true,"out_stock_date":null,"out_stock_threshold":null,"inheritable":false,"inbound_stock":0,"stock_on_hold":43,"sold_today":30,"sales_last_days":401,"reserved_stock":0,"customer_returns":0,"warehouse_damage":0,"lost_in_post":0,"other_logs":0,"out_stock_days":0,"lost_sales":0,"has_location":false,"update_date":"2026-02-12T14:25:50","atum_locations":[],"atum_stock_status":"instock","restock_status":true,"low_stock_amount":"","sales_update_date":"2026-02-12T14:25:41","calc_backorders":null,"acf":[],"_links":{"self":[{"href":"https:\/\/vbd.dev.sumena.ee\/en\/wp-json\/wp\/v2\/product\/200353","targetHints":{"allow":["GET"]}}],"collection":[{"href":"https:\/\/vbd.dev.sumena.ee\/en\/wp-json\/wp\/v2\/product"}],"about":[{"href":"https:\/\/vbd.dev.sumena.ee\/en\/wp-json\/wp\/v2\/types\/product"}],"replies":[{"embeddable":true,"href":"https:\/\/vbd.dev.sumena.ee\/en\/wp-json\/wp\/v2\/comments?post=200353"}],"wp:featuredmedia":[{"embeddable":true,"href":"https:\/\/vbd.dev.sumena.ee\/en\/wp-json\/wp\/v2\/media\/200354"}],"wp:attachment":[{"href":"https:\/\/vbd.dev.sumena.ee\/en\/wp-json\/wp\/v2\/media?parent=200353"}],"wp:term":[{"taxonomy":"product_brand","embeddable":true,"href":"https:\/\/vbd.dev.sumena.ee\/en\/wp-json\/wp\/v2\/product_brand?post=200353"},{"taxonomy":"product_cat","embeddable":true,"href":"https:\/\/vbd.dev.sumena.ee\/en\/wp-json\/wp\/v2\/product_cat?post=200353"},{"taxonomy":"product_tag","embeddable":true,"href":"https:\/\/vbd.dev.sumena.ee\/en\/wp-json\/wp\/v2\/product_tag?post=200353"}],"curies":[{"name":"wp","href":"https:\/\/api.w.org\/{rel}","templated":true}]}}