{"id":199850,"date":"2025-12-30T13:00:01","date_gmt":"2025-12-30T10:00:01","guid":{"rendered":"https:\/\/vbd.dev.sumena.ee\/?post_type=product&#038;p=199850"},"modified":"2026-02-12T18:17:48","modified_gmt":"2026-02-12T15:17:48","slug":"gaseeritud-mundimaitseline-madala-kalorsusega-jook-belief-530-ml","status":"publish","type":"product","link":"https:\/\/vbd.dev.sumena.ee\/en\/product-2\/gaseeritud-mundimaitseline-madala-kalorsusega-jook-belief-530-ml\/","title":{"rendered":"Gaseeritud m\u00fcndimaitseline madala kalorsusega jook, BELIEF, 530 ml"},"content":{"rendered":"<p><strong>Koostisosad<\/strong>: karboniseeritud vesi, fruktoos, happesuse regulaator, sidrunhape, l\u00f5hna- ja maitseaine (m\u00fcndi), vitamiinid (E-,D ja teatud B-r\u00fchma), magneesium, seleen, tsink, foolhape, pantoneenhape, niatsiin, biotiin, kaltsiumlaktaat, kofeiin, \u00a0s\u00e4ilitusained (kaaliumsorbaat ja naatriumbensonaat), stabilisaator (ksantaankumm). Soovitav hoida jahedas.<\/p>\n<p>&nbsp;<\/p>","protected":false},"excerpt":{"rendered":"<p>Koostisosad: karboniseeritud vesi, fruktoos, happesuse regulaator, sidrunhape, l\u00f5hna- ja maitseaine (m\u00fcndi), vitamiinid (E-,D ja teatud B-r\u00fchma), magneesium, seleen, tsink, foolhape, pantoneenhape, niatsiin, biotiin, kaltsiumlaktaat, kofeiin, \u00a0s\u00e4ilitusained (kaaliumsorbaat ja naatriumbensonaat), stabilisaator (ksantaankumm). Soovitav hoida jahedas. &nbsp;<\/p>","protected":false},"featured_media":199852,"comment_status":"open","ping_status":"closed","template":"","meta":{"_acf_changed":false},"product_brand":[],"product_cat":[177,87,90,79],"product_tag":[],"class_list":{"0":"post-199850","1":"product","2":"type-product","3":"status-publish","4":"has-post-thumbnail","6":"product_cat-karastus-ja-energiajoogid-toonikud-muu","7":"product_cat-meie-lemmikud","8":"product_cat-pant","9":"product_cat-joogid","11":"first","12":"instock","13":"sale","14":"taxable","15":"shipping-taxable","16":"purchasable","17":"product-type-simple"},"supplier_id":null,"supplier_sku":"","barcode":null,"atum_controlled":true,"out_stock_date":null,"out_stock_threshold":null,"inheritable":false,"inbound_stock":0,"stock_on_hold":217,"sold_today":224,"sales_last_days":2668,"reserved_stock":0,"customer_returns":0,"warehouse_damage":0,"lost_in_post":0,"other_logs":0,"out_stock_days":0,"lost_sales":0,"has_location":false,"update_date":"2026-02-12T15:18:19","atum_locations":[],"atum_stock_status":"instock","restock_status":true,"low_stock_amount":"","sales_update_date":"2026-02-12T15:18:10","calc_backorders":null,"acf":[],"_links":{"self":[{"href":"https:\/\/vbd.dev.sumena.ee\/en\/wp-json\/wp\/v2\/product\/199850","targetHints":{"allow":["GET"]}}],"collection":[{"href":"https:\/\/vbd.dev.sumena.ee\/en\/wp-json\/wp\/v2\/product"}],"about":[{"href":"https:\/\/vbd.dev.sumena.ee\/en\/wp-json\/wp\/v2\/types\/product"}],"replies":[{"embeddable":true,"href":"https:\/\/vbd.dev.sumena.ee\/en\/wp-json\/wp\/v2\/comments?post=199850"}],"wp:featuredmedia":[{"embeddable":true,"href":"https:\/\/vbd.dev.sumena.ee\/en\/wp-json\/wp\/v2\/media\/199852"}],"wp:attachment":[{"href":"https:\/\/vbd.dev.sumena.ee\/en\/wp-json\/wp\/v2\/media?parent=199850"}],"wp:term":[{"taxonomy":"product_brand","embeddable":true,"href":"https:\/\/vbd.dev.sumena.ee\/en\/wp-json\/wp\/v2\/product_brand?post=199850"},{"taxonomy":"product_cat","embeddable":true,"href":"https:\/\/vbd.dev.sumena.ee\/en\/wp-json\/wp\/v2\/product_cat?post=199850"},{"taxonomy":"product_tag","embeddable":true,"href":"https:\/\/vbd.dev.sumena.ee\/en\/wp-json\/wp\/v2\/product_tag?post=199850"}],"curies":[{"name":"wp","href":"https:\/\/api.w.org\/{rel}","templated":true}]}}