{"id":196155,"date":"2026-02-09T20:10:20","date_gmt":"2026-02-09T17:10:20","guid":{"rendered":"https:\/\/vbd.dev.sumena.ee\/?post_type=product&#038;p=196155"},"modified":"2026-02-12T15:53:33","modified_gmt":"2026-02-12T12:53:33","slug":"kuivrostitud-soolatud-india-pahklid-estrella-250g","status":"publish","type":"product","link":"https:\/\/vbd.dev.sumena.ee\/en\/product-2\/kuivrostitud-soolatud-india-pahklid-estrella-250g\/","title":{"rendered":"Kuivr\u00f6stitud soolatud india p\u00e4hklid, ESTRELLA, 250g"},"content":{"rendered":"<p><strong>Koostisosad<\/strong>: INDIA P\u00c4HKLID 98%, sool 0,7%, \u017eeleeriv aine kummiaraabik, maltodekstriin, karamellistatud suhkur, p\u00e4rmiekstrakt<\/p>","protected":false},"excerpt":{"rendered":"<p>Koostisosad: INDIA P\u00c4HKLID 98%, sool 0,7%, \u017eeleeriv aine kummiaraabik, maltodekstriin, karamellistatud suhkur, p\u00e4rmiekstrakt<\/p>","protected":false},"featured_media":196158,"comment_status":"open","ping_status":"closed","template":"","meta":{"_acf_changed":false},"product_brand":[],"product_cat":[116,87,80],"product_tag":[],"class_list":{"0":"post-196155","1":"product","2":"type-product","3":"status-publish","4":"has-post-thumbnail","6":"product_cat-pahklid","7":"product_cat-meie-lemmikud","8":"product_cat-snakid","10":"first","11":"instock","12":"sale","13":"taxable","14":"shipping-taxable","15":"purchasable","16":"product-type-simple"},"supplier_id":null,"supplier_sku":"","barcode":null,"atum_controlled":true,"out_stock_date":null,"out_stock_threshold":null,"inheritable":false,"inbound_stock":0,"stock_on_hold":69,"sold_today":84,"sales_last_days":133,"reserved_stock":0,"customer_returns":0,"warehouse_damage":0,"lost_in_post":0,"other_logs":0,"out_stock_days":0,"lost_sales":0,"has_location":false,"update_date":"2026-02-12T15:13:36","atum_locations":[],"atum_stock_status":"instock","restock_status":false,"low_stock_amount":"","sales_update_date":"2026-02-12T15:13:27","calc_backorders":null,"acf":[],"_links":{"self":[{"href":"https:\/\/vbd.dev.sumena.ee\/en\/wp-json\/wp\/v2\/product\/196155","targetHints":{"allow":["GET"]}}],"collection":[{"href":"https:\/\/vbd.dev.sumena.ee\/en\/wp-json\/wp\/v2\/product"}],"about":[{"href":"https:\/\/vbd.dev.sumena.ee\/en\/wp-json\/wp\/v2\/types\/product"}],"replies":[{"embeddable":true,"href":"https:\/\/vbd.dev.sumena.ee\/en\/wp-json\/wp\/v2\/comments?post=196155"}],"wp:featuredmedia":[{"embeddable":true,"href":"https:\/\/vbd.dev.sumena.ee\/en\/wp-json\/wp\/v2\/media\/196158"}],"wp:attachment":[{"href":"https:\/\/vbd.dev.sumena.ee\/en\/wp-json\/wp\/v2\/media?parent=196155"}],"wp:term":[{"taxonomy":"product_brand","embeddable":true,"href":"https:\/\/vbd.dev.sumena.ee\/en\/wp-json\/wp\/v2\/product_brand?post=196155"},{"taxonomy":"product_cat","embeddable":true,"href":"https:\/\/vbd.dev.sumena.ee\/en\/wp-json\/wp\/v2\/product_cat?post=196155"},{"taxonomy":"product_tag","embeddable":true,"href":"https:\/\/vbd.dev.sumena.ee\/en\/wp-json\/wp\/v2\/product_tag?post=196155"}],"curies":[{"name":"wp","href":"https:\/\/api.w.org\/{rel}","templated":true}]}}