{"id":174097,"date":"2025-07-24T08:45:18","date_gmt":"2025-07-24T05:45:18","guid":{"rendered":"https:\/\/vbd.dev.sumena.ee\/?post_type=product&#038;p=174097"},"modified":"2026-02-06T23:19:05","modified_gmt":"2026-02-06T20:19:05","slug":"kookospalmisuhkru-stick-50tk-250g","status":"publish","type":"product","link":"https:\/\/vbd.dev.sumena.ee\/en\/product-2\/kookospalmisuhkru-stick-50tk-250g\/","title":{"rendered":"Kookospalmisuhkru stick 50tk, 250g"},"content":{"rendered":"<p>Kookospalmisuhkru stick 5g, 50tk karbis.<\/p>\n<p>Kookospalmi suhkur on valmistatud kookospalmi \u00f5ienektarist. Aurustumise k\u00e4igus saadakse pruun siirup, mis deh\u00fcdreeritakse kraanuliteks. Valmistamisel ei lisata sinna \u00fchtegi lisandit, ta on rafineerimata ja loomulikult magusa karamellise maitsega. Palmi suhkur sobib tavalise suhkru asemel erinevatesse toitudesse, jookidesse ja talub h\u00e4sti kuumutamist.<\/p>\n<p>Sobib suurep\u00e4raselt magustoitudesse, k\u00fcpsetistesse ning tee ja kohvi sisse.<\/p>","protected":false},"excerpt":{"rendered":"<p>Parim enne: 30.09.2025<\/p>","protected":false},"featured_media":174098,"comment_status":"open","ping_status":"closed","template":"","meta":{"_acf_changed":false},"product_brand":[],"product_cat":[183],"product_tag":[],"class_list":{"0":"post-174097","1":"product","2":"type-product","3":"status-publish","4":"has-post-thumbnail","6":"product_cat-maitseained","8":"first","9":"instock","10":"sale","11":"taxable","12":"shipping-taxable","13":"purchasable","14":"product-type-simple"},"supplier_id":null,"supplier_sku":"","barcode":null,"atum_controlled":true,"out_stock_date":null,"out_stock_threshold":null,"inheritable":false,"inbound_stock":0,"stock_on_hold":0,"sold_today":0,"sales_last_days":4,"reserved_stock":0,"customer_returns":0,"warehouse_damage":0,"lost_in_post":0,"other_logs":0,"out_stock_days":0,"lost_sales":0,"has_location":false,"update_date":"2026-02-10T14:09:01","atum_locations":[],"atum_stock_status":"instock","restock_status":false,"low_stock_amount":"","sales_update_date":"2026-02-10T14:08:41","calc_backorders":null,"acf":[],"_links":{"self":[{"href":"https:\/\/vbd.dev.sumena.ee\/en\/wp-json\/wp\/v2\/product\/174097","targetHints":{"allow":["GET"]}}],"collection":[{"href":"https:\/\/vbd.dev.sumena.ee\/en\/wp-json\/wp\/v2\/product"}],"about":[{"href":"https:\/\/vbd.dev.sumena.ee\/en\/wp-json\/wp\/v2\/types\/product"}],"replies":[{"embeddable":true,"href":"https:\/\/vbd.dev.sumena.ee\/en\/wp-json\/wp\/v2\/comments?post=174097"}],"wp:featuredmedia":[{"embeddable":true,"href":"https:\/\/vbd.dev.sumena.ee\/en\/wp-json\/wp\/v2\/media\/174098"}],"wp:attachment":[{"href":"https:\/\/vbd.dev.sumena.ee\/en\/wp-json\/wp\/v2\/media?parent=174097"}],"wp:term":[{"taxonomy":"product_brand","embeddable":true,"href":"https:\/\/vbd.dev.sumena.ee\/en\/wp-json\/wp\/v2\/product_brand?post=174097"},{"taxonomy":"product_cat","embeddable":true,"href":"https:\/\/vbd.dev.sumena.ee\/en\/wp-json\/wp\/v2\/product_cat?post=174097"},{"taxonomy":"product_tag","embeddable":true,"href":"https:\/\/vbd.dev.sumena.ee\/en\/wp-json\/wp\/v2\/product_tag?post=174097"}],"curies":[{"name":"wp","href":"https:\/\/api.w.org\/{rel}","templated":true}]}}