{"id":150293,"date":"2025-09-25T14:00:26","date_gmt":"2025-09-25T11:00:26","guid":{"rendered":"https:\/\/vbd.dev.sumena.ee\/?post_type=product&#038;p=150293"},"modified":"2026-02-11T21:21:28","modified_gmt":"2026-02-11T18:21:28","slug":"vaibapuhastusvahend-regular-vanish-500-ml","status":"publish","type":"product","link":"https:\/\/vbd.dev.sumena.ee\/en\/product-2\/vaibapuhastusvahend-regular-vanish-500-ml\/","title":{"rendered":"Vaibapuhastusvahend Regular, VANISH, 500 ml"},"content":{"rendered":"<p>Vanish Clean &amp; Fresh k\u00e4sipesu\u0161ampoon vaipadele. Eemaldab 5 x rohkem mustust*. Pehmendab, puhastab, v\u00e4rskendab. *vs ainult tolmuimejaga puhastamine<\/p>\n<p><strong>Koostisosad <\/strong><\/p>\n<p>Koostis (koostisosade teave www.rbeuroinfo.com): alla 5% hapnikup\u00f5hised pleegitusained, anioonsed pindaktiivsed ained, mitteioonsed pindaktiivsed ained, pol\u00fckarboks\u00fclaadid, l\u00f5hnaained.<\/p>\n<p><strong>Kasutusjuhend <\/strong><\/p>\n<p>Kasutamine: Puhastage vaip tolmuimejaga. Segage 1 osa toodet 9 osa veega (max 40 \u00b0C). Segage vahule. Kandke vaht \u00fchtlaselt vaibale. Laske kuivada. Puhastage j\u00e4lle tolmuimejaga. Kasutussoovitused: Alati kontrollige vaiba v\u00e4rvikindlust vaiba silmapaistmatus kohas. Kasutage ainult vahtu, kuna liigne m\u00e4rgumine v\u00f5ib p\u00f5hjustada kokkut\u00f5mbumist v\u00f5i plekke. Enne tolmuimejaga puhastamist laske kuivada. Mitte lasta liigselt m\u00e4rguda. Ei sobi kasutamiseks velvetmaterjalidel, brokaadil v\u00f5i nendel materjalidel, mis ei sobi m\u00e4rgpuhastuseks. Ei sobi kasutamiseks masinates.<\/p>\n<p><strong>Ohutus <\/strong><\/p>\n<p>HOIATUS. P\u00f5hjustab tugevat silmade \u00e4rritust. Hoida lastele k\u00e4ttesaamatus kohas. SILMA SATTUMISE KORRAL: loputada mitme minuti jooksul ettevaatlikult veega. Eemaldada kontaktl\u00e4\u00e4tsed, kui neid kasutatakse ja kui neid on kerge eemaldada. Loputada veel kord. Kui silmade \u00e4rritus ei m\u00f6\u00f6du: p\u00f6\u00f6rduda arsti poole. P\u00e4rast k\u00e4itlemist pesta hoolega k\u00e4si. Arsti poole p\u00f6\u00f6rdudes v\u00f5tta kaasa toote pakend v\u00f5i etikett. Kui kokkupuutel nahaga tekib valgenemine, \u00e4rge muretsege. Valgendav toime on ajutine ja p\u00f6\u00f6rduv. Pritsmed loputada kohe rohke veega. Tundliku naha korral on soovitav kanda kaitsekindaid. Mitte kokku segada teiste toodetega.<\/p>\n<p><i>Pilt on illustreeriv, toote tegelik v\u00e4limus v\u00f5ib erineda. Tootekirjeldus on \u00fcldise iseloomuga ning v\u00f5ib erineda tootepakendil olevast teabest.<\/i><\/p>","protected":false},"excerpt":{"rendered":"<p>Parim enne: 30.06.2026<\/p>","protected":false},"featured_media":150295,"comment_status":"open","ping_status":"closed","template":"","meta":{"_acf_changed":false},"product_brand":[],"product_cat":[185,88],"product_tag":[],"class_list":{"0":"post-150293","1":"product","2":"type-product","3":"status-publish","4":"has-post-thumbnail","6":"product_cat-puhastus-ja-koristusvahendid","7":"product_cat-tarbekaubad-tooted","9":"first","10":"instock","11":"sale","12":"taxable","13":"shipping-taxable","14":"purchasable","15":"product-type-simple"},"supplier_id":null,"supplier_sku":"","barcode":null,"atum_controlled":true,"out_stock_date":null,"out_stock_threshold":null,"inheritable":false,"inbound_stock":0,"stock_on_hold":2,"sold_today":2,"sales_last_days":20,"reserved_stock":0,"customer_returns":0,"warehouse_damage":0,"lost_in_post":0,"other_logs":0,"out_stock_days":0,"lost_sales":0,"has_location":false,"update_date":"2026-02-11T18:22:40","atum_locations":[],"atum_stock_status":"instock","restock_status":false,"low_stock_amount":"","sales_update_date":"2026-02-11T18:22:33","calc_backorders":null,"acf":[],"_links":{"self":[{"href":"https:\/\/vbd.dev.sumena.ee\/en\/wp-json\/wp\/v2\/product\/150293","targetHints":{"allow":["GET"]}}],"collection":[{"href":"https:\/\/vbd.dev.sumena.ee\/en\/wp-json\/wp\/v2\/product"}],"about":[{"href":"https:\/\/vbd.dev.sumena.ee\/en\/wp-json\/wp\/v2\/types\/product"}],"replies":[{"embeddable":true,"href":"https:\/\/vbd.dev.sumena.ee\/en\/wp-json\/wp\/v2\/comments?post=150293"}],"wp:featuredmedia":[{"embeddable":true,"href":"https:\/\/vbd.dev.sumena.ee\/en\/wp-json\/wp\/v2\/media\/150295"}],"wp:attachment":[{"href":"https:\/\/vbd.dev.sumena.ee\/en\/wp-json\/wp\/v2\/media?parent=150293"}],"wp:term":[{"taxonomy":"product_brand","embeddable":true,"href":"https:\/\/vbd.dev.sumena.ee\/en\/wp-json\/wp\/v2\/product_brand?post=150293"},{"taxonomy":"product_cat","embeddable":true,"href":"https:\/\/vbd.dev.sumena.ee\/en\/wp-json\/wp\/v2\/product_cat?post=150293"},{"taxonomy":"product_tag","embeddable":true,"href":"https:\/\/vbd.dev.sumena.ee\/en\/wp-json\/wp\/v2\/product_tag?post=150293"}],"curies":[{"name":"wp","href":"https:\/\/api.w.org\/{rel}","templated":true}]}}