{"id":140660,"date":"2025-12-05T13:20:07","date_gmt":"2025-12-05T10:20:07","guid":{"rendered":"https:\/\/vbd.dev.sumena.ee\/?post_type=product&#038;p=140660"},"modified":"2026-02-12T13:08:05","modified_gmt":"2026-02-12T10:08:05","slug":"kalev-limoncello-likooriga-martsipanikommid-150g","status":"publish","type":"product","link":"https:\/\/vbd.dev.sumena.ee\/en\/product-2\/kalev-limoncello-likooriga-martsipanikommid-150g\/","title":{"rendered":"Kalev Limoncello lik\u00f6\u00f6riga martsipanikommid 150g"},"content":{"rendered":"<h3>Tootekirjeldus<\/h3>\n<p>Kalevi martsipan on rikkaliku mandlisisaldusega. Klassikalist martsipani t\u00e4iendab s\u00e4rtsakas Limoncello, mis viib Sind maitser\u00e4nnakule otse Itaaliasse. Ideaalne kommikarp maitsenaudinguks iseendale v\u00f5i v\u00e4ikeseks, kuid v\u00e4\u00e4rikaks kingituseks kallile s\u00f5brale. Naudi t\u00f5elist martsipani! S\u00e4ilitada kuivas ja jahedas<\/p>\n<h3 id=\"product-ingredients-title\">Koostisosad<\/h3>\n<p id=\"product-ingredients\">suhkur, <b>mandel<\/b> 19%, kakaomass, <b>l\u00f5ssipulber<\/b> (<b>piim<\/b>), gl\u00fckoosisiirup, kakaov\u00f5i, <i>Limoncello<\/i> sidrunilik\u00f6\u00f6r 3,5%, sidruni\u00f5li, emulgaator (letsitiin), stabilisaator (invertaas). S\u00e4ilitusaineteta. V\u00f5ib sisaldada v\u00e4hesel m\u00e4\u00e4ral erinevaid p\u00e4hkleid, maap\u00e4hklit, gluteeni sisaldavaid teravilju ja munatooteid.<\/p>\n<h3 class=\"m-top02\">P\u00e4ritolumaa<\/h3>\n<p>Eesti<\/p>\n<h3>Toitumisalane teave 100 g toote kohta<\/h3>\n<table class=\"data-table\" cellspacing=\"0\">\n<tbody>\n<tr class=\"energy\">\n<td>Energia<\/td>\n<td class=\"text-right\">1925 kJ \/ 460 kcal<\/td>\n<\/tr>\n<tr>\n<td>Rasvad<\/td>\n<td class=\"text-right\">20 g<\/td>\n<\/tr>\n<tr>\n<td class=\"sub\">K\u00fcllastunud rasvhapped<\/td>\n<td class=\"text-right\">6,3 g<\/td>\n<\/tr>\n<tr>\n<td>S\u00fcsivesikud<\/td>\n<td class=\"text-right\">59 g<\/td>\n<\/tr>\n<tr>\n<td class=\"sub\">Suhkrud<\/td>\n<td class=\"text-right\">55 g<\/td>\n<\/tr>\n<tr>\n<td>Valgud<\/td>\n<td class=\"text-right\">8,6 g<\/td>\n<\/tr>\n<tr>\n<td>Soola (%)<\/td>\n<td class=\"text-right\">0,12 g<\/td>\n<\/tr>\n<\/tbody>\n<\/table>","protected":false},"excerpt":{"rendered":"<p>Tootekirjeldus Kalevi martsipan on rikkaliku mandlisisaldusega. Klassikalist martsipani t\u00e4iendab s\u00e4rtsakas Limoncello, mis viib Sind maitser\u00e4nnakule otse Itaaliasse. Ideaalne kommikarp maitsenaudinguks iseendale v\u00f5i v\u00e4ikeseks, kuid v\u00e4\u00e4rikaks kingituseks kallile s\u00f5brale. Naudi t\u00f5elist martsipani! S\u00e4ilitada kuivas ja jahedas Koostisosad suhkur, mandel 19%, kakaomass, l\u00f5ssipulber (piim), gl\u00fckoosisiirup, kakaov\u00f5i, Limoncello sidrunilik\u00f6\u00f6r 3,5%, sidruni\u00f5li, emulgaator (letsitiin), stabilisaator (invertaas). S\u00e4ilitusaineteta. V\u00f5ib sisaldada [&hellip;]<\/p>","protected":false},"featured_media":140661,"comment_status":"open","ping_status":"closed","template":"","meta":{"_acf_changed":false},"product_brand":[],"product_cat":[77,78],"product_tag":[],"class_list":{"0":"post-140660","1":"product","2":"type-product","3":"status-publish","4":"has-post-thumbnail","6":"product_cat-maiustused","7":"product_cat-kommid","9":"first","10":"instock","11":"sale","12":"taxable","13":"shipping-taxable","14":"purchasable","15":"product-type-simple"},"supplier_id":null,"supplier_sku":"","barcode":null,"atum_controlled":true,"out_stock_date":null,"out_stock_threshold":null,"inheritable":false,"inbound_stock":0,"stock_on_hold":3,"sold_today":2,"sales_last_days":25,"reserved_stock":0,"customer_returns":0,"warehouse_damage":0,"lost_in_post":0,"other_logs":0,"out_stock_days":0,"lost_sales":0,"has_location":false,"update_date":"2026-02-12T13:42:11","atum_locations":[],"atum_stock_status":"instock","restock_status":false,"low_stock_amount":"","sales_update_date":"2026-02-12T13:42:01","calc_backorders":null,"acf":[],"_links":{"self":[{"href":"https:\/\/vbd.dev.sumena.ee\/en\/wp-json\/wp\/v2\/product\/140660","targetHints":{"allow":["GET"]}}],"collection":[{"href":"https:\/\/vbd.dev.sumena.ee\/en\/wp-json\/wp\/v2\/product"}],"about":[{"href":"https:\/\/vbd.dev.sumena.ee\/en\/wp-json\/wp\/v2\/types\/product"}],"replies":[{"embeddable":true,"href":"https:\/\/vbd.dev.sumena.ee\/en\/wp-json\/wp\/v2\/comments?post=140660"}],"wp:featuredmedia":[{"embeddable":true,"href":"https:\/\/vbd.dev.sumena.ee\/en\/wp-json\/wp\/v2\/media\/140661"}],"wp:attachment":[{"href":"https:\/\/vbd.dev.sumena.ee\/en\/wp-json\/wp\/v2\/media?parent=140660"}],"wp:term":[{"taxonomy":"product_brand","embeddable":true,"href":"https:\/\/vbd.dev.sumena.ee\/en\/wp-json\/wp\/v2\/product_brand?post=140660"},{"taxonomy":"product_cat","embeddable":true,"href":"https:\/\/vbd.dev.sumena.ee\/en\/wp-json\/wp\/v2\/product_cat?post=140660"},{"taxonomy":"product_tag","embeddable":true,"href":"https:\/\/vbd.dev.sumena.ee\/en\/wp-json\/wp\/v2\/product_tag?post=140660"}],"curies":[{"name":"wp","href":"https:\/\/api.w.org\/{rel}","templated":true}]}}