{"id":124109,"date":"2025-10-20T17:00:46","date_gmt":"2025-10-20T14:00:46","guid":{"rendered":"https:\/\/vbd.dev.sumena.ee\/?post_type=product&#038;p=124109"},"modified":"2026-02-11T19:53:24","modified_gmt":"2026-02-11T16:53:24","slug":"vahariie-smile-3tk","status":"publish","type":"product","link":"https:\/\/vbd.dev.sumena.ee\/en\/product-2\/vahariie-smile-3tk\/","title":{"rendered":"Vahariie, SMILE, 3tk"},"content":{"rendered":"<ul>\n<li>Vahariie toiduainete s\u00e4ilitamiseks, 3tk (17,5x20cm, 25&#215;28 cm, 30&#215;35 cm).<\/li>\n<li>Sobib toiduainete pakkimiseks, hoidmiseks ja s\u00e4ilitamiseks.<\/li>\n<li>Komplektis on kolm erim\u00f5\u00f5dulist puuvillast r\u00e4tikut, mis on t\u00f6\u00f6deldud mesilasvaha, kampoli ja jojoba\u00f5li seguga.<\/li>\n<li>Keskkonnas\u00f5bralik alternatiiv plastist toidukilele.<\/li>\n<li>Kasuta toidun\u00f5ude katmiseks, v\u00f5ileibade ja puuviljade pakkimiseks v\u00f5i k\u00fcpsetiste paremaks s\u00e4ilitamiseks.<\/li>\n<li>Kasutamine: soojenda k\u00e4te vahel ja vormi \u00fcmber toiduainete v\u00f5i aseta toidun\u00f5ule.<\/li>\n<li>Puhastamiseks pese leiges vees \u00f5rna vahendiga ja kasuta kuni aasta.<\/li>\n<li>Ei sobi toore liha ja kala ning happeliste toiduainetega koos kasutamiseks.<\/li>\n<li>Mitte pesta n\u00f5udepesumasinas ega kasutada mikrolaineahjus.<\/li>\n<li>P\u00e4rast kasutamise l\u00f5ppu l\u00f5ika t\u00fckkideks ja komposteeri v\u00f5i kasuta tules\u00fc\u00fctajana.<\/li>\n<\/ul>","protected":false},"excerpt":{"rendered":"<p>Hulgipakend: 12<\/p>","protected":false},"featured_media":124110,"comment_status":"open","ping_status":"closed","template":"","meta":{"_acf_changed":false},"product_brand":[],"product_cat":[88],"product_tag":[],"class_list":{"0":"post-124109","1":"product","2":"type-product","3":"status-publish","4":"has-post-thumbnail","6":"product_cat-tarbekaubad-tooted","8":"first","9":"instock","10":"sale","11":"taxable","12":"shipping-taxable","13":"purchasable","14":"product-type-simple"},"supplier_id":null,"supplier_sku":"","barcode":null,"atum_controlled":true,"out_stock_date":null,"out_stock_threshold":null,"inheritable":false,"inbound_stock":0,"stock_on_hold":3,"sold_today":0,"sales_last_days":41,"reserved_stock":0,"customer_returns":0,"warehouse_damage":0,"lost_in_post":0,"other_logs":0,"out_stock_days":0,"lost_sales":0,"has_location":false,"update_date":"2026-02-12T11:36:36","atum_locations":[],"atum_stock_status":"instock","restock_status":true,"low_stock_amount":"","sales_update_date":"2026-02-12T11:36:27","calc_backorders":null,"acf":[],"_links":{"self":[{"href":"https:\/\/vbd.dev.sumena.ee\/en\/wp-json\/wp\/v2\/product\/124109","targetHints":{"allow":["GET"]}}],"collection":[{"href":"https:\/\/vbd.dev.sumena.ee\/en\/wp-json\/wp\/v2\/product"}],"about":[{"href":"https:\/\/vbd.dev.sumena.ee\/en\/wp-json\/wp\/v2\/types\/product"}],"replies":[{"embeddable":true,"href":"https:\/\/vbd.dev.sumena.ee\/en\/wp-json\/wp\/v2\/comments?post=124109"}],"wp:featuredmedia":[{"embeddable":true,"href":"https:\/\/vbd.dev.sumena.ee\/en\/wp-json\/wp\/v2\/media\/124110"}],"wp:attachment":[{"href":"https:\/\/vbd.dev.sumena.ee\/en\/wp-json\/wp\/v2\/media?parent=124109"}],"wp:term":[{"taxonomy":"product_brand","embeddable":true,"href":"https:\/\/vbd.dev.sumena.ee\/en\/wp-json\/wp\/v2\/product_brand?post=124109"},{"taxonomy":"product_cat","embeddable":true,"href":"https:\/\/vbd.dev.sumena.ee\/en\/wp-json\/wp\/v2\/product_cat?post=124109"},{"taxonomy":"product_tag","embeddable":true,"href":"https:\/\/vbd.dev.sumena.ee\/en\/wp-json\/wp\/v2\/product_tag?post=124109"}],"curies":[{"name":"wp","href":"https:\/\/api.w.org\/{rel}","templated":true}]}}