{"id":122450,"date":"2025-03-14T09:59:38","date_gmt":"2025-03-14T06:59:38","guid":{"rendered":"https:\/\/vbd.dev.sumena.ee\/?post_type=product&#038;p=122450"},"modified":"2026-02-12T17:44:54","modified_gmt":"2026-02-12T14:44:54","slug":"knorr-kastmesegu-lasagne-43g","status":"publish","type":"product","link":"https:\/\/vbd.dev.sumena.ee\/en\/product-2\/knorr-kastmesegu-lasagne-43g\/","title":{"rendered":"Kastmesegu FIX Lasagne, KNORR, 43g"},"content":{"rendered":"<div class=\"ingredients\"><strong>Ingredients:<\/strong> Tomatip\u00fcree pulber*(38,4%), NISUJAHU, meresool, sibul*(10,2%), k\u00fc\u00fcslaugupulber1(3,1%), ekstra neitsioliiv\u00f5li, tomat1(2,6%), paprika, pune*(1,1%), t\u00fc\u00fcmian1(0,5%), kartulit\u00e4rklis, pipar (0,4%), rosmariin (0,3%), maisi\u00f5li, muskaatp\u00e4hkel, loorberilehed. V\u00f5ib sisaldada SELLERIT, MUNA, PIIMA, sinepit, muid GLUTEENI sisaldavaid helbeid ja SOJA.*J\u00e4tkusuutlikust p\u00f5llumajandusest. Sobib rangetele taimetoitlastele. Ei ole lisatud suhkruid. Sisaldab looduslikult esinevaid suhkruid.<\/div>\n<div class=\"toitumisinfo\">\n<p><strong>Nutritional value per 100g<\/strong><\/p>\n<div>Energia:1 318kJ\/315kcal<\/div>\n<div>Rasvad:4,1g<\/div>\n<div>sh k\u00fcllastunud rasvhapped:1,0g<\/div>\n<div>S\u00fcsivesikud:55,0g<\/div>\n<div>sh suhkrud:22,0g<\/div>\n<div>Valgud:10,0g<\/div>\n<div>Sool:11,7g<\/div>\n<\/div>","protected":false},"excerpt":{"rendered":"<p>Parim enne: 30.04.2025 Hulgipakend: 22<\/p>","protected":false},"featured_media":122451,"comment_status":"open","ping_status":"closed","template":"","meta":{"_acf_changed":false},"product_brand":[],"product_cat":[183],"product_tag":[],"class_list":{"0":"post-122450","1":"product","2":"type-product","3":"status-publish","4":"has-post-thumbnail","6":"product_cat-maitseained","8":"first","9":"instock","10":"sale","11":"taxable","12":"shipping-taxable","13":"purchasable","14":"product-type-simple"},"supplier_id":null,"supplier_sku":"","barcode":null,"atum_controlled":true,"out_stock_date":null,"out_stock_threshold":null,"inheritable":false,"inbound_stock":0,"stock_on_hold":50,"sold_today":4,"sales_last_days":254,"reserved_stock":0,"customer_returns":0,"warehouse_damage":0,"lost_in_post":0,"other_logs":0,"out_stock_days":0,"lost_sales":0,"has_location":false,"update_date":"2026-02-12T14:45:36","atum_locations":[],"atum_stock_status":"instock","restock_status":false,"low_stock_amount":"","sales_update_date":"2026-02-12T14:45:27","calc_backorders":null,"acf":[],"_links":{"self":[{"href":"https:\/\/vbd.dev.sumena.ee\/en\/wp-json\/wp\/v2\/product\/122450","targetHints":{"allow":["GET"]}}],"collection":[{"href":"https:\/\/vbd.dev.sumena.ee\/en\/wp-json\/wp\/v2\/product"}],"about":[{"href":"https:\/\/vbd.dev.sumena.ee\/en\/wp-json\/wp\/v2\/types\/product"}],"replies":[{"embeddable":true,"href":"https:\/\/vbd.dev.sumena.ee\/en\/wp-json\/wp\/v2\/comments?post=122450"}],"wp:featuredmedia":[{"embeddable":true,"href":"https:\/\/vbd.dev.sumena.ee\/en\/wp-json\/wp\/v2\/media\/122451"}],"wp:attachment":[{"href":"https:\/\/vbd.dev.sumena.ee\/en\/wp-json\/wp\/v2\/media?parent=122450"}],"wp:term":[{"taxonomy":"product_brand","embeddable":true,"href":"https:\/\/vbd.dev.sumena.ee\/en\/wp-json\/wp\/v2\/product_brand?post=122450"},{"taxonomy":"product_cat","embeddable":true,"href":"https:\/\/vbd.dev.sumena.ee\/en\/wp-json\/wp\/v2\/product_cat?post=122450"},{"taxonomy":"product_tag","embeddable":true,"href":"https:\/\/vbd.dev.sumena.ee\/en\/wp-json\/wp\/v2\/product_tag?post=122450"}],"curies":[{"name":"wp","href":"https:\/\/api.w.org\/{rel}","templated":true}]}}