{"id":106040,"date":"2025-11-19T22:00:46","date_gmt":"2025-11-19T19:00:46","guid":{"rendered":"https:\/\/vbd.dev.sumena.ee\/?post_type=product&#038;p=106040"},"modified":"2026-02-10T00:04:34","modified_gmt":"2026-02-09T21:04:34","slug":"uldpuhastusvahend-kookidele-naturals-cillit-bang-750-ml","status":"publish","type":"product","link":"https:\/\/vbd.dev.sumena.ee\/en\/product-2\/uldpuhastusvahend-kookidele-naturals-cillit-bang-750-ml\/","title":{"rendered":"\u00dcldpuhastusvahend k\u00f6\u00f6kidele Naturals, CILLIT BANG 750 ml"},"content":{"rendered":"<p>Cillit Bang Naturally Powerful k\u00f6\u00f6gi puhastusvahend, 750 ml<br \/>\nLOODUSLIKULT V\u00d5IMAS! 100% looduslikku p\u00e4ritolu toimeained. 100% RASVA EEMALDAMINE*. S\u00d6\u00d6GISOODAGA. Meie koostises ei ole midagi varjata. EFEKTIIVNE PIHUSTI: 100% TAASKASUTATAV JA SIISKI V\u00d5IMAS. LOODUSLIKKU P\u00c4RITOLU AKTIIVSED KOOSTISOSAD: naatriumkarbonaat ja pindaktiivsed ained eemaldavad efektiivselt rasvaplekid ja mustuse. V\u00c4RSKUSE TUGEVDAJAD: naturaalne v\u00e4rske l\u00f5hn eukal\u00fcpti ja m\u00e4nniokaste eeterliku \u00f5liga. STABILISAATOR: vesi &#8211; lahusti, orgaaniline amiin \u2013 pH kontrollimiseks; fenoks\u00fcpropanool \u2013 orgaaniline lahusti. Kogu Cillit Bangi asjatundlikkus on \u00fchendatud looduslikku p\u00e4ritolu kontsentreeritud toimeainetega t\u00f5husaks ja vastutustundlikuks puhastuseks. S\u00d6\u00d6GISOODA: KUULUS OMA IMELISTE PUHASTAVATE OMADUSTE POOLEST. EEMALDAB T\u00d5HUSALT RASVA, TUGEVAD PLEKID JA HALVA L\u00d5HNA K\u00d5IKIDELT PINDADELT, ET SAADA S\u00c4RAVPUHAS K\u00d6\u00d6K. Sobib ideaalselt: PLIIDIPLAADID JA PLIIDID, T\u00d6\u00d6PINNAD, MARMOR, GRANIIT, KERAAMIKA, TAMMEPUIT, K\u00dcLMIKUD, ROOSTEVABA TERAS, KERAAMILISED PLAADID, GRILLID, KODUMASINAD, \u00d5HUPUHASTID, PR\u00dcGIKASTID, KLAAS. Ei ole soovitatav: pleksiklaasid, vask, messing. *vastavalt rasva eemaldamise katsetulemustele&#8221;<\/p>\n<p>&nbsp;<\/p>\n<p>Hulgipakendis 12 tk.<\/p>","protected":false},"excerpt":{"rendered":"<p>Parim enne: 02.01.2026<\/p>","protected":false},"featured_media":106042,"comment_status":"open","ping_status":"closed","template":"","meta":{"_acf_changed":false},"product_brand":[],"product_cat":[185,88],"product_tag":[],"class_list":{"0":"post-106040","1":"product","2":"type-product","3":"status-publish","4":"has-post-thumbnail","6":"product_cat-puhastus-ja-koristusvahendid","7":"product_cat-tarbekaubad-tooted","9":"first","10":"instock","11":"sale","12":"taxable","13":"shipping-taxable","14":"purchasable","15":"product-type-simple"},"supplier_id":null,"supplier_sku":"","barcode":null,"atum_controlled":true,"out_stock_date":null,"out_stock_threshold":null,"inheritable":false,"inbound_stock":0,"stock_on_hold":0,"sold_today":0,"sales_last_days":38,"reserved_stock":0,"customer_returns":0,"warehouse_damage":0,"lost_in_post":0,"other_logs":0,"out_stock_days":0,"lost_sales":0,"has_location":true,"update_date":"2026-02-12T08:55:04","atum_locations":[{"id":129,"name":"P","slug":"v0-v1"}],"atum_stock_status":"instock","restock_status":false,"low_stock_amount":"","sales_update_date":"2026-02-12T08:54:55","calc_backorders":null,"acf":[],"_links":{"self":[{"href":"https:\/\/vbd.dev.sumena.ee\/en\/wp-json\/wp\/v2\/product\/106040","targetHints":{"allow":["GET"]}}],"collection":[{"href":"https:\/\/vbd.dev.sumena.ee\/en\/wp-json\/wp\/v2\/product"}],"about":[{"href":"https:\/\/vbd.dev.sumena.ee\/en\/wp-json\/wp\/v2\/types\/product"}],"replies":[{"embeddable":true,"href":"https:\/\/vbd.dev.sumena.ee\/en\/wp-json\/wp\/v2\/comments?post=106040"}],"wp:featuredmedia":[{"embeddable":true,"href":"https:\/\/vbd.dev.sumena.ee\/en\/wp-json\/wp\/v2\/media\/106042"}],"wp:attachment":[{"href":"https:\/\/vbd.dev.sumena.ee\/en\/wp-json\/wp\/v2\/media?parent=106040"}],"wp:term":[{"taxonomy":"product_brand","embeddable":true,"href":"https:\/\/vbd.dev.sumena.ee\/en\/wp-json\/wp\/v2\/product_brand?post=106040"},{"taxonomy":"product_cat","embeddable":true,"href":"https:\/\/vbd.dev.sumena.ee\/en\/wp-json\/wp\/v2\/product_cat?post=106040"},{"taxonomy":"product_tag","embeddable":true,"href":"https:\/\/vbd.dev.sumena.ee\/en\/wp-json\/wp\/v2\/product_tag?post=106040"}],"curies":[{"name":"wp","href":"https:\/\/api.w.org\/{rel}","templated":true}]}}