{"id":62796,"date":"2024-01-02T13:09:33","date_gmt":"2024-01-02T11:09:33","guid":{"rendered":"https:\/\/test.dev.sumena.ee\/?page_id=62796"},"modified":"2025-07-21T19:39:32","modified_gmt":"2025-07-21T16:39:32","slug":"lojaalsus-ja-kliendiprogramm","status":"publish","type":"page","link":"https:\/\/vbd.dev.sumena.ee\/en\/lojaalsus-ja-kliendiprogramm\/","title":{"rendered":"Loyalty program"},"content":{"rendered":"<p>With every purchase, you can earn 1% cash back with bonus points that can be used for a discount on subsequent orders. Bonus points are earned by logged in users.<\/p>\n<p>If you have any questions, contact klienditugi@sumena.ee.<\/p>","protected":false},"excerpt":{"rendered":"<p>Iga ostuga on v\u00f5imalik teenida 1% raha tagasi boonuspunktidega, mida saab j\u00e4rgnevatel tellimustel kasutada soodustuse saamiseks. Boonuspunkte teenivad sisse logitud kasutajad. K\u00fcsimustega p\u00f6\u00f6rduge klienditugi@sumena.ee poole.<\/p>","protected":false},"author":5,"featured_media":0,"parent":0,"menu_order":0,"comment_status":"closed","ping_status":"closed","template":"templates\/article.php","meta":{"_acf_changed":false,"footnotes":""},"class_list":["post-62796","page","type-page","status-publish","hentry"],"acf":[],"_links":{"self":[{"href":"https:\/\/vbd.dev.sumena.ee\/en\/wp-json\/wp\/v2\/pages\/62796","targetHints":{"allow":["GET"]}}],"collection":[{"href":"https:\/\/vbd.dev.sumena.ee\/en\/wp-json\/wp\/v2\/pages"}],"about":[{"href":"https:\/\/vbd.dev.sumena.ee\/en\/wp-json\/wp\/v2\/types\/page"}],"author":[{"embeddable":true,"href":"https:\/\/vbd.dev.sumena.ee\/en\/wp-json\/wp\/v2\/users\/5"}],"replies":[{"embeddable":true,"href":"https:\/\/vbd.dev.sumena.ee\/en\/wp-json\/wp\/v2\/comments?post=62796"}],"version-history":[{"count":1,"href":"https:\/\/vbd.dev.sumena.ee\/en\/wp-json\/wp\/v2\/pages\/62796\/revisions"}],"predecessor-version":[{"id":290230,"href":"https:\/\/vbd.dev.sumena.ee\/en\/wp-json\/wp\/v2\/pages\/62796\/revisions\/290230"}],"wp:attachment":[{"href":"https:\/\/vbd.dev.sumena.ee\/en\/wp-json\/wp\/v2\/media?parent=62796"}],"curies":[{"name":"wp","href":"https:\/\/api.w.org\/{rel}","templated":true}]}}